{"id":535,"date":"2024-07-26T01:10:24","date_gmt":"2024-07-26T01:10:24","guid":{"rendered":"https:\/\/abogadajulia.com\/?page_id=535"},"modified":"2026-01-13T21:01:14","modified_gmt":"2026-01-13T21:01:14","slug":"visa-t","status":"publish","type":"page","link":"https:\/\/abogadajulia.com\/pt\/servicios\/visa-t\/","title":{"rendered":"Visto T"},"content":{"rendered":"<div class=\"wp-block-group alignwide has-base-background-color has-background has-global-padding is-layout-constrained wp-container-core-group-is-layout-b3e45b7c wp-block-group-is-layout-constrained\" style=\"margin-top:0;margin-bottom:0;padding-top:var(--wp--preset--spacing--50);padding-right:var(--wp--preset--spacing--50);padding-bottom:var(--wp--preset--spacing--30);padding-left:var(--wp--preset--spacing--50)\">\n<div class=\"wp-block-columns alignwide is-layout-flex wp-container-core-columns-is-layout-2c8f09fd wp-block-columns-is-layout-flex\">\n<div class=\"wp-block-column is-vertically-aligned-top is-layout-flow wp-block-column-is-layout-flow\" style=\"flex-basis:55%\">\n<div class=\"wp-block-group is-vertical is-content-justification-left is-layout-flex wp-container-core-group-is-layout-994fc1a2 wp-block-group-is-layout-flex\" style=\"min-height:100%\">\n<div class=\"wp-block-group has-global-padding is-layout-constrained wp-container-core-group-is-layout-c2c74634 wp-block-group-is-layout-constrained\" style=\"border-top-style:none;border-top-width:0px;border-right-style:none;border-right-width:0px;border-bottom-style:none;border-bottom-width:0px;border-left-color:var(--wp--preset--color--custom-aj-logo-red);border-left-width:4px;padding-top:8px;padding-right:var(--wp--preset--spacing--10);padding-bottom:8px;padding-left:var(--wp--preset--spacing--10)\">\n<h1 class=\"wp-block-heading has-custom-aj-logo-blue-color has-text-color has-link-color has-medium-font-size wp-elements-cb19a7659c95cdd2313dfe79e7197f63\">Nossos Servi\u00e7os<\/h1>\n<\/div>\n\n\n\n<h2 class=\"wp-block-heading has-x-large-font-size\">Visto T<\/h2>\n\n\n\n<p class=\"wp-container-content-0733e5d0\">Na <strong>Advogada Julia | GF Immigration Law<\/strong>, somos especialistas em casos de <strong>Visto T<\/strong> e ajudamos mais de 8.000 pessoas a obter prote\u00e7\u00e3o legal nos EUA. Se voc\u00ea sofreu explora\u00e7\u00e3o, seja por um patr\u00e3o ou aqueles que ajudaram voc\u00ea a cruzar a fronteira e at\u00e9 se voc\u00ea foi v\u00edtima de viol\u00eancia dom\u00e9stica, pode se enquadrar nos crit\u00e9rios para obter o Visto T.&nbsp;<\/p>\n\n\n\n<p>Com as mudan\u00e7as recentes no<strong>&nbsp;Visto T<\/strong>&nbsp;a partir de 28 de agosto de 2024, agora \u00e9 poss\u00edvel obter uma&nbsp;<strong>autoriza\u00e7\u00e3o de trabalho<\/strong>&nbsp;de boa f\u00e9 enquanto o seu caso est\u00e1 pendente. Minha equipe e eu estamos aqui para gui\u00e1-lo em cada passo do processo e lutar pelos seus direitos.<\/p>\n\n\n\n<div class=\"wp-block-buttons has-custom-font-size has-small-font-size is-vertical is-content-justification-left is-nowrap is-layout-flex wp-container-core-buttons-is-layout-df5595a0 wp-block-buttons-is-layout-flex\" style=\"margin-top:var(--wp--preset--spacing--20);margin-bottom:var(--wp--preset--spacing--20)\">\n<div class=\"wp-block-button\"><a class=\"wp-block-button__link has-custom-aj-logo-red-background-color has-background wp-element-button\" href=\"tel:+18779260808\">Ligue para gente para revisar o seu caso GRATUITAMENTE<\/a><\/div>\n<\/div>\n<\/div>\n<\/div>\n\n\n\n<div class=\"wp-block-column is-vertically-aligned-center is-layout-flow wp-block-column-is-layout-flow\" style=\"flex-basis:45%\">\n<div class=\"wp-block-group has-global-padding is-content-justification-left is-layout-constrained wp-container-core-group-is-layout-c4d06299 wp-block-group-is-layout-constrained\">\n<\/div>\n\n\n\n<div class=\"wp-block-group has-global-padding is-content-justification-left is-layout-constrained wp-container-core-group-is-layout-c4d06299 wp-block-group-is-layout-constrained\">\n<\/div>\n\n\n\n<div class=\"wp-block-group has-global-padding is-content-justification-left is-layout-constrained wp-container-core-group-is-layout-c4d06299 wp-block-group-is-layout-constrained\"><\/p>\n\n\n\n<figure class=\"wp-block-embed is-type-video is-provider-youtube wp-block-embed-youtube wp-embed-aspect-16-9 wp-has-aspect-ratio\"><div class=\"wp-block-embed__wrapper\">\n<iframe loading=\"lazy\" title=\"VISTO T\" width=\"500\" height=\"281\" src=\"https:\/\/www.youtube.com\/embed\/KFX2yujen_U?feature=oembed\" frameborder=\"0\" allow=\"accelerometer; autoplay; clipboard-write; encrypted-media; gyroscope; picture-in-picture; web-share\" referrerpolicy=\"strict-origin-when-cross-origin\" allowfullscreen><\/iframe>\n<\/div><\/figure>\n\n\n<p>\n<\/div>\n<\/div>\n<\/div>\n<\/div>\n\n\n\n<div class=\"wp-block-group alignwide has-base-background-color has-background is-layout-flow wp-block-group-is-layout-flow\" style=\"margin-top:0;margin-bottom:0;padding-top:var(--wp--preset--spacing--30);padding-right:var(--wp--preset--spacing--50);padding-bottom:var(--wp--preset--spacing--50);padding-left:var(--wp--preset--spacing--50)\">\n<div class=\"wp-block-group has-global-padding is-layout-constrained wp-container-core-group-is-layout-530ec779 wp-block-group-is-layout-constrained\">\n<h3 class=\"wp-block-heading has-custom-aj-logo-red-color has-text-color has-link-color wp-elements-5335b86d9d0117ed8713df73dc22b821\">O que \u00e9 o Visto T?<\/h3>\n\n\n\n<p>Infelizmente, a explora\u00e7\u00e3o humana ainda \u00e9 muito comum. Muitas pessoas n\u00e3o percebem a gravidade da explora\u00e7\u00e3o ou que foram v\u00edtimas de maus-tratos, pois os exploradores tentam \"normalizar\" a situa\u00e7\u00e3o, impedindo que as v\u00edtimas percebam que t\u00eam direitos.<\/p>\n\n\n\n<p>Nossa miss\u00e3o \u00e9 ajudar os clientes a contar suas hist\u00f3rias e solicitar o Visto T. N\u00e3o \u00e9 necess\u00e1rio estar atualmente em uma situa\u00e7\u00e3o de explora\u00e7\u00e3o para ser eleg\u00edvel. Ajudamos tanto pessoas que foram v\u00edtimas de explora\u00e7\u00e3o quanto casos de emerg\u00eancia atuais.&nbsp;<\/p>\n\n\n\n<p>O Visto T \u00e9 um visto de n\u00e3o-imigrante que fornece al\u00edvio migrat\u00f3rio para v\u00edtimas de explora\u00e7\u00e3o e seus familiares imediatos, permitindo que legalizem seu status, permane\u00e7am e trabalhem temporariamente nos Estados Unidos. Tamb\u00e9m pode abrir caminho para obter resid\u00eancia permanente (Green Card).<\/p>\n\n\n\n<div style=\"color:#ddd\" class=\"wp-block-genesis-blocks-gb-spacer gb-block-spacer gb-divider-solid gb-divider-size-1\"><hr style=\"height:30px\"\/><\/div>\n\n\n\n<h4 class=\"wp-block-heading has-custom-aj-logo-red-color has-text-color has-link-color wp-elements-43243598e51aec9c8d976a8cd89b7a42\">Indicadores de explora\u00e7\u00e3o:<\/h4>\n\n\n\n<p>Esta N\u00c3O \u00e9 uma lista exaustiva, estes s\u00e3o apenas alguns dos fatores que indicam explora\u00e7\u00e3o:<\/p>\n\n\n\n<ul class=\"wp-block-list\">\n<li>N\u00e3o ser pago corretamente (n\u00e3o ser pago ou mal pago), ter as horas cortadas ou n\u00e3o ser pago pelas horas extras por n\u00e3o ter documentos.<\/li>\n\n\n\n<li>Viver com o seu patr\u00e3o.<\/li>\n\n\n\n<li>O seu patr\u00e3o disse que voc\u00ea tem uma \u201cd\u00edvida\u201d com ele e que precisa pag\u00e1-la com seu trabalho.<\/li>\n\n\n\n<li>M\u00e1s condi\u00e7\u00f5es de vida\/trabalho.<\/li>\n\n\n\n<li>Seu patr\u00e3o amea\u00e7ou chamar a pol\u00edcia ou imigra\u00e7\u00e3o se voc\u00ea fosse embora ou se apresentasse uma reclama\u00e7\u00e3o.<\/li>\n\n\n\n<li>Seu patr\u00e3o obrigou voc\u00ea a continuar trabalhando e prometeu que pagaria depois, mas n\u00e3o o fez.<\/li>\n\n\n\n<li>Viver com muitas pessoas apertadas em um mesmo espa\u00e7o.<\/li>\n\n\n\n<li>Voc\u00ea fez um acordo com uma pessoa para atravessar a fronteira, com planos de ser levado para os Estados Unidos, mas, ao chegar ao pa\u00eds, foi for\u00e7ado a permanecer em uma casa. Foi obrigado a fazer trabalhos dom\u00e9sticos, como limpar, lavar roupa ou cozinhar para outras pessoas.<\/li>\n\n\n\n<li>Disseram que voc\u00ea devia muito mais dinheiro do que havia sido acordado previamente e que, para pagar a d\u00edvida, precisava trabalhar para eles.<\/li>\n\n\n\n<li>Durante a viagem, uma vez nos EUA, aqueles que ajudaram voc\u00ea a cruzar for\u00e7aram voc\u00ea a carregar bolsas, malas ou vigiar as outras pessoas.<\/li>\n\n\n\n<li>Recebeu aten\u00e7\u00e3o indesejada de quem o ajudou a cruzar, teve o acesso limitado a comida e \u00e1gua, e teve que \u201cse virar\u201d.<\/li>\n\n\n\n<li>Voc\u00ea foi impossibilitado de falar com outra pessoa a s\u00f3s.<\/li>\n\n\n\n<li>Sofreu maus-tratos f\u00edsicos.<\/li>\n\n\n\n<li>Sentir-se como um servo com um parceiro atual ou em um relacionamento anterior.<\/li>\n\n\n\n<li>Ter sofrido viol\u00eancia dom\u00e9stica.<\/li>\n\n\n\n<li>Seu patr\u00e3o ou companheiro tirou seus documentos de identidade.<\/li>\n\n\n\n<li>Sentir-se submisso ou com medo.<\/li>\n\n\n\n<li>Sentir-se explorado, for\u00e7ado ou coagido.<\/li>\n\n\n\n<li>Sentir-se for\u00e7ado a manter rela\u00e7\u00f5es sexuais ou a se prostituir.<\/li>\n<\/ul>\n\n\n\n<p>Estes s\u00e3o apenas alguns dos exemplos e sinais de alerta. Se voc\u00ea acredita que algum dos pontos acima pode se aplicar \u00e0 sua situa\u00e7\u00e3o, podemos ajud\u00e1-lo a avaliar seu caso.<\/p>\n\n\n\n<p>Entendemos que algumas situa\u00e7\u00f5es s\u00e3o muito pessoais e dif\u00edceis, por isso garantimos que tudo o que voc\u00ea compartilhar conosco \u00e9 totalmente confidencial. Nossa equipe legal \u00e9 composta por advogados e profissionais especializados neste tipo de caso.<\/p>\n\n\n\n<div style=\"color:#ddd\" class=\"wp-block-genesis-blocks-gb-spacer gb-block-spacer gb-divider-solid gb-divider-size-1\"><hr style=\"height:30px\"\/><\/div>\n\n\n\n<h4 class=\"wp-block-heading has-custom-aj-logo-red-color has-text-color has-link-color wp-elements-a22ccb815b49f76905c997ef88386f92\">Benef\u00edcios do Visto T*<\/h4>\n\n\n\n<p><\/p>\n\n\n\n<ul class=\"wp-block-list\">\n<li class=\"translation-block\">Receber uma permiss\u00e3o de trabalho tempor\u00e1ria enquanto seu caso est\u00e1 em curso. Isso \u00e9 poss\u00edvel atrav\u00e9s do processo de Determina\u00e7\u00e3o de Boa F\u00e9<\/li>\n\n\n\n<li>Receber sua permiss\u00e3o de trabalho final uma vez que o Visto T seja aprovado*<\/li>\n\n\n\n<li>Ap\u00f3s 1 a 3 anos, voc\u00ea pode solicitar a resid\u00eancia (um \"Green Card\")<\/li>\n\n\n\n<li>Mesmo que voc\u00ea tenha entrado nos EUA \"ilegalmente\", pode obter sua resid\u00eancia<\/li>\n\n\n\n<li>Se voc\u00ea foi deportado no passado, ainda pode qualificar para obter sua resid\u00eancia<\/li>\n\n\n\n<li>Mesmo que tenha entrado v\u00e1rias vezes, \u00e9 poss\u00edvel que atenda aos requisitos para obter a resid\u00eancia depois que o visto T for aprovado<\/li>\n\n\n\n<li>Voc\u00ea pode qualificar para solicitar a resid\u00eancia, mesmo que tenha condena\u00e7\u00f5es criminais<\/li>\n\n\n\n<li>Existe a possibilidade de obter uma permiss\u00e3o de viagem (Advance Parole) uma vez que seu visto T seja aprovado, o que permitir\u00e1 sair e retornar aos EUA legalmente<\/li>\n\n\n\n<li>\u00c9 poss\u00edvel que voc\u00ea consiga obter o status de n\u00e3o-imigrante para os membros da sua fam\u00edlia, como dependentes do visto T<\/li>\n<\/ul>\n\n\n\n<p>Al\u00e9m disso, existem outros benef\u00edcios p\u00fablicos que voc\u00ea pode receber:<\/p>\n\n\n\n<ul class=\"wp-block-list\">\n<li>Ajuda para moradia<\/li>\n\n\n\n<li>Assist\u00eancia alimentar<\/li>\n\n\n\n<li>Acesso \u00e0 pol\u00edticas de transfer\u00eancia de renda<\/li>\n\n\n\n<li>Assist\u00eancia para o emprego<\/li>\n\n\n\n<li>Aulas de ingl\u00eas<\/li>\n\n\n\n<li>Assist\u00eancia m\u00e9dica<\/li>\n\n\n\n<li>Servi\u00e7os de sa\u00fade mental<\/li>\n\n\n\n<li>Cuidados tutelares<\/li>\n<\/ul>\n\n\n\n<p>Normalmente, los casos de visa T pueden ser dif\u00edciles de ganar, pero en <strong>Advogada Julia | GF Immigration Law<\/strong>, estamos consagrados a los resultados y nos comprometemos a luchar por todos nuestros clientes asegur\u00e1ndonos de que sus voces sean escuchadas y sus derechos sean protegidos.<\/p>\n\n\n\n<p class=\"has-small-font-size\"><em>*Em 29 de abril de 2024, o USCIS anunciou uma regra final que modifica as regulamenta\u00e7\u00f5es sobre as solicita\u00e7\u00f5es para o status de n\u00e3o-imigrante T. Esta regra entrar\u00e1 em vigor em 28 de agosto de 2024. Esta lista j\u00e1 inclui essas mudan\u00e7as.<\/em><\/p>\n<\/div>\n<\/div>\n\n\n\n<div class=\"wp-block-group alignfull has-global-padding is-layout-constrained wp-container-core-group-is-layout-d89aad35 wp-block-group-is-layout-constrained\" style=\"margin-top:0;margin-bottom:0;padding-top:var(--wp--preset--spacing--50);padding-right:var(--wp--preset--spacing--50);padding-bottom:var(--wp--preset--spacing--50);padding-left:var(--wp--preset--spacing--50)\">\n<div class=\"wp-block-columns alignwide is-layout-flex wp-container-core-columns-is-layout-2c8f09fd wp-block-columns-is-layout-flex\">\n<div class=\"wp-block-column is-vertically-aligned-top is-layout-flow wp-block-column-is-layout-flow\" style=\"flex-basis:75%\">\n<figure class=\"wp-block-image size-full is-style-rounded is-style-rounded--1\"><img loading=\"lazy\" decoding=\"async\" width=\"1280\" height=\"1920\" src=\"https:\/\/abogadajulia.com\/wp-content\/uploads\/2024\/09\/Servicesfooter.avif\" alt=\"\" class=\"wp-image-1624\" style=\"aspect-ratio:4\/3;object-fit:cover\" srcset=\"https:\/\/abogadajulia.com\/wp-content\/uploads\/2024\/09\/Servicesfooter.avif 1280w, https:\/\/abogadajulia.com\/wp-content\/uploads\/2024\/09\/Servicesfooter-200x300.avif 200w, https:\/\/abogadajulia.com\/wp-content\/uploads\/2024\/09\/Servicesfooter-683x1024.avif 683w, https:\/\/abogadajulia.com\/wp-content\/uploads\/2024\/09\/Servicesfooter-768x1152.avif 768w, https:\/\/abogadajulia.com\/wp-content\/uploads\/2024\/09\/Servicesfooter-1024x1536.avif 1024w, https:\/\/abogadajulia.com\/wp-content\/uploads\/2024\/09\/Servicesfooter-8x12.avif 8w\" sizes=\"auto, (max-width: 1280px) 100vw, 1280px\" \/><\/figure>\n<\/div>\n\n\n\n<div class=\"wp-block-column is-vertically-aligned-center is-layout-flow wp-block-column-is-layout-flow\" style=\"flex-basis:60%\">\n<h2 class=\"wp-block-heading has-text-align-left has-custom-aj-logo-black-color has-text-color has-link-color has-large-font-size wp-elements-25f699f61672a56e31a3d165b5092dd3\"><strong>Pronto para dar o primeiro passo para um futuro melhor nos Estados Unidos?<\/strong><\/h2>\n\n\n\n<p class=\"has-text-align-left has-custom-aj-logo-black-color has-text-color has-link-color wp-elements-f385c7cb4c4b10a21d4e61adc6c3b700\">Ll\u00e1menos hoy para una revisi\u00f3n GRATIS. En <strong>Abogada Julia &#8211; GF Immigration Law,<\/strong> su futuro empieza con una llamada.<\/p>\n\n\n\n<div class=\"wp-block-buttons is-content-justification-left is-layout-flex wp-container-core-buttons-is-layout-fc4fd283 wp-block-buttons-is-layout-flex\">\n<div class=\"wp-block-button\"><a class=\"wp-block-button__link has-custom-aj-logo-red-background-color has-background has-medium-font-size has-custom-font-size wp-element-button\" href=\"tel:+18779260808\">LIGUE PARA N\u00d3S<\/a><\/div>\n<\/div>\n<\/div>\n<\/div>\n<\/div>","protected":false},"excerpt":{"rendered":"<p>Nuestros Servicios Visa T En Abogada Julia &#8211; GF Immigration Law, somos expertos en casos de Visa T y hemos ayudado a m\u00e1s de 8,000 personas a obtener protecci\u00f3n legal en los EE.UU. Si ha sufrido explotaci\u00f3n ya sea por un patr\u00f3n, o por quienes lo ayudaron a cruzar, o violencia dom\u00e9stica, podr\u00eda calificar para [&hellip;]<\/p>\n","protected":false},"author":1,"featured_media":0,"parent":46,"menu_order":0,"comment_status":"closed","ping_status":"closed","template":"","meta":{"footnotes":""},"class_list":["post-535","page","type-page","status-publish","hentry"],"yoast_head":"<!-- This site is optimized with the Yoast SEO plugin v27.0 - https:\/\/yoast.com\/product\/yoast-seo-wordpress\/ -->\n<title>Visa T - Abogada de Inmigraci\u00f3n - Experta en Visa T - Abogada Julia<\/title>\n<meta name=\"robots\" content=\"index, follow, max-snippet:-1, max-image-preview:large, max-video-preview:-1\" \/>\n<link rel=\"canonical\" href=\"https:\/\/abogadajulia.com\/pt\/servicios\/visa-t\/\" \/>\n<meta property=\"og:locale\" content=\"pt_PT\" \/>\n<meta property=\"og:type\" content=\"article\" \/>\n<meta property=\"og:title\" content=\"Visa T - Abogada de Inmigraci\u00f3n - Experta en Visa T - Abogada Julia\" \/>\n<meta property=\"og:description\" content=\"Nuestros Servicios Visa T En Abogada Julia &#8211; GF Immigration Law, somos expertos en casos de Visa T y hemos ayudado a m\u00e1s de 8,000 personas a obtener protecci\u00f3n legal en los EE.UU. Si ha sufrido explotaci\u00f3n ya sea por un patr\u00f3n, o por quienes lo ayudaron a cruzar, o violencia dom\u00e9stica, podr\u00eda calificar para [&hellip;]\" \/>\n<meta property=\"og:url\" content=\"https:\/\/abogadajulia.com\/pt\/servicios\/visa-t\/\" \/>\n<meta property=\"og:site_name\" content=\"Abogada de Inmigraci\u00f3n - Experta en Visa T - Abogada Julia\" \/>\n<meta property=\"article:publisher\" content=\"https:\/\/www.facebook.com\/abogadadeinmigracionjulia\/\" \/>\n<meta property=\"article:modified_time\" content=\"2026-01-13T21:01:14+00:00\" \/>\n<meta name=\"twitter:card\" content=\"summary_large_image\" \/>\n<meta name=\"twitter:label1\" content=\"Tempo estimado de leitura\" \/>\n\t<meta name=\"twitter:data1\" content=\"5 minutos\" \/>\n<script type=\"application\/ld+json\" class=\"yoast-schema-graph\">{\"@context\":\"https:\/\/schema.org\",\"@graph\":[{\"@type\":\"WebPage\",\"@id\":\"https:\/\/abogadajulia.com\/servicios\/visa-t\/\",\"url\":\"https:\/\/abogadajulia.com\/servicios\/visa-t\/\",\"name\":\"Visa T - Abogada de Inmigraci\u00f3n - Experta en Visa T - Abogada Julia\",\"isPartOf\":{\"@id\":\"https:\/\/abogadajulia.com\/#website\"},\"primaryImageOfPage\":{\"@id\":\"https:\/\/abogadajulia.com\/servicios\/visa-t\/#primaryimage\"},\"image\":{\"@id\":\"https:\/\/abogadajulia.com\/servicios\/visa-t\/#primaryimage\"},\"thumbnailUrl\":\"https:\/\/abogadajulia.com\/wp-content\/uploads\/2024\/10\/Website_images_Servicios_tvisa-1024x576.avif\",\"datePublished\":\"2024-07-26T01:10:24+00:00\",\"dateModified\":\"2026-01-13T21:01:14+00:00\",\"breadcrumb\":{\"@id\":\"https:\/\/abogadajulia.com\/servicios\/visa-t\/#breadcrumb\"},\"inLanguage\":\"pt-PT\",\"potentialAction\":[{\"@type\":\"ReadAction\",\"target\":[\"https:\/\/abogadajulia.com\/servicios\/visa-t\/\"]}]},{\"@type\":\"ImageObject\",\"inLanguage\":\"pt-PT\",\"@id\":\"https:\/\/abogadajulia.com\/servicios\/visa-t\/#primaryimage\",\"url\":\"https:\/\/abogadajulia.com\/wp-content\/uploads\/2024\/10\/Website_images_Servicios_tvisa-1024x576.avif\",\"contentUrl\":\"https:\/\/abogadajulia.com\/wp-content\/uploads\/2024\/10\/Website_images_Servicios_tvisa-1024x576.avif\"},{\"@type\":\"BreadcrumbList\",\"@id\":\"https:\/\/abogadajulia.com\/servicios\/visa-t\/#breadcrumb\",\"itemListElement\":[{\"@type\":\"ListItem\",\"position\":1,\"name\":\"Home\",\"item\":\"https:\/\/abogadajulia.com\/\"},{\"@type\":\"ListItem\",\"position\":2,\"name\":\"Servicios de la Abogada Julia\",\"item\":\"https:\/\/abogadajulia.com\/servicios\/\"},{\"@type\":\"ListItem\",\"position\":3,\"name\":\"Visa T\"}]},{\"@type\":\"WebSite\",\"@id\":\"https:\/\/abogadajulia.com\/#website\",\"url\":\"https:\/\/abogadajulia.com\/\",\"name\":\"Abogada de Inmigraci\u00f3n - Experta en Visa T - Abogada Julia\",\"description\":\"Abogada de Inmigraci\u00f3n - Experta en Visa T\",\"publisher\":{\"@id\":\"https:\/\/abogadajulia.com\/#organization\"},\"potentialAction\":[{\"@type\":\"SearchAction\",\"target\":{\"@type\":\"EntryPoint\",\"urlTemplate\":\"https:\/\/abogadajulia.com\/?s={search_term_string}\"},\"query-input\":{\"@type\":\"PropertyValueSpecification\",\"valueRequired\":true,\"valueName\":\"search_term_string\"}}],\"inLanguage\":\"pt-PT\"},{\"@type\":\"Organization\",\"@id\":\"https:\/\/abogadajulia.com\/#organization\",\"name\":\"Abogada de Inmigraci\u00f3n - Experta en Visa T - Abogada Julia\",\"url\":\"https:\/\/abogadajulia.com\/\",\"logo\":{\"@type\":\"ImageObject\",\"inLanguage\":\"pt-PT\",\"@id\":\"https:\/\/abogadajulia.com\/#\/schema\/logo\/image\/\",\"url\":\"https:\/\/abogadajulia.com\/wp-content\/uploads\/2025\/09\/AJ-GFI_Color_Logo-scaled.png\",\"contentUrl\":\"https:\/\/abogadajulia.com\/wp-content\/uploads\/2025\/09\/AJ-GFI_Color_Logo-scaled.png\",\"width\":2560,\"height\":510,\"caption\":\"Abogada de Inmigraci\u00f3n - Experta en Visa T - Abogada Julia\"},\"image\":{\"@id\":\"https:\/\/abogadajulia.com\/#\/schema\/logo\/image\/\"},\"sameAs\":[\"https:\/\/www.facebook.com\/abogadadeinmigracionjulia\/\",\"https:\/\/www.instagram.com\/abogadadeinmigracionjulia\/\",\"https:\/\/www.tiktok.com\/@abogadajulia\",\"https:\/\/www.youtube.com\/channel\/UCgnxaArpnMIRx_2yhI2EYFA\"]}]}<\/script>\n<!-- \/ Yoast SEO plugin. -->","yoast_head_json":{"title":"Visa T - Abogada de Inmigraci\u00f3n - Experta en Visa T - Abogada Julia","robots":{"index":"index","follow":"follow","max-snippet":"max-snippet:-1","max-image-preview":"max-image-preview:large","max-video-preview":"max-video-preview:-1"},"canonical":"https:\/\/abogadajulia.com\/pt\/servicios\/visa-t\/","og_locale":"pt_PT","og_type":"article","og_title":"Visa T - Abogada de Inmigraci\u00f3n - Experta en Visa T - Abogada Julia","og_description":"Nuestros Servicios Visa T En Abogada Julia &#8211; GF Immigration Law, somos expertos en casos de Visa T y hemos ayudado a m\u00e1s de 8,000 personas a obtener protecci\u00f3n legal en los EE.UU. Si ha sufrido explotaci\u00f3n ya sea por un patr\u00f3n, o por quienes lo ayudaron a cruzar, o violencia dom\u00e9stica, podr\u00eda calificar para [&hellip;]","og_url":"https:\/\/abogadajulia.com\/pt\/servicios\/visa-t\/","og_site_name":"Abogada de Inmigraci\u00f3n - Experta en Visa T - Abogada Julia","article_publisher":"https:\/\/www.facebook.com\/abogadadeinmigracionjulia\/","article_modified_time":"2026-01-13T21:01:14+00:00","twitter_card":"summary_large_image","twitter_misc":{"Tempo estimado de leitura":"5 minutos"},"schema":{"@context":"https:\/\/schema.org","@graph":[{"@type":"WebPage","@id":"https:\/\/abogadajulia.com\/servicios\/visa-t\/","url":"https:\/\/abogadajulia.com\/servicios\/visa-t\/","name":"Visa T - Abogada de Inmigraci\u00f3n - Experta en Visa T - Abogada Julia","isPartOf":{"@id":"https:\/\/abogadajulia.com\/#website"},"primaryImageOfPage":{"@id":"https:\/\/abogadajulia.com\/servicios\/visa-t\/#primaryimage"},"image":{"@id":"https:\/\/abogadajulia.com\/servicios\/visa-t\/#primaryimage"},"thumbnailUrl":"https:\/\/abogadajulia.com\/wp-content\/uploads\/2024\/10\/Website_images_Servicios_tvisa-1024x576.avif","datePublished":"2024-07-26T01:10:24+00:00","dateModified":"2026-01-13T21:01:14+00:00","breadcrumb":{"@id":"https:\/\/abogadajulia.com\/servicios\/visa-t\/#breadcrumb"},"inLanguage":"pt-PT","potentialAction":[{"@type":"ReadAction","target":["https:\/\/abogadajulia.com\/servicios\/visa-t\/"]}]},{"@type":"ImageObject","inLanguage":"pt-PT","@id":"https:\/\/abogadajulia.com\/servicios\/visa-t\/#primaryimage","url":"https:\/\/abogadajulia.com\/wp-content\/uploads\/2024\/10\/Website_images_Servicios_tvisa-1024x576.avif","contentUrl":"https:\/\/abogadajulia.com\/wp-content\/uploads\/2024\/10\/Website_images_Servicios_tvisa-1024x576.avif"},{"@type":"BreadcrumbList","@id":"https:\/\/abogadajulia.com\/servicios\/visa-t\/#breadcrumb","itemListElement":[{"@type":"ListItem","position":1,"name":"Home","item":"https:\/\/abogadajulia.com\/"},{"@type":"ListItem","position":2,"name":"Servicios de la Abogada Julia","item":"https:\/\/abogadajulia.com\/servicios\/"},{"@type":"ListItem","position":3,"name":"Visa T"}]},{"@type":"WebSite","@id":"https:\/\/abogadajulia.com\/#website","url":"https:\/\/abogadajulia.com\/","name":"Abogada de Inmigraci\u00f3n - Experta en Visa T - Abogada Julia","description":"Abogada de Inmigraci\u00f3n - Experta en Visa T","publisher":{"@id":"https:\/\/abogadajulia.com\/#organization"},"potentialAction":[{"@type":"SearchAction","target":{"@type":"EntryPoint","urlTemplate":"https:\/\/abogadajulia.com\/?s={search_term_string}"},"query-input":{"@type":"PropertyValueSpecification","valueRequired":true,"valueName":"search_term_string"}}],"inLanguage":"pt-PT"},{"@type":"Organization","@id":"https:\/\/abogadajulia.com\/#organization","name":"Abogada de Inmigraci\u00f3n - Experta en Visa T - Abogada Julia","url":"https:\/\/abogadajulia.com\/","logo":{"@type":"ImageObject","inLanguage":"pt-PT","@id":"https:\/\/abogadajulia.com\/#\/schema\/logo\/image\/","url":"https:\/\/abogadajulia.com\/wp-content\/uploads\/2025\/09\/AJ-GFI_Color_Logo-scaled.png","contentUrl":"https:\/\/abogadajulia.com\/wp-content\/uploads\/2025\/09\/AJ-GFI_Color_Logo-scaled.png","width":2560,"height":510,"caption":"Abogada de Inmigraci\u00f3n - Experta en Visa T - Abogada Julia"},"image":{"@id":"https:\/\/abogadajulia.com\/#\/schema\/logo\/image\/"},"sameAs":["https:\/\/www.facebook.com\/abogadadeinmigracionjulia\/","https:\/\/www.instagram.com\/abogadadeinmigracionjulia\/","https:\/\/www.tiktok.com\/@abogadajulia","https:\/\/www.youtube.com\/channel\/UCgnxaArpnMIRx_2yhI2EYFA"]}]}},"featured_image_src":null,"featured_image_src_square":null,"_links":{"self":[{"href":"https:\/\/abogadajulia.com\/pt\/wp-json\/wp\/v2\/pages\/535","targetHints":{"allow":["GET"]}}],"collection":[{"href":"https:\/\/abogadajulia.com\/pt\/wp-json\/wp\/v2\/pages"}],"about":[{"href":"https:\/\/abogadajulia.com\/pt\/wp-json\/wp\/v2\/types\/page"}],"author":[{"embeddable":true,"href":"https:\/\/abogadajulia.com\/pt\/wp-json\/wp\/v2\/users\/1"}],"replies":[{"embeddable":true,"href":"https:\/\/abogadajulia.com\/pt\/wp-json\/wp\/v2\/comments?post=535"}],"version-history":[{"count":77,"href":"https:\/\/abogadajulia.com\/pt\/wp-json\/wp\/v2\/pages\/535\/revisions"}],"predecessor-version":[{"id":3098,"href":"https:\/\/abogadajulia.com\/pt\/wp-json\/wp\/v2\/pages\/535\/revisions\/3098"}],"up":[{"embeddable":true,"href":"https:\/\/abogadajulia.com\/pt\/wp-json\/wp\/v2\/pages\/46"}],"wp:attachment":[{"href":"https:\/\/abogadajulia.com\/pt\/wp-json\/wp\/v2\/media?parent=535"}],"curies":[{"name":"wp","href":"https:\/\/api.w.org\/{rel}","templated":true}]}}