{"id":1150,"date":"2024-08-23T15:00:30","date_gmt":"2024-08-23T15:00:30","guid":{"rendered":"https:\/\/abogadajulia.com\/?page_id=1150"},"modified":"2026-01-13T21:03:55","modified_gmt":"2026-01-13T21:03:55","slug":"vawa","status":"publish","type":"page","link":"https:\/\/abogadajulia.com\/pt\/servicios\/vawa\/","title":{"rendered":"VAWA"},"content":{"rendered":"<div class=\"wp-block-group alignwide has-base-background-color has-background has-global-padding is-layout-constrained wp-container-core-group-is-layout-06621e2f wp-block-group-is-layout-constrained\" style=\"margin-top:0;margin-bottom:0;padding-top:var(--wp--preset--spacing--50);padding-right:var(--wp--preset--spacing--50);padding-bottom:var(--wp--preset--spacing--30);padding-left:var(--wp--preset--spacing--50)\">\n<div class=\"wp-block-columns alignwide is-layout-flex wp-container-core-columns-is-layout-2c8f09fd wp-block-columns-is-layout-flex\">\n<div class=\"wp-block-column is-vertically-aligned-top is-layout-flow wp-block-column-is-layout-flow\" style=\"flex-basis:65%\">\n<div class=\"wp-block-group is-vertical is-content-justification-left is-layout-flex wp-container-core-group-is-layout-994fc1a2 wp-block-group-is-layout-flex\" style=\"min-height:100%\">\n<div class=\"wp-block-group has-global-padding is-layout-constrained wp-container-core-group-is-layout-c2c74634 wp-block-group-is-layout-constrained\" style=\"border-top-style:none;border-top-width:0px;border-right-style:none;border-right-width:0px;border-bottom-style:none;border-bottom-width:0px;border-left-color:var(--wp--preset--color--custom-aj-logo-red);border-left-width:4px;padding-top:8px;padding-right:var(--wp--preset--spacing--10);padding-bottom:8px;padding-left:var(--wp--preset--spacing--10)\">\n<h1 class=\"wp-block-heading has-custom-aj-logo-blue-color has-text-color has-link-color has-medium-font-size wp-elements-cb19a7659c95cdd2313dfe79e7197f63\">Nossos Servi\u00e7os<\/h1>\n<\/div>\n\n\n\n<h2 class=\"wp-block-heading has-x-large-font-size\">VAWA<\/h2>\n\n\n\n<p>Na&nbsp;<strong>Advogada Julia | GF Immigration Law<\/strong>, abrimos oportunidades para um futuro melhor. Se voc\u00ea sofreu viol\u00eancia dom\u00e9stica ou abuso por parte de seu parceiro cidad\u00e3o americano ou residente permanente, ou por seus filhos maiores de 21 anos, voc\u00ea pode se qualificar para a&nbsp;<strong>VAWA<\/strong>.&nbsp;<\/p>\n\n\n\n<p>Con&nbsp;<strong>VAWA<\/strong>, es posible obtener un&nbsp;<strong>autoriza\u00e7\u00e3o de trabalho<\/strong>&nbsp;mientras su caso est\u00e1 pendiente. Estamos comprometidos a ayudarle en cada paso del camino, luchando por sus derechos y para alcanzar la seguridad y estabilidad que merece.<\/p>\n\n\n\n<div class=\"wp-block-buttons is-vertical is-nowrap is-layout-flex wp-container-core-buttons-is-layout-4d991a19 wp-block-buttons-is-layout-flex\" style=\"margin-top:var(--wp--preset--spacing--20);margin-bottom:var(--wp--preset--spacing--20)\">\n<div class=\"wp-block-button\"><a class=\"wp-block-button__link has-custom-aj-logo-red-background-color has-background wp-element-button\" href=\"tel:+18779260808\">Ligue para gente para revisar o seu caso GRATUITAMENTE<\/a><\/div>\n<\/div>\n<\/div>\n<\/div>\n\n\n\n<div class=\"wp-block-column is-vertically-aligned-center is-layout-flow wp-block-column-is-layout-flow\" style=\"flex-basis:45%\">\n<div class=\"wp-block-group has-global-padding is-content-justification-left is-layout-constrained wp-container-core-group-is-layout-c4d06299 wp-block-group-is-layout-constrained\">\n<\/div>\n\n\n\n<div class=\"wp-block-group has-global-padding is-content-justification-left is-layout-constrained wp-container-core-group-is-layout-c4d06299 wp-block-group-is-layout-constrained\">\n<\/div>\n\n\n\n<div class=\"wp-block-group has-global-padding is-content-justification-left is-layout-constrained wp-container-core-group-is-layout-c4d06299 wp-block-group-is-layout-constrained\"><\/p>\n\n\n\n<figure class=\"wp-block-embed is-type-video is-provider-youtube wp-block-embed-youtube wp-embed-aspect-16-9 wp-has-aspect-ratio\"><div class=\"wp-block-embed__wrapper\">\n<iframe loading=\"lazy\" title=\"VAWA\" width=\"500\" height=\"281\" src=\"https:\/\/www.youtube.com\/embed\/LHQw_QLS710?feature=oembed\" frameborder=\"0\" allow=\"accelerometer; autoplay; clipboard-write; encrypted-media; gyroscope; picture-in-picture; web-share\" referrerpolicy=\"strict-origin-when-cross-origin\" allowfullscreen><\/iframe>\n<\/div><\/figure>\n\n\n<p>\n<\/div>\n<\/div>\n<\/div>\n<\/div>\n\n\n\n<div class=\"wp-block-group alignwide has-base-background-color has-background is-layout-flow wp-block-group-is-layout-flow\" style=\"margin-top:0;margin-bottom:0;padding-top:var(--wp--preset--spacing--30);padding-right:var(--wp--preset--spacing--50);padding-bottom:var(--wp--preset--spacing--50);padding-left:var(--wp--preset--spacing--50)\">\n<div class=\"wp-block-group has-global-padding is-layout-constrained wp-container-core-group-is-layout-530ec779 wp-block-group-is-layout-constrained\">\n<h3 class=\"wp-block-heading has-custom-aj-logo-red-color has-text-color has-link-color wp-elements-51af074586b73aa496bf5fdced248f22\"><strong>O que \u00e9 a VAWA e como posso saber se me enquadro nos crit\u00e9rios deste procedimento?<\/strong><\/h3>\n\n\n\n<p>A VAWA \u00e9 uma auto-peti\u00e7\u00e3o que oferece prote\u00e7\u00e3o contra a imigra\u00e7\u00e3o, confidencialidade e a oportunidade de regularizar seu status migrat\u00f3rio de forma independente para aqueles que sofreram problemas familiares, como controle, abuso ou amea\u00e7as. N\u00e3o s\u00e3o necess\u00e1rias provas f\u00edsicas, como relat\u00f3rios policiais, para qualificar.<\/p>\n\n\n\n<div style=\"color:#ddd\" class=\"wp-block-genesis-blocks-gb-spacer gb-block-spacer gb-divider-solid gb-divider-size-1\"><hr style=\"height:30px\"\/><\/div>\n\n\n\n<h4 class=\"wp-block-heading has-custom-aj-logo-red-color has-text-color has-link-color wp-elements-75d226c8bf81256995528ddc39414726\"><strong>Quem \u00e9 eleg\u00edvel?<\/strong><\/h4>\n\n\n\n<ul class=\"wp-block-list\">\n<li>Pessoas casadas com cidad\u00e3os americanos ou residentes legais.<\/li>\n\n\n\n<li>Pessoas divorciadas de um cidad\u00e3o americano ou residente legal h\u00e1 n\u00e3o mais de 2 anos.<\/li>\n\n\n\n<li>Pessoas vi\u00favas\/os de um cidad\u00e3o americano que faleceu h\u00e1 n\u00e3o mais de 2 anos.<\/li>\n\n\n\n<li>Pais de filhos cidad\u00e3os americanos maiores de 21 anos.<\/li>\n\n\n\n<li>Filhos menores de 21 anos de um cidad\u00e3o americano.<\/li>\n<\/ul>\n\n\n\n<p>Tanto homens quanto mulheres podem se qualificar. A peti\u00e7\u00e3o \u00e9 confidencial e n\u00e3o envolve nenhum familiar. N\u00e3o \u00e9 necess\u00e1rio se divorciar de seu parceiro(a) com documentos legais para se qualificar, e tamb\u00e9m n\u00e3o \u00e9 necess\u00e1rio ter um boletim de ocorr\u00eancia, pois sua declara\u00e7\u00e3o sobre o ocorrido \u00e9 a prova mais importante.<\/p>\n\n\n\n<p>Existem situa\u00e7\u00f5es que ocorrem dentro de casa que, para a fam\u00edlia, podem parecer normais, no entanto, a lei pode consider\u00e1-las como \"problemas\" que podem se qualificar para um caso VAWA. Muitas pessoas n\u00e3o percebem que algumas situa\u00e7\u00f5es familiares podem se qualificar para esse tipo de caso. Os problemas familiares podem incluir, por exemplo, controle financeiro e pessoal, desrespeito, amea\u00e7as, intimida\u00e7\u00e3o, controle sexual, gritos, insultos, ci\u00fames excessivos e abuso f\u00edsico.&nbsp;<\/p>\n\n\n\n<p>Problemas familiares com filhos tamb\u00e9m podem se manifestar como desrespeito, rebeldia, uso de subst\u00e2ncias como \u00e1lcool ou drogas, manipula\u00e7\u00e3o, zombarias por n\u00e3o falar ingl\u00eas, falta de educa\u00e7\u00e3o ou de conhecimentos gerais. Esse abuso pode se estender para ser for\u00e7ado a fazer coisas indesejadas, sentir-se amea\u00e7ado ou intimidado.<\/p>\n\n\n\n<p>Alguns exemplos de situa\u00e7\u00f5es que podem se qualificar:<\/p>\n\n\n\n<ul class=\"wp-block-list\">\n<li>N\u00e3o ter acesso ao seu pr\u00f3prio dinheiro.<\/li>\n\n\n\n<li>O parceiro que verifica constantemente sua localiza\u00e7\u00e3o.<\/li>\n\n\n\n<li>O parceiro que compartilha e controla suas redes sociais.<\/li>\n\n\n\n<li>Reten\u00e7\u00e3o do passaporte ou amea\u00e7as relacionadas \u00e0 imigra\u00e7\u00e3o.<\/li>\n\n\n\n<li>Controle sexual na rela\u00e7\u00e3o \u00edntima.<\/li>\n\n\n\n<li>Gritos, insultos ou ci\u00fames excessivos, com o parceiro verificando suas redes sociais ou isolando-o de amigos e familiares.<\/li>\n\n\n\n<li>Filhos rebeldes.<\/li>\n<\/ul>\n\n\n\n<p>No entanto, cada din\u00e2mica familiar \u00e9 diferente, e estes s\u00e3o apenas alguns exemplos. Existem muitas outras situa\u00e7\u00f5es e din\u00e2micas familiares que podem se qualificar para esta modalidade.<\/p>\n\n\n\n<p>A apresenta\u00e7\u00e3o de uma peti\u00e7\u00e3o VAWA permite ajustar seu status de forma independente. Isso n\u00e3o redefine suas rela\u00e7\u00f5es (por exemplo, voc\u00ea n\u00e3o precisa se divorciar) e n\u00e3o exige que tenha sofrido viol\u00eancia f\u00edsica ou possua um boletim de ocorr\u00eancia.&nbsp;<\/p>\n\n\n\n<p>Alguns casos de VAWA podem ser apresentados junto com um pedido de resid\u00eancia ou como um caso VAWA independente, que pode oferecer prote\u00e7\u00e3o e uma autoriza\u00e7\u00e3o de trabalho. Estes s\u00e3o apenas alguns exemplos e sinais de alerta. Se voc\u00ea acha que algum dos pontos acima pode se aplicar \u00e0 sua situa\u00e7\u00e3o, podemos ajud\u00e1-lo a avaliar o seu caso.<\/p>\n\n\n\n<div style=\"color:#ddd\" class=\"wp-block-genesis-blocks-gb-spacer gb-block-spacer gb-divider-solid gb-divider-size-1\"><hr style=\"height:30px\"\/><\/div>\n\n\n\n<h4 class=\"wp-block-heading has-custom-aj-logo-red-color has-text-color has-link-color wp-elements-657f392db077330572f0c03d96cd73a1\">Homens podem se qualificar para um caso de VAWA?<\/h4>\n\n\n\n<p>Sim, os homens tamb\u00e9m podem se qualificar para um caso de VAWA, pois o abuso n\u00e3o distingue g\u00eanero. Se voc\u00ea \u00e9 homem e viveu uma situa\u00e7\u00e3o em que se sentiu, por exemplo, controlado, amea\u00e7ado ou maltratado por seu parceiro(a), cidad\u00e3o americano ou residente legal, ou por seus filhos maiores de 21 anos, cidad\u00e3os americanos, pode ser eleg\u00edvel para um caso de VAWA.&nbsp;<\/p>\n<\/div>\n<\/div>\n\n\n\n<div class=\"wp-block-group alignfull has-global-padding is-layout-constrained wp-container-core-group-is-layout-d89aad35 wp-block-group-is-layout-constrained\" style=\"margin-top:0;margin-bottom:0;padding-top:var(--wp--preset--spacing--50);padding-right:var(--wp--preset--spacing--50);padding-bottom:var(--wp--preset--spacing--50);padding-left:var(--wp--preset--spacing--50)\">\n<div class=\"wp-block-columns alignwide is-layout-flex wp-container-core-columns-is-layout-2c8f09fd wp-block-columns-is-layout-flex\">\n<div class=\"wp-block-column is-vertically-aligned-top is-layout-flow wp-block-column-is-layout-flow\" style=\"flex-basis:75%\">\n<figure class=\"wp-block-image size-full is-style-rounded is-style-rounded--1\"><img loading=\"lazy\" decoding=\"async\" width=\"1280\" height=\"1920\" src=\"https:\/\/abogadajulia.com\/wp-content\/uploads\/2024\/09\/Servicesfooter.avif\" alt=\"\" class=\"wp-image-1624\" style=\"aspect-ratio:4\/3;object-fit:cover\" srcset=\"https:\/\/abogadajulia.com\/wp-content\/uploads\/2024\/09\/Servicesfooter.avif 1280w, https:\/\/abogadajulia.com\/wp-content\/uploads\/2024\/09\/Servicesfooter-200x300.avif 200w, https:\/\/abogadajulia.com\/wp-content\/uploads\/2024\/09\/Servicesfooter-683x1024.avif 683w, https:\/\/abogadajulia.com\/wp-content\/uploads\/2024\/09\/Servicesfooter-768x1152.avif 768w, https:\/\/abogadajulia.com\/wp-content\/uploads\/2024\/09\/Servicesfooter-1024x1536.avif 1024w, https:\/\/abogadajulia.com\/wp-content\/uploads\/2024\/09\/Servicesfooter-8x12.avif 8w\" sizes=\"auto, (max-width: 1280px) 100vw, 1280px\" \/><\/figure>\n<\/div>\n\n\n\n<div class=\"wp-block-column is-vertically-aligned-center is-layout-flow wp-block-column-is-layout-flow\" style=\"flex-basis:60%\">\n<h2 class=\"wp-block-heading has-text-align-left has-custom-aj-logo-black-color has-text-color has-link-color has-large-font-size wp-elements-25f699f61672a56e31a3d165b5092dd3\"><strong>Pronto para dar o primeiro passo para um futuro melhor nos Estados Unidos?<\/strong><\/h2>\n\n\n\n<p class=\"has-text-align-left has-custom-aj-logo-black-color has-text-color has-link-color wp-elements-25bef0046d4050805f823b64dbeac466\">Ll\u00e1menos hoy para una revisi\u00f3n GRATIS. En <strong>Advogada Julia | GF Immigration Law<\/strong>, su futuro empieza con una llamada.<\/p>\n\n\n\n<div class=\"wp-block-buttons is-content-justification-left is-layout-flex wp-container-core-buttons-is-layout-fc4fd283 wp-block-buttons-is-layout-flex\">\n<div class=\"wp-block-button\"><a class=\"wp-block-button__link has-custom-aj-logo-red-background-color has-background has-medium-font-size has-custom-font-size wp-element-button\" href=\"tel:+18779260808\">LIGUE PARA N\u00d3S<\/a><\/div>\n<\/div>\n<\/div>\n<\/div>\n<\/div>","protected":false},"excerpt":{"rendered":"<p>Nuestros Servicios VAWA En&nbsp;Abogada Julia &#8211; GF Immigration Law, abrimos oportunidades para un futuro mejor. Si ha sufrido violencia dom\u00e9stica o abuso por parte de su pareja ciudadano estadounidense o residente permanente, o por sus hijos mayores de 21 a\u00f1os,&nbsp; podr\u00eda calificar para&nbsp;VAWA.&nbsp; Con&nbsp;VAWA, es posible obtener un&nbsp;permiso de trabajo&nbsp;mientras su caso est\u00e1 pendiente. Estamos [&hellip;]<\/p>\n","protected":false},"author":1,"featured_media":0,"parent":46,"menu_order":0,"comment_status":"closed","ping_status":"closed","template":"","meta":{"footnotes":""},"class_list":["post-1150","page","type-page","status-publish","hentry"],"yoast_head":"<!-- This site is optimized with the Yoast SEO plugin v27.0 - https:\/\/yoast.com\/product\/yoast-seo-wordpress\/ -->\n<title>VAWA - Abogada de Inmigraci\u00f3n - Experta en Visa T - Abogada Julia<\/title>\n<meta name=\"robots\" content=\"index, follow, max-snippet:-1, max-image-preview:large, max-video-preview:-1\" \/>\n<link rel=\"canonical\" href=\"https:\/\/abogadajulia.com\/pt\/servicios\/vawa\/\" \/>\n<meta property=\"og:locale\" content=\"pt_PT\" \/>\n<meta property=\"og:type\" content=\"article\" \/>\n<meta property=\"og:title\" content=\"VAWA - Abogada de Inmigraci\u00f3n - Experta en Visa T - Abogada Julia\" \/>\n<meta property=\"og:description\" content=\"Nuestros Servicios VAWA En&nbsp;Abogada Julia &#8211; GF Immigration Law, abrimos oportunidades para un futuro mejor. Si ha sufrido violencia dom\u00e9stica o abuso por parte de su pareja ciudadano estadounidense o residente permanente, o por sus hijos mayores de 21 a\u00f1os,&nbsp; podr\u00eda calificar para&nbsp;VAWA.&nbsp; Con&nbsp;VAWA, es posible obtener un&nbsp;permiso de trabajo&nbsp;mientras su caso est\u00e1 pendiente. Estamos [&hellip;]\" \/>\n<meta property=\"og:url\" content=\"https:\/\/abogadajulia.com\/pt\/servicios\/vawa\/\" \/>\n<meta property=\"og:site_name\" content=\"Abogada de Inmigraci\u00f3n - Experta en Visa T - Abogada Julia\" \/>\n<meta property=\"article:publisher\" content=\"https:\/\/www.facebook.com\/abogadadeinmigracionjulia\/\" \/>\n<meta property=\"article:modified_time\" content=\"2026-01-13T21:03:55+00:00\" \/>\n<meta name=\"twitter:card\" content=\"summary_large_image\" \/>\n<meta name=\"twitter:label1\" content=\"Tempo estimado de leitura\" \/>\n\t<meta name=\"twitter:data1\" content=\"4 minutos\" \/>\n<script type=\"application\/ld+json\" class=\"yoast-schema-graph\">{\"@context\":\"https:\/\/schema.org\",\"@graph\":[{\"@type\":\"WebPage\",\"@id\":\"https:\/\/abogadajulia.com\/servicios\/vawa\/\",\"url\":\"https:\/\/abogadajulia.com\/servicios\/vawa\/\",\"name\":\"VAWA - Abogada de Inmigraci\u00f3n - Experta en Visa T - Abogada Julia\",\"isPartOf\":{\"@id\":\"https:\/\/abogadajulia.com\/#website\"},\"primaryImageOfPage\":{\"@id\":\"https:\/\/abogadajulia.com\/servicios\/vawa\/#primaryimage\"},\"image\":{\"@id\":\"https:\/\/abogadajulia.com\/servicios\/vawa\/#primaryimage\"},\"thumbnailUrl\":\"https:\/\/abogadajulia.com\/wp-content\/uploads\/2024\/10\/VAWA_AJ_Logo_website-1024x576.avif\",\"datePublished\":\"2024-08-23T15:00:30+00:00\",\"dateModified\":\"2026-01-13T21:03:55+00:00\",\"breadcrumb\":{\"@id\":\"https:\/\/abogadajulia.com\/servicios\/vawa\/#breadcrumb\"},\"inLanguage\":\"pt-PT\",\"potentialAction\":[{\"@type\":\"ReadAction\",\"target\":[\"https:\/\/abogadajulia.com\/servicios\/vawa\/\"]}]},{\"@type\":\"ImageObject\",\"inLanguage\":\"pt-PT\",\"@id\":\"https:\/\/abogadajulia.com\/servicios\/vawa\/#primaryimage\",\"url\":\"https:\/\/abogadajulia.com\/wp-content\/uploads\/2024\/10\/VAWA_AJ_Logo_website-1024x576.avif\",\"contentUrl\":\"https:\/\/abogadajulia.com\/wp-content\/uploads\/2024\/10\/VAWA_AJ_Logo_website-1024x576.avif\"},{\"@type\":\"BreadcrumbList\",\"@id\":\"https:\/\/abogadajulia.com\/servicios\/vawa\/#breadcrumb\",\"itemListElement\":[{\"@type\":\"ListItem\",\"position\":1,\"name\":\"Home\",\"item\":\"https:\/\/abogadajulia.com\/\"},{\"@type\":\"ListItem\",\"position\":2,\"name\":\"Servicios de la Abogada Julia\",\"item\":\"https:\/\/abogadajulia.com\/servicios\/\"},{\"@type\":\"ListItem\",\"position\":3,\"name\":\"VAWA\"}]},{\"@type\":\"WebSite\",\"@id\":\"https:\/\/abogadajulia.com\/#website\",\"url\":\"https:\/\/abogadajulia.com\/\",\"name\":\"Abogada de Inmigraci\u00f3n - Experta en Visa T - Abogada Julia\",\"description\":\"Abogada de Inmigraci\u00f3n - Experta en Visa T\",\"publisher\":{\"@id\":\"https:\/\/abogadajulia.com\/#organization\"},\"potentialAction\":[{\"@type\":\"SearchAction\",\"target\":{\"@type\":\"EntryPoint\",\"urlTemplate\":\"https:\/\/abogadajulia.com\/?s={search_term_string}\"},\"query-input\":{\"@type\":\"PropertyValueSpecification\",\"valueRequired\":true,\"valueName\":\"search_term_string\"}}],\"inLanguage\":\"pt-PT\"},{\"@type\":\"Organization\",\"@id\":\"https:\/\/abogadajulia.com\/#organization\",\"name\":\"Abogada de Inmigraci\u00f3n - Experta en Visa T - Abogada Julia\",\"url\":\"https:\/\/abogadajulia.com\/\",\"logo\":{\"@type\":\"ImageObject\",\"inLanguage\":\"pt-PT\",\"@id\":\"https:\/\/abogadajulia.com\/#\/schema\/logo\/image\/\",\"url\":\"https:\/\/abogadajulia.com\/wp-content\/uploads\/2025\/09\/AJ-GFI_Color_Logo-scaled.png\",\"contentUrl\":\"https:\/\/abogadajulia.com\/wp-content\/uploads\/2025\/09\/AJ-GFI_Color_Logo-scaled.png\",\"width\":2560,\"height\":510,\"caption\":\"Abogada de Inmigraci\u00f3n - Experta en Visa T - Abogada Julia\"},\"image\":{\"@id\":\"https:\/\/abogadajulia.com\/#\/schema\/logo\/image\/\"},\"sameAs\":[\"https:\/\/www.facebook.com\/abogadadeinmigracionjulia\/\",\"https:\/\/www.instagram.com\/abogadadeinmigracionjulia\/\",\"https:\/\/www.tiktok.com\/@abogadajulia\",\"https:\/\/www.youtube.com\/channel\/UCgnxaArpnMIRx_2yhI2EYFA\"]}]}<\/script>\n<!-- \/ Yoast SEO plugin. -->","yoast_head_json":{"title":"VAWA - Abogada de Inmigraci\u00f3n - Experta en Visa T - Abogada Julia","robots":{"index":"index","follow":"follow","max-snippet":"max-snippet:-1","max-image-preview":"max-image-preview:large","max-video-preview":"max-video-preview:-1"},"canonical":"https:\/\/abogadajulia.com\/pt\/servicios\/vawa\/","og_locale":"pt_PT","og_type":"article","og_title":"VAWA - Abogada de Inmigraci\u00f3n - Experta en Visa T - Abogada Julia","og_description":"Nuestros Servicios VAWA En&nbsp;Abogada Julia &#8211; GF Immigration Law, abrimos oportunidades para un futuro mejor. Si ha sufrido violencia dom\u00e9stica o abuso por parte de su pareja ciudadano estadounidense o residente permanente, o por sus hijos mayores de 21 a\u00f1os,&nbsp; podr\u00eda calificar para&nbsp;VAWA.&nbsp; Con&nbsp;VAWA, es posible obtener un&nbsp;permiso de trabajo&nbsp;mientras su caso est\u00e1 pendiente. Estamos [&hellip;]","og_url":"https:\/\/abogadajulia.com\/pt\/servicios\/vawa\/","og_site_name":"Abogada de Inmigraci\u00f3n - Experta en Visa T - Abogada Julia","article_publisher":"https:\/\/www.facebook.com\/abogadadeinmigracionjulia\/","article_modified_time":"2026-01-13T21:03:55+00:00","twitter_card":"summary_large_image","twitter_misc":{"Tempo estimado de leitura":"4 minutos"},"schema":{"@context":"https:\/\/schema.org","@graph":[{"@type":"WebPage","@id":"https:\/\/abogadajulia.com\/servicios\/vawa\/","url":"https:\/\/abogadajulia.com\/servicios\/vawa\/","name":"VAWA - Abogada de Inmigraci\u00f3n - Experta en Visa T - Abogada Julia","isPartOf":{"@id":"https:\/\/abogadajulia.com\/#website"},"primaryImageOfPage":{"@id":"https:\/\/abogadajulia.com\/servicios\/vawa\/#primaryimage"},"image":{"@id":"https:\/\/abogadajulia.com\/servicios\/vawa\/#primaryimage"},"thumbnailUrl":"https:\/\/abogadajulia.com\/wp-content\/uploads\/2024\/10\/VAWA_AJ_Logo_website-1024x576.avif","datePublished":"2024-08-23T15:00:30+00:00","dateModified":"2026-01-13T21:03:55+00:00","breadcrumb":{"@id":"https:\/\/abogadajulia.com\/servicios\/vawa\/#breadcrumb"},"inLanguage":"pt-PT","potentialAction":[{"@type":"ReadAction","target":["https:\/\/abogadajulia.com\/servicios\/vawa\/"]}]},{"@type":"ImageObject","inLanguage":"pt-PT","@id":"https:\/\/abogadajulia.com\/servicios\/vawa\/#primaryimage","url":"https:\/\/abogadajulia.com\/wp-content\/uploads\/2024\/10\/VAWA_AJ_Logo_website-1024x576.avif","contentUrl":"https:\/\/abogadajulia.com\/wp-content\/uploads\/2024\/10\/VAWA_AJ_Logo_website-1024x576.avif"},{"@type":"BreadcrumbList","@id":"https:\/\/abogadajulia.com\/servicios\/vawa\/#breadcrumb","itemListElement":[{"@type":"ListItem","position":1,"name":"Home","item":"https:\/\/abogadajulia.com\/"},{"@type":"ListItem","position":2,"name":"Servicios de la Abogada Julia","item":"https:\/\/abogadajulia.com\/servicios\/"},{"@type":"ListItem","position":3,"name":"VAWA"}]},{"@type":"WebSite","@id":"https:\/\/abogadajulia.com\/#website","url":"https:\/\/abogadajulia.com\/","name":"Abogada de Inmigraci\u00f3n - Experta en Visa T - Abogada Julia","description":"Abogada de Inmigraci\u00f3n - Experta en Visa T","publisher":{"@id":"https:\/\/abogadajulia.com\/#organization"},"potentialAction":[{"@type":"SearchAction","target":{"@type":"EntryPoint","urlTemplate":"https:\/\/abogadajulia.com\/?s={search_term_string}"},"query-input":{"@type":"PropertyValueSpecification","valueRequired":true,"valueName":"search_term_string"}}],"inLanguage":"pt-PT"},{"@type":"Organization","@id":"https:\/\/abogadajulia.com\/#organization","name":"Abogada de Inmigraci\u00f3n - Experta en Visa T - Abogada Julia","url":"https:\/\/abogadajulia.com\/","logo":{"@type":"ImageObject","inLanguage":"pt-PT","@id":"https:\/\/abogadajulia.com\/#\/schema\/logo\/image\/","url":"https:\/\/abogadajulia.com\/wp-content\/uploads\/2025\/09\/AJ-GFI_Color_Logo-scaled.png","contentUrl":"https:\/\/abogadajulia.com\/wp-content\/uploads\/2025\/09\/AJ-GFI_Color_Logo-scaled.png","width":2560,"height":510,"caption":"Abogada de Inmigraci\u00f3n - Experta en Visa T - Abogada Julia"},"image":{"@id":"https:\/\/abogadajulia.com\/#\/schema\/logo\/image\/"},"sameAs":["https:\/\/www.facebook.com\/abogadadeinmigracionjulia\/","https:\/\/www.instagram.com\/abogadadeinmigracionjulia\/","https:\/\/www.tiktok.com\/@abogadajulia","https:\/\/www.youtube.com\/channel\/UCgnxaArpnMIRx_2yhI2EYFA"]}]}},"featured_image_src":null,"featured_image_src_square":null,"_links":{"self":[{"href":"https:\/\/abogadajulia.com\/pt\/wp-json\/wp\/v2\/pages\/1150","targetHints":{"allow":["GET"]}}],"collection":[{"href":"https:\/\/abogadajulia.com\/pt\/wp-json\/wp\/v2\/pages"}],"about":[{"href":"https:\/\/abogadajulia.com\/pt\/wp-json\/wp\/v2\/types\/page"}],"author":[{"embeddable":true,"href":"https:\/\/abogadajulia.com\/pt\/wp-json\/wp\/v2\/users\/1"}],"replies":[{"embeddable":true,"href":"https:\/\/abogadajulia.com\/pt\/wp-json\/wp\/v2\/comments?post=1150"}],"version-history":[{"count":28,"href":"https:\/\/abogadajulia.com\/pt\/wp-json\/wp\/v2\/pages\/1150\/revisions"}],"predecessor-version":[{"id":3099,"href":"https:\/\/abogadajulia.com\/pt\/wp-json\/wp\/v2\/pages\/1150\/revisions\/3099"}],"up":[{"embeddable":true,"href":"https:\/\/abogadajulia.com\/pt\/wp-json\/wp\/v2\/pages\/46"}],"wp:attachment":[{"href":"https:\/\/abogadajulia.com\/pt\/wp-json\/wp\/v2\/media?parent=1150"}],"curies":[{"name":"wp","href":"https:\/\/api.w.org\/{rel}","templated":true}]}}