{"id":535,"date":"2024-07-26T01:10:24","date_gmt":"2024-07-26T01:10:24","guid":{"rendered":"https:\/\/abogadajulia.com\/?page_id=535"},"modified":"2026-01-13T21:01:14","modified_gmt":"2026-01-13T21:01:14","slug":"visa-t","status":"publish","type":"page","link":"https:\/\/abogadajulia.com\/es\/servicios\/visa-t\/","title":{"rendered":"Visa T"},"content":{"rendered":"\n<div class=\"wp-block-group alignwide has-base-background-color has-background has-global-padding is-layout-constrained wp-container-core-group-is-layout-b3e45b7c wp-block-group-is-layout-constrained\" style=\"margin-top:0;margin-bottom:0;padding-top:var(--wp--preset--spacing--50);padding-right:var(--wp--preset--spacing--50);padding-bottom:var(--wp--preset--spacing--30);padding-left:var(--wp--preset--spacing--50)\">\n<div class=\"wp-block-columns alignwide is-layout-flex wp-container-core-columns-is-layout-2c8f09fd wp-block-columns-is-layout-flex\">\n<div class=\"wp-block-column is-vertically-aligned-top is-layout-flow wp-block-column-is-layout-flow\" style=\"flex-basis:55%\">\n<div class=\"wp-block-group is-vertical is-content-justification-left is-layout-flex wp-container-core-group-is-layout-994fc1a2 wp-block-group-is-layout-flex\" style=\"min-height:100%\">\n<div class=\"wp-block-group has-global-padding is-layout-constrained wp-container-core-group-is-layout-c2c74634 wp-block-group-is-layout-constrained\" style=\"border-top-style:none;border-top-width:0px;border-right-style:none;border-right-width:0px;border-bottom-style:none;border-bottom-width:0px;border-left-color:var(--wp--preset--color--custom-aj-logo-red);border-left-width:4px;padding-top:8px;padding-right:var(--wp--preset--spacing--10);padding-bottom:8px;padding-left:var(--wp--preset--spacing--10)\">\n<h1 class=\"wp-block-heading has-custom-aj-logo-blue-color has-text-color has-link-color has-medium-font-size wp-elements-cb19a7659c95cdd2313dfe79e7197f63\">Nuestros Servicios<\/h1>\n<\/div>\n\n\n\n<h2 class=\"wp-block-heading has-x-large-font-size\">Visa T<\/h2>\n\n\n\n<p class=\"wp-container-content-0733e5d0\">En <strong>Abogada Julia &#8211; GF Immigration Law<\/strong>, somos expertos en casos de <strong>Visa T<\/strong> y hemos ayudado a m\u00e1s de 8,000 personas a obtener protecci\u00f3n legal en los EE.UU. Si ha sufrido explotaci\u00f3n ya sea por un patr\u00f3n, o por quienes lo ayudaron a cruzar, o violencia dom\u00e9stica, podr\u00eda calificar para la Visa T.&nbsp;<\/p>\n\n\n\n<p>Con los reciente cambios en las<strong>&nbsp;Visa T<\/strong>&nbsp;a partir del 28 de agosto, 2024, ahora es posible obtener un&nbsp;<strong>permiso de trabajo<\/strong>&nbsp;de buena fe, mientras su caso est\u00e1 pendiente. Mi equipo y yo estamos aqu\u00ed para guiarle en cada paso del proceso y luchar por sus derechos.<\/p>\n\n\n\n<div class=\"wp-block-buttons has-custom-font-size has-small-font-size is-vertical is-content-justification-left is-nowrap is-layout-flex wp-container-core-buttons-is-layout-df5595a0 wp-block-buttons-is-layout-flex\" style=\"margin-top:var(--wp--preset--spacing--20);margin-bottom:var(--wp--preset--spacing--20)\">\n<div class=\"wp-block-button\"><a class=\"wp-block-button__link has-custom-aj-logo-red-background-color has-background wp-element-button\" href=\"tel:+18779260808\">Ll\u00e1menos para revisar tu caso GRATIS<\/a><\/div>\n<\/div>\n<\/div>\n<\/div>\n\n\n\n<div class=\"wp-block-column is-vertically-aligned-center is-layout-flow wp-block-column-is-layout-flow\" style=\"flex-basis:45%\">\n<div class=\"wp-block-group has-global-padding is-content-justification-left is-layout-constrained wp-container-core-group-is-layout-c4d06299 wp-block-group-is-layout-constrained\"><\/p>\n\n\n\n<figure class=\"wp-block-embed is-type-video is-provider-youtube wp-block-embed-youtube wp-embed-aspect-16-9 wp-has-aspect-ratio\"><div class=\"wp-block-embed__wrapper\">\n<iframe loading=\"lazy\" title=\"P\u00edldoras de Inmigracion: Descubre c\u00f3mo la Visa T podr\u00eda ayudarte a arreglar tus papeles si calificas\" width=\"500\" height=\"281\" src=\"https:\/\/www.youtube.com\/embed\/WsWSbJ4BmpQ?feature=oembed\" frameborder=\"0\" allow=\"accelerometer; autoplay; clipboard-write; encrypted-media; gyroscope; picture-in-picture; web-share\" referrerpolicy=\"strict-origin-when-cross-origin\" allowfullscreen><\/iframe>\n<\/div><\/figure>\n\n\n<p>\n<\/div>\n\n\n\n<div class=\"wp-block-group has-global-padding is-content-justification-left is-layout-constrained wp-container-core-group-is-layout-c4d06299 wp-block-group-is-layout-constrained\">\n<\/div>\n\n\n\n<div class=\"wp-block-group has-global-padding is-content-justification-left is-layout-constrained wp-container-core-group-is-layout-c4d06299 wp-block-group-is-layout-constrained\">\n<\/div>\n<\/div>\n<\/div>\n<\/div>\n\n\n\n<div class=\"wp-block-group alignwide has-base-background-color has-background is-layout-flow wp-block-group-is-layout-flow\" style=\"margin-top:0;margin-bottom:0;padding-top:var(--wp--preset--spacing--30);padding-right:var(--wp--preset--spacing--50);padding-bottom:var(--wp--preset--spacing--50);padding-left:var(--wp--preset--spacing--50)\">\n<div class=\"wp-block-group has-global-padding is-layout-constrained wp-container-core-group-is-layout-530ec779 wp-block-group-is-layout-constrained\">\n<h3 class=\"wp-block-heading has-custom-aj-logo-red-color has-text-color has-link-color wp-elements-5335b86d9d0117ed8713df73dc22b821\">\u00bfQu\u00e9 es la Visa T?<\/h3>\n\n\n\n<p>Desafortunadamente, hasta el d\u00eda de hoy, la explotaci\u00f3n humana sigue siendo muy com\u00fan. Muchas personas no se dan cuenta de la magnitud de la explotaci\u00f3n, o de que ellos mismos han sido v\u00edctimas de formas de maltrato, ya que quienes los explotan, se esfuerzan para \u201cnormalizar\u201d la explotaci\u00f3n, evitando que sus v\u00edctimas se den cuenta de que tienen derechos.<\/p>\n\n\n\n<p>Nuestra misi\u00f3n es ayudar a guiar a nuestros clientes en el proceso de contar sus historias y solicitar la visa T.&nbsp; Una persona no tiene que estar actualmente en una situaci\u00f3n de explotaci\u00f3n, para calificar, gracias a esta forma de alivio de la inmigraci\u00f3n. En nuestro despacho, ayudamos a muchos clientes que han sido v\u00edctimas de explotaci\u00f3n, as\u00ed como a clientes en situaciones de emergencia actualmente.&nbsp;<\/p>\n\n\n\n<p>La visa T es visa de no-inmigrante, que provee alivio migratorio para quienes hayan sido explotados y sus familiares inmediatos, para legalizar su estatus inmigratorio, y permitirles permanecer y trabajar temporalmente en los Estados Unidos. La visa T tambi\u00e9n puede crear una v\u00eda para obtener la residencia (\u201cGreen Card\u201d).<\/p>\n\n\n\n<div style=\"color:#ddd\" class=\"wp-block-genesis-blocks-gb-spacer gb-block-spacer gb-divider-solid gb-divider-size-1\"><hr style=\"height:30px\"\/><\/div>\n\n\n\n<h4 class=\"wp-block-heading has-custom-aj-logo-red-color has-text-color has-link-color wp-elements-43243598e51aec9c8d976a8cd89b7a42\">Indicadores de explotaci\u00f3n:<\/h4>\n\n\n\n<p>Esta NO es una lista exhaustiva, estos son s\u00f3lo algunos de los factores que indican explotaci\u00f3n:<\/p>\n\n\n\n<ul class=\"wp-block-list\">\n<li>No ser pagado correctamente (No pagado o mal pagado), que te corten las horas o no te paguen las horas extras porque no tienes papeles.<\/li>\n\n\n\n<li>Vivir con tu empleador.<\/li>\n\n\n\n<li>Tu empleador te ha dicho que tienes una \u201cdeuda\u201d con ellos y que tienes que pagarla con tu trabajo.<\/li>\n\n\n\n<li>Malas condiciones de vida\/trabajo<\/li>\n\n\n\n<li>Tu empleador te amenaz\u00f3 con llamar a la polic\u00eda o a inmigraci\u00f3n si te ibas o si presentabas una reclamaci\u00f3n.<\/li>\n\n\n\n<li>Tu empleador te oblig\u00f3 a seguir trabajando y te prometi\u00f3 que te pagar\u00eda m\u00e1s tarde, pero no lo hizo.<\/li>\n\n\n\n<li>M\u00faltiples personas apretadas en un espacio.<\/li>\n\n\n\n<li>Hiciste arreglos con una persona&nbsp; para cruzar la frontera, con planes de ser llevado a los Estados Unidos, pero en lugar de dejarte libre al llegar al pa\u00eds, te obligaron a permanecer en una casa. Te obligaron hacer trabajos dom\u00e9sticos, como limpiar, lavar la ropa o cocinar para otras personas.<\/li>\n\n\n\n<li>Te dijeron que deb\u00edas mucho m\u00e1s dinero del que te hab\u00edan dicho inicialmente, y que para pagar esta deuda ten\u00edas que trabajar para ellos;<\/li>\n\n\n\n<li>Durante el pasaje a EE.UU., los que te ayudaron a cruzar, te obligaron a llevar bolsas, maletas o a vigilar a las dem\u00e1s personas;<\/li>\n\n\n\n<li>Recibiste atenci\u00f3n no solicitada de los que te ayudaron a cruzar; tu comida y agua estaban limitadas y ten\u00edas que \u201cganarlas\u201d.<\/li>\n\n\n\n<li>Imposibilidad de hablar con otra persona a solas<\/li>\n\n\n\n<li>Maltrato f\u00edsico<\/li>\n\n\n\n<li>Sentirse como un sirviente con una pareja actual o una relaci\u00f3n anterior<\/li>\n\n\n\n<li>Haber sufrido violencia dom\u00e9stica<\/li>\n\n\n\n<li>El empleador o un compa\u00f1ero retiene los documentos de identidad<\/li>\n\n\n\n<li>Sentirse sumiso o temeroso<\/li>\n\n\n\n<li>Sentirse explotado, forzado o coaccionado<\/li>\n\n\n\n<li>Sentirse forzado a mantener relaciones sexuales o a prostituirse<\/li>\n<\/ul>\n\n\n\n<p>Estos son s\u00f3lo algunos de los ejemplos y se\u00f1ales de alarma. Si cree que alguno de los puntos anteriores puede aplicarse a su situaci\u00f3n, podemos ayudarlo a evaluar su caso.<\/p>\n\n\n\n<p>Entendemos que algunas situaciones son muy personales y dif\u00edciles, por eso es importante que usted sepa, que todo lo que nos cuente es absolutamente confidencial. Nuestro equipo legal est\u00e1 compuesto de abogados y profesionales especializados en este tipo de casos.<\/p>\n\n\n\n<div style=\"color:#ddd\" class=\"wp-block-genesis-blocks-gb-spacer gb-block-spacer gb-divider-solid gb-divider-size-1\"><hr style=\"height:30px\"\/><\/div>\n\n\n\n<h4 class=\"wp-block-heading has-custom-aj-logo-red-color has-text-color has-link-color wp-elements-a22ccb815b49f76905c997ef88386f92\">Beneficios de la Visa T*<\/h4>\n\n\n\n<p><\/p>\n\n\n\n<ul class=\"wp-block-list\">\n<li>Recibir un&nbsp;<strong>permiso de trabajo temporal<\/strong>&nbsp;mientras su caso est\u00e1 pendiente. Esto es posible a trav\u00e9s del proceso de&nbsp;<strong>Determinaci\u00f3n de Buena Fe<\/strong>.<\/li>\n\n\n\n<li>Recibir su permiso de trabajo final una vez que la visa T est\u00e9 aprobada*<\/li>\n\n\n\n<li>Despu\u00e9s de 1 a 3 a\u00f1os puede solicitar la residencia (una \u201cGreen Card\u201d)<\/li>\n\n\n\n<li>Incluso si usted entr\u00f3 en los EE.UU. \u201cilegalmente\u201d puede obtener su residencia<\/li>\n\n\n\n<li>Si usted ha sido deportado en el pasado, todav\u00eda puede calificar para obtener su residencia<\/li>\n\n\n\n<li>Aunque haya entrado varias veces, es posible que re\u00fana los requisitos para obtener la residencia despu\u00e9s de que se apruebe la visa T<\/li>\n\n\n\n<li>Puede calificar para solicitar la residencia, incluso si tiene condenas penales<\/li>\n\n\n\n<li>Existe la posibilidad de obtener un permiso de viaje (Advance Parole) una vez que su visa T sea aprobada, lo que le permitir\u00e1 salir y regresar a los EE.UU. de manera legal.<\/li>\n\n\n\n<li>Es posible que pueda obtener el estatus de no inmigrante para los miembros de su familia, como derivados de la visa T.<\/li>\n<\/ul>\n\n\n\n<p>Adem\u00e1s, hay otros beneficios p\u00fablicos que puede recibir:<\/p>\n\n\n\n<ul class=\"wp-block-list\">\n<li>Ayuda a la vivienda<\/li>\n\n\n\n<li>Asistencia alimentaria<\/li>\n\n\n\n<li>Ayuda a los ingresos<\/li>\n\n\n\n<li>Asistencia para el empleo<\/li>\n\n\n\n<li>Clases de ingl\u00e9s<\/li>\n\n\n\n<li>Asistencia sanitaria<\/li>\n\n\n\n<li>Servicios de salud mental<\/li>\n\n\n\n<li>Cuidado tutelar<\/li>\n<\/ul>\n\n\n\n<p>Normalmente, los casos de visa T pueden ser dif\u00edciles de ganar, pero en <strong>Abogada Julia &#8211; GF Immigration Law<\/strong>, estamos consagrados a los resultados y nos comprometemos a luchar por todos nuestros clientes asegur\u00e1ndonos de que sus voces sean escuchadas y sus derechos sean protegidos.<\/p>\n\n\n\n<p class=\"has-small-font-size\"><em>* El 29 de abril de 2024, USCIS anunci\u00f3 una regla final que modifica las regulaciones sobre las solicitudes para el estatus de no inmigrante T. Esta regla entrar\u00e1 en vigencia el 28 de agosto de 2024. Esta lista incluye los cambios.<\/em><\/p>\n<\/div>\n<\/div>\n\n\n\n<div class=\"wp-block-group alignfull has-global-padding is-layout-constrained wp-container-core-group-is-layout-d89aad35 wp-block-group-is-layout-constrained\" style=\"margin-top:0;margin-bottom:0;padding-top:var(--wp--preset--spacing--50);padding-right:var(--wp--preset--spacing--50);padding-bottom:var(--wp--preset--spacing--50);padding-left:var(--wp--preset--spacing--50)\">\n<div class=\"wp-block-columns alignwide is-layout-flex wp-container-core-columns-is-layout-2c8f09fd wp-block-columns-is-layout-flex\">\n<div class=\"wp-block-column is-vertically-aligned-top is-layout-flow wp-block-column-is-layout-flow\" style=\"flex-basis:75%\">\n<figure class=\"wp-block-image size-full is-style-rounded is-style-rounded--1\"><img loading=\"lazy\" decoding=\"async\" width=\"1280\" height=\"1920\" src=\"https:\/\/abogadajulia.com\/wp-content\/uploads\/2024\/09\/Servicesfooter.avif\" alt=\"\" class=\"wp-image-1624\" style=\"aspect-ratio:4\/3;object-fit:cover\" srcset=\"https:\/\/abogadajulia.com\/wp-content\/uploads\/2024\/09\/Servicesfooter.avif 1280w, https:\/\/abogadajulia.com\/wp-content\/uploads\/2024\/09\/Servicesfooter-200x300.avif 200w, https:\/\/abogadajulia.com\/wp-content\/uploads\/2024\/09\/Servicesfooter-683x1024.avif 683w, https:\/\/abogadajulia.com\/wp-content\/uploads\/2024\/09\/Servicesfooter-768x1152.avif 768w, https:\/\/abogadajulia.com\/wp-content\/uploads\/2024\/09\/Servicesfooter-1024x1536.avif 1024w, https:\/\/abogadajulia.com\/wp-content\/uploads\/2024\/09\/Servicesfooter-8x12.avif 8w\" sizes=\"auto, (max-width: 1280px) 100vw, 1280px\" \/><\/figure>\n<\/div>\n\n\n\n<div class=\"wp-block-column is-vertically-aligned-center is-layout-flow wp-block-column-is-layout-flow\" style=\"flex-basis:60%\">\n<h2 class=\"wp-block-heading has-text-align-left has-custom-aj-logo-black-color has-text-color has-link-color has-large-font-size wp-elements-25f699f61672a56e31a3d165b5092dd3\"><strong>\u00bfListo para dar el primer paso hacia un futuro mejor en Estados Unidos?<\/strong><\/h2>\n\n\n\n<p class=\"has-text-align-left has-custom-aj-logo-black-color has-text-color has-link-color wp-elements-f385c7cb4c4b10a21d4e61adc6c3b700\">Ll\u00e1menos hoy para una revisi\u00f3n GRATIS. En <strong>Abogada Julia &#8211; GF Immigration Law,<\/strong> su futuro empieza con una llamada.<\/p>\n\n\n\n<div class=\"wp-block-buttons is-content-justification-left is-layout-flex wp-container-core-buttons-is-layout-fc4fd283 wp-block-buttons-is-layout-flex\">\n<div class=\"wp-block-button\"><a class=\"wp-block-button__link has-custom-aj-logo-red-background-color has-background has-medium-font-size has-custom-font-size wp-element-button\" href=\"tel:+18779260808\">LL\u00e1MENOS<\/a><\/div>\n<\/div>\n<\/div>\n<\/div>\n<\/div>\n","protected":false},"excerpt":{"rendered":"<p>Nuestros Servicios Visa T En Abogada Julia &#8211; GF Immigration Law, somos expertos en casos de Visa T y hemos ayudado a m\u00e1s de 8,000 personas a obtener protecci\u00f3n legal en los EE.UU. Si ha sufrido explotaci\u00f3n ya sea por un patr\u00f3n, o por quienes lo ayudaron a cruzar, o violencia dom\u00e9stica, podr\u00eda calificar para [&hellip;]<\/p>\n","protected":false},"author":1,"featured_media":0,"parent":46,"menu_order":0,"comment_status":"closed","ping_status":"closed","template":"","meta":{"footnotes":""},"class_list":["post-535","page","type-page","status-publish","hentry"],"yoast_head":"<!-- This site is optimized with the Yoast SEO plugin v27.0 - https:\/\/yoast.com\/product\/yoast-seo-wordpress\/ -->\n<title>Visa T - Abogada de Inmigraci\u00f3n - Experta en Visa T - Abogada Julia<\/title>\n<meta name=\"robots\" content=\"index, follow, max-snippet:-1, max-image-preview:large, max-video-preview:-1\" \/>\n<link rel=\"canonical\" href=\"https:\/\/abogadajulia.com\/es\/servicios\/visa-t\/\" \/>\n<meta property=\"og:locale\" content=\"es_ES\" \/>\n<meta property=\"og:type\" content=\"article\" \/>\n<meta property=\"og:title\" content=\"Visa T - Abogada de Inmigraci\u00f3n - Experta en Visa T - Abogada Julia\" \/>\n<meta property=\"og:description\" content=\"Nuestros Servicios Visa T En Abogada Julia &#8211; GF Immigration Law, somos expertos en casos de Visa T y hemos ayudado a m\u00e1s de 8,000 personas a obtener protecci\u00f3n legal en los EE.UU. Si ha sufrido explotaci\u00f3n ya sea por un patr\u00f3n, o por quienes lo ayudaron a cruzar, o violencia dom\u00e9stica, podr\u00eda calificar para [&hellip;]\" \/>\n<meta property=\"og:url\" content=\"https:\/\/abogadajulia.com\/es\/servicios\/visa-t\/\" \/>\n<meta property=\"og:site_name\" content=\"Abogada de Inmigraci\u00f3n - Experta en Visa T - Abogada Julia\" \/>\n<meta property=\"article:publisher\" content=\"https:\/\/www.facebook.com\/abogadadeinmigracionjulia\/\" \/>\n<meta property=\"article:modified_time\" content=\"2026-01-13T21:01:14+00:00\" \/>\n<meta name=\"twitter:card\" content=\"summary_large_image\" \/>\n<meta name=\"twitter:label1\" content=\"Est. reading time\" \/>\n\t<meta name=\"twitter:data1\" content=\"5 minutes\" \/>\n<script type=\"application\/ld+json\" class=\"yoast-schema-graph\">{\"@context\":\"https:\/\/schema.org\",\"@graph\":[{\"@type\":\"WebPage\",\"@id\":\"https:\/\/abogadajulia.com\/servicios\/visa-t\/\",\"url\":\"https:\/\/abogadajulia.com\/servicios\/visa-t\/\",\"name\":\"Visa T - Abogada de Inmigraci\u00f3n - Experta en Visa T - Abogada Julia\",\"isPartOf\":{\"@id\":\"https:\/\/abogadajulia.com\/#website\"},\"primaryImageOfPage\":{\"@id\":\"https:\/\/abogadajulia.com\/servicios\/visa-t\/#primaryimage\"},\"image\":{\"@id\":\"https:\/\/abogadajulia.com\/servicios\/visa-t\/#primaryimage\"},\"thumbnailUrl\":\"https:\/\/abogadajulia.com\/wp-content\/uploads\/2024\/10\/Website_images_Servicios_tvisa-1024x576.avif\",\"datePublished\":\"2024-07-26T01:10:24+00:00\",\"dateModified\":\"2026-01-13T21:01:14+00:00\",\"breadcrumb\":{\"@id\":\"https:\/\/abogadajulia.com\/servicios\/visa-t\/#breadcrumb\"},\"inLanguage\":\"es\",\"potentialAction\":[{\"@type\":\"ReadAction\",\"target\":[\"https:\/\/abogadajulia.com\/servicios\/visa-t\/\"]}]},{\"@type\":\"ImageObject\",\"inLanguage\":\"es\",\"@id\":\"https:\/\/abogadajulia.com\/servicios\/visa-t\/#primaryimage\",\"url\":\"https:\/\/abogadajulia.com\/wp-content\/uploads\/2024\/10\/Website_images_Servicios_tvisa-1024x576.avif\",\"contentUrl\":\"https:\/\/abogadajulia.com\/wp-content\/uploads\/2024\/10\/Website_images_Servicios_tvisa-1024x576.avif\"},{\"@type\":\"BreadcrumbList\",\"@id\":\"https:\/\/abogadajulia.com\/servicios\/visa-t\/#breadcrumb\",\"itemListElement\":[{\"@type\":\"ListItem\",\"position\":1,\"name\":\"Home\",\"item\":\"https:\/\/abogadajulia.com\/\"},{\"@type\":\"ListItem\",\"position\":2,\"name\":\"Servicios de la Abogada Julia\",\"item\":\"https:\/\/abogadajulia.com\/servicios\/\"},{\"@type\":\"ListItem\",\"position\":3,\"name\":\"Visa T\"}]},{\"@type\":\"WebSite\",\"@id\":\"https:\/\/abogadajulia.com\/#website\",\"url\":\"https:\/\/abogadajulia.com\/\",\"name\":\"Abogada de Inmigraci\u00f3n - Experta en Visa T - Abogada Julia\",\"description\":\"Abogada de Inmigraci\u00f3n - Experta en Visa T\",\"publisher\":{\"@id\":\"https:\/\/abogadajulia.com\/#organization\"},\"potentialAction\":[{\"@type\":\"SearchAction\",\"target\":{\"@type\":\"EntryPoint\",\"urlTemplate\":\"https:\/\/abogadajulia.com\/?s={search_term_string}\"},\"query-input\":{\"@type\":\"PropertyValueSpecification\",\"valueRequired\":true,\"valueName\":\"search_term_string\"}}],\"inLanguage\":\"es\"},{\"@type\":\"Organization\",\"@id\":\"https:\/\/abogadajulia.com\/#organization\",\"name\":\"Abogada de Inmigraci\u00f3n - Experta en Visa T - Abogada Julia\",\"url\":\"https:\/\/abogadajulia.com\/\",\"logo\":{\"@type\":\"ImageObject\",\"inLanguage\":\"es\",\"@id\":\"https:\/\/abogadajulia.com\/#\/schema\/logo\/image\/\",\"url\":\"https:\/\/abogadajulia.com\/wp-content\/uploads\/2025\/09\/AJ-GFI_Color_Logo-scaled.png\",\"contentUrl\":\"https:\/\/abogadajulia.com\/wp-content\/uploads\/2025\/09\/AJ-GFI_Color_Logo-scaled.png\",\"width\":2560,\"height\":510,\"caption\":\"Abogada de Inmigraci\u00f3n - Experta en Visa T - Abogada Julia\"},\"image\":{\"@id\":\"https:\/\/abogadajulia.com\/#\/schema\/logo\/image\/\"},\"sameAs\":[\"https:\/\/www.facebook.com\/abogadadeinmigracionjulia\/\",\"https:\/\/www.instagram.com\/abogadadeinmigracionjulia\/\",\"https:\/\/www.tiktok.com\/@abogadajulia\",\"https:\/\/www.youtube.com\/channel\/UCgnxaArpnMIRx_2yhI2EYFA\"]}]}<\/script>\n<!-- \/ Yoast SEO plugin. -->","yoast_head_json":{"title":"Visa T - Abogada de Inmigraci\u00f3n - Experta en Visa T - Abogada Julia","robots":{"index":"index","follow":"follow","max-snippet":"max-snippet:-1","max-image-preview":"max-image-preview:large","max-video-preview":"max-video-preview:-1"},"canonical":"https:\/\/abogadajulia.com\/es\/servicios\/visa-t\/","og_locale":"es_ES","og_type":"article","og_title":"Visa T - Abogada de Inmigraci\u00f3n - Experta en Visa T - Abogada Julia","og_description":"Nuestros Servicios Visa T En Abogada Julia &#8211; GF Immigration Law, somos expertos en casos de Visa T y hemos ayudado a m\u00e1s de 8,000 personas a obtener protecci\u00f3n legal en los EE.UU. Si ha sufrido explotaci\u00f3n ya sea por un patr\u00f3n, o por quienes lo ayudaron a cruzar, o violencia dom\u00e9stica, podr\u00eda calificar para [&hellip;]","og_url":"https:\/\/abogadajulia.com\/es\/servicios\/visa-t\/","og_site_name":"Abogada de Inmigraci\u00f3n - Experta en Visa T - Abogada Julia","article_publisher":"https:\/\/www.facebook.com\/abogadadeinmigracionjulia\/","article_modified_time":"2026-01-13T21:01:14+00:00","twitter_card":"summary_large_image","twitter_misc":{"Est. reading time":"5 minutes"},"schema":{"@context":"https:\/\/schema.org","@graph":[{"@type":"WebPage","@id":"https:\/\/abogadajulia.com\/servicios\/visa-t\/","url":"https:\/\/abogadajulia.com\/servicios\/visa-t\/","name":"Visa T - Abogada de Inmigraci\u00f3n - Experta en Visa T - Abogada Julia","isPartOf":{"@id":"https:\/\/abogadajulia.com\/#website"},"primaryImageOfPage":{"@id":"https:\/\/abogadajulia.com\/servicios\/visa-t\/#primaryimage"},"image":{"@id":"https:\/\/abogadajulia.com\/servicios\/visa-t\/#primaryimage"},"thumbnailUrl":"https:\/\/abogadajulia.com\/wp-content\/uploads\/2024\/10\/Website_images_Servicios_tvisa-1024x576.avif","datePublished":"2024-07-26T01:10:24+00:00","dateModified":"2026-01-13T21:01:14+00:00","breadcrumb":{"@id":"https:\/\/abogadajulia.com\/servicios\/visa-t\/#breadcrumb"},"inLanguage":"es","potentialAction":[{"@type":"ReadAction","target":["https:\/\/abogadajulia.com\/servicios\/visa-t\/"]}]},{"@type":"ImageObject","inLanguage":"es","@id":"https:\/\/abogadajulia.com\/servicios\/visa-t\/#primaryimage","url":"https:\/\/abogadajulia.com\/wp-content\/uploads\/2024\/10\/Website_images_Servicios_tvisa-1024x576.avif","contentUrl":"https:\/\/abogadajulia.com\/wp-content\/uploads\/2024\/10\/Website_images_Servicios_tvisa-1024x576.avif"},{"@type":"BreadcrumbList","@id":"https:\/\/abogadajulia.com\/servicios\/visa-t\/#breadcrumb","itemListElement":[{"@type":"ListItem","position":1,"name":"Home","item":"https:\/\/abogadajulia.com\/"},{"@type":"ListItem","position":2,"name":"Servicios de la Abogada Julia","item":"https:\/\/abogadajulia.com\/servicios\/"},{"@type":"ListItem","position":3,"name":"Visa T"}]},{"@type":"WebSite","@id":"https:\/\/abogadajulia.com\/#website","url":"https:\/\/abogadajulia.com\/","name":"Abogada de Inmigraci\u00f3n - Experta en Visa T - Abogada Julia","description":"Abogada de Inmigraci\u00f3n - Experta en Visa T","publisher":{"@id":"https:\/\/abogadajulia.com\/#organization"},"potentialAction":[{"@type":"SearchAction","target":{"@type":"EntryPoint","urlTemplate":"https:\/\/abogadajulia.com\/?s={search_term_string}"},"query-input":{"@type":"PropertyValueSpecification","valueRequired":true,"valueName":"search_term_string"}}],"inLanguage":"es"},{"@type":"Organization","@id":"https:\/\/abogadajulia.com\/#organization","name":"Abogada de Inmigraci\u00f3n - Experta en Visa T - Abogada Julia","url":"https:\/\/abogadajulia.com\/","logo":{"@type":"ImageObject","inLanguage":"es","@id":"https:\/\/abogadajulia.com\/#\/schema\/logo\/image\/","url":"https:\/\/abogadajulia.com\/wp-content\/uploads\/2025\/09\/AJ-GFI_Color_Logo-scaled.png","contentUrl":"https:\/\/abogadajulia.com\/wp-content\/uploads\/2025\/09\/AJ-GFI_Color_Logo-scaled.png","width":2560,"height":510,"caption":"Abogada de Inmigraci\u00f3n - Experta en Visa T - Abogada Julia"},"image":{"@id":"https:\/\/abogadajulia.com\/#\/schema\/logo\/image\/"},"sameAs":["https:\/\/www.facebook.com\/abogadadeinmigracionjulia\/","https:\/\/www.instagram.com\/abogadadeinmigracionjulia\/","https:\/\/www.tiktok.com\/@abogadajulia","https:\/\/www.youtube.com\/channel\/UCgnxaArpnMIRx_2yhI2EYFA"]}]}},"featured_image_src":null,"featured_image_src_square":null,"_links":{"self":[{"href":"https:\/\/abogadajulia.com\/es\/wp-json\/wp\/v2\/pages\/535","targetHints":{"allow":["GET"]}}],"collection":[{"href":"https:\/\/abogadajulia.com\/es\/wp-json\/wp\/v2\/pages"}],"about":[{"href":"https:\/\/abogadajulia.com\/es\/wp-json\/wp\/v2\/types\/page"}],"author":[{"embeddable":true,"href":"https:\/\/abogadajulia.com\/es\/wp-json\/wp\/v2\/users\/1"}],"replies":[{"embeddable":true,"href":"https:\/\/abogadajulia.com\/es\/wp-json\/wp\/v2\/comments?post=535"}],"version-history":[{"count":77,"href":"https:\/\/abogadajulia.com\/es\/wp-json\/wp\/v2\/pages\/535\/revisions"}],"predecessor-version":[{"id":3098,"href":"https:\/\/abogadajulia.com\/es\/wp-json\/wp\/v2\/pages\/535\/revisions\/3098"}],"up":[{"embeddable":true,"href":"https:\/\/abogadajulia.com\/es\/wp-json\/wp\/v2\/pages\/46"}],"wp:attachment":[{"href":"https:\/\/abogadajulia.com\/es\/wp-json\/wp\/v2\/media?parent=535"}],"curies":[{"name":"wp","href":"https:\/\/api.w.org\/{rel}","templated":true}]}}