{"id":1154,"date":"2024-08-23T15:01:32","date_gmt":"2024-08-23T15:01:32","guid":{"rendered":"https:\/\/abogadajulia.com\/?page_id=1154"},"modified":"2025-09-04T14:46:54","modified_gmt":"2025-09-04T14:46:54","slug":"residencias-peticiones-familiares","status":"publish","type":"page","link":"https:\/\/abogadajulia.com\/es\/servicios\/residencias-peticiones-familiares\/","title":{"rendered":"Residencias &#8211; Peticiones Familiares"},"content":{"rendered":"\n<div class=\"wp-block-group alignwide has-base-background-color has-background has-global-padding is-layout-constrained wp-container-core-group-is-layout-b3e45b7c wp-block-group-is-layout-constrained\" style=\"margin-top:0;margin-bottom:0;padding-top:var(--wp--preset--spacing--50);padding-right:var(--wp--preset--spacing--50);padding-bottom:var(--wp--preset--spacing--30);padding-left:var(--wp--preset--spacing--50)\">\n<div class=\"wp-block-columns alignwide is-layout-flex wp-container-core-columns-is-layout-2c8f09fd wp-block-columns-is-layout-flex\">\n<div class=\"wp-block-column is-vertically-aligned-top is-layout-flow wp-block-column-is-layout-flow\" style=\"flex-basis:65%\">\n<div class=\"wp-block-group is-vertical is-content-justification-left is-layout-flex wp-container-core-group-is-layout-994fc1a2 wp-block-group-is-layout-flex\" style=\"min-height:100%\">\n<div class=\"wp-block-group has-global-padding is-layout-constrained wp-container-core-group-is-layout-c2c74634 wp-block-group-is-layout-constrained\" style=\"border-top-style:none;border-top-width:0px;border-right-style:none;border-right-width:0px;border-bottom-style:none;border-bottom-width:0px;border-left-color:var(--wp--preset--color--custom-aj-logo-red);border-left-width:4px;padding-top:8px;padding-right:var(--wp--preset--spacing--10);padding-bottom:8px;padding-left:var(--wp--preset--spacing--10)\">\n<h1 class=\"wp-block-heading has-custom-aj-logo-blue-color has-text-color has-link-color has-medium-font-size wp-elements-cb19a7659c95cdd2313dfe79e7197f63\">Nuestros Servicios<\/h1>\n<\/div>\n\n\n\n<h2 class=\"wp-block-heading has-x-large-font-size\">Residencias &#8211; <br>Peticiones Familiares<\/h2>\n\n\n\n<p>En <strong>Abogada Julia &#8211; GF Immigration Law<\/strong>, ayudamos a las familias a reunirse y construir un futuro juntos a trav\u00e9s de las <strong>Peticiones Familiares<\/strong>. Si es ciudadano\/a o residente permanente de los EE.UU., puede solicitar la residencia para sus seres queridos. Nuestro equipo est\u00e1 aqu\u00ed para guiarle en cada paso del proceso, asegur\u00e1ndonos de que el camino hacia la residencia sea lo m\u00e1s claro y fluido posible. Nos comprometemos a luchar por el bienestar y la seguridad de su familia.<\/p>\n\n\n\n<div class=\"wp-block-buttons is-nowrap is-layout-flex wp-container-core-buttons-is-layout-81943dc8 wp-block-buttons-is-layout-flex\" style=\"margin-top:var(--wp--preset--spacing--20);margin-bottom:var(--wp--preset--spacing--20)\">\n<div class=\"wp-block-button\"><a class=\"wp-block-button__link has-custom-aj-logo-red-background-color has-background wp-element-button\" href=\"tel:+18779260808\">Ll\u00e1menos para revisar tu caso GRATIS<\/a><\/div>\n<\/div>\n<\/div>\n<\/div>\n\n\n\n<div class=\"wp-block-column is-vertically-aligned-center is-layout-flow wp-block-column-is-layout-flow\" style=\"flex-basis:45%\">\n<div class=\"wp-block-group has-global-padding is-content-justification-left is-layout-constrained wp-container-core-group-is-layout-c4d06299 wp-block-group-is-layout-constrained\"><\/p>\n\n\n\n<figure class=\"wp-block-embed is-type-video is-provider-youtube wp-block-embed-youtube wp-embed-aspect-16-9 wp-has-aspect-ratio\"><div class=\"wp-block-embed__wrapper\">\n<iframe loading=\"lazy\" title=\"P\u00edldoras de Inmigracion: C\u00f3mo Pedir a un Familiar con Perd\u00f3n I-601A por Presencia Ilegal en EE.UU.\" width=\"500\" height=\"281\" src=\"https:\/\/www.youtube.com\/embed\/O6d_X1wzFPQ?feature=oembed\" frameborder=\"0\" allow=\"accelerometer; autoplay; clipboard-write; encrypted-media; gyroscope; picture-in-picture; web-share\" referrerpolicy=\"strict-origin-when-cross-origin\" allowfullscreen><\/iframe>\n<\/div><\/figure>\n\n\n<p>\n<\/div>\n\n\n\n<div class=\"wp-block-group has-global-padding is-content-justification-left is-layout-constrained wp-container-core-group-is-layout-c4d06299 wp-block-group-is-layout-constrained\">\n<\/div>\n<\/div>\n<\/div>\n<\/div>\n\n\n\n<div class=\"wp-block-group alignwide has-base-background-color has-background is-layout-flow wp-block-group-is-layout-flow\" style=\"margin-top:0;margin-bottom:0;padding-top:var(--wp--preset--spacing--30);padding-right:var(--wp--preset--spacing--50);padding-bottom:var(--wp--preset--spacing--50);padding-left:var(--wp--preset--spacing--50)\">\n<div class=\"wp-block-group has-global-padding is-layout-constrained wp-container-core-group-is-layout-530ec779 wp-block-group-is-layout-constrained\">\n<h3 class=\"wp-block-heading has-custom-aj-logo-red-color has-text-color has-link-color wp-elements-33e7582bb9ffe041d9902d28ea46cfcb\">\u00bfQu\u00e9 es la Petici\u00f3n Familiar?<\/h3>\n\n\n\n<p>Reunir a las familias es una prioridad en\u00a0<strong>Abogada Julia &#8211; GF Immigration Law<\/strong>. Ayudamos a los ciudadanos estadounidenses y residentes permanentes a traer a sus familiares cercanos a los Estados Unidos o ajustar su estatus para que puedan vivir legalmente en el pa\u00eds. Ya sea que est\u00e9 buscando traer a un esposo, esposa, hijos o padres, nuestro equipo trabajar\u00e1 de la mano con usted para asegurar que el proceso sea lo m\u00e1s r\u00e1pido y fluido posible, ofreciendo el apoyo necesario para enfrentar cualquier obst\u00e1culo que pueda surgir.<\/p>\n\n\n\n<p><strong>Peticiones con o sin Perdones (Waivers)<\/strong>: En\u00a0<strong>Abogada Julia &#8211; GF Immigration Law<\/strong>, manejamos peticiones familiares con o sin la necesidad de presentar un perd\u00f3n, tambi\u00e9n conocido como\u00a0<em>waiver<\/em>. Si no tiene una entrada legal al pa\u00eds o enfrenta otros problemas que podr\u00edan impedir el proceso, estamos aqu\u00ed para evaluar su situaci\u00f3n y buscar las soluciones adecuadas, como el perd\u00f3n por presencia ilegal o fraude.<\/p>\n\n\n\n<p><strong>Parole in Place para familias militares y 245(i)<\/strong>: Adem\u00e1s, trabajamos con casos especiales como el&nbsp;<em>Parole in Place<\/em>&nbsp;para familiares de militares, permitiendo que ciertos familiares de miembros activos del ej\u00e9rcito o veteranos puedan ajustar su estatus sin salir del pa\u00eds. Tambi\u00e9n manejamos casos bajo la&nbsp;<em>245(i)<\/em>, que permite a ciertas personas que no tuvieron una entrada legal o que est\u00e1n fuera de estatus ajustar su estatus si califican bajo esta ley.<\/p>\n\n\n\n<p><strong>Beneficios clave:<\/strong><\/p>\n\n\n\n<ul class=\"wp-block-list\">\n<li>Reunificaci\u00f3n familiar sin importar los obst\u00e1culos iniciales, como la falta de entrada legal.<\/li>\n\n\n\n<li>Asistencia en el proceso de perd\u00f3n para superar obst\u00e1culos migratorios.<\/li>\n\n\n\n<li>Acceso a opciones especiales como&nbsp;<em>Parole in Place<\/em>&nbsp;y la&nbsp;<em>245(i)<\/em>, dependiendo de su situaci\u00f3n.<\/li>\n<\/ul>\n<\/div>\n<\/div>\n\n\n\n<div class=\"wp-block-group alignfull has-global-padding is-layout-constrained wp-container-core-group-is-layout-d89aad35 wp-block-group-is-layout-constrained\" style=\"margin-top:0;margin-bottom:0;padding-top:var(--wp--preset--spacing--50);padding-right:var(--wp--preset--spacing--50);padding-bottom:var(--wp--preset--spacing--50);padding-left:var(--wp--preset--spacing--50)\">\n<div class=\"wp-block-columns alignwide is-layout-flex wp-container-core-columns-is-layout-2c8f09fd wp-block-columns-is-layout-flex\">\n<div class=\"wp-block-column is-vertically-aligned-top is-layout-flow wp-block-column-is-layout-flow\" style=\"flex-basis:75%\">\n<figure class=\"wp-block-image size-full is-style-rounded is-style-rounded--1\"><img loading=\"lazy\" decoding=\"async\" width=\"1280\" height=\"1920\" src=\"https:\/\/abogadajulia.com\/wp-content\/uploads\/2024\/09\/Servicesfooter.avif\" alt=\"\" class=\"wp-image-1624\" style=\"aspect-ratio:4\/3;object-fit:cover\" srcset=\"https:\/\/abogadajulia.com\/wp-content\/uploads\/2024\/09\/Servicesfooter.avif 1280w, https:\/\/abogadajulia.com\/wp-content\/uploads\/2024\/09\/Servicesfooter-200x300.avif 200w, https:\/\/abogadajulia.com\/wp-content\/uploads\/2024\/09\/Servicesfooter-683x1024.avif 683w, https:\/\/abogadajulia.com\/wp-content\/uploads\/2024\/09\/Servicesfooter-768x1152.avif 768w, https:\/\/abogadajulia.com\/wp-content\/uploads\/2024\/09\/Servicesfooter-1024x1536.avif 1024w, https:\/\/abogadajulia.com\/wp-content\/uploads\/2024\/09\/Servicesfooter-8x12.avif 8w\" sizes=\"auto, (max-width: 1280px) 100vw, 1280px\" \/><\/figure>\n<\/div>\n\n\n\n<div class=\"wp-block-column is-vertically-aligned-center is-layout-flow wp-block-column-is-layout-flow\" style=\"flex-basis:60%\">\n<h2 class=\"wp-block-heading has-text-align-left has-custom-aj-logo-black-color has-text-color has-link-color has-large-font-size wp-elements-25f699f61672a56e31a3d165b5092dd3\"><strong>\u00bfListo para dar el primer paso hacia un futuro mejor en Estados Unidos?<\/strong><\/h2>\n\n\n\n<p class=\"has-text-align-left has-custom-aj-logo-black-color has-text-color has-link-color wp-elements-f385c7cb4c4b10a21d4e61adc6c3b700\">Ll\u00e1menos hoy para una revisi\u00f3n GRATIS. En <strong>Abogada Julia &#8211; GF Immigration Law,<\/strong> su futuro empieza con una llamada.<\/p>\n\n\n\n<div class=\"wp-block-buttons is-content-justification-left is-layout-flex wp-container-core-buttons-is-layout-fc4fd283 wp-block-buttons-is-layout-flex\">\n<div class=\"wp-block-button\"><a class=\"wp-block-button__link has-custom-aj-logo-red-background-color has-background has-medium-font-size has-custom-font-size wp-element-button\" href=\"tel:+18779260808\">LL\u00e1MENOS<\/a><\/div>\n<\/div>\n<\/div>\n<\/div>\n<\/div>\n","protected":false},"excerpt":{"rendered":"<p>Nuestros Servicios Residencias &#8211; Peticiones Familiares En Abogada Julia &#8211; GF Immigration Law, ayudamos a las familias a reunirse y construir un futuro juntos a trav\u00e9s de las Peticiones Familiares. Si es ciudadano\/a o residente permanente de los EE.UU., puede solicitar la residencia para sus seres queridos. Nuestro equipo est\u00e1 aqu\u00ed para guiarle en cada [&hellip;]<\/p>\n","protected":false},"author":1,"featured_media":0,"parent":46,"menu_order":0,"comment_status":"closed","ping_status":"closed","template":"","meta":{"footnotes":""},"class_list":["post-1154","page","type-page","status-publish","hentry"],"yoast_head":"<!-- This site is optimized with the Yoast SEO plugin v27.0 - https:\/\/yoast.com\/product\/yoast-seo-wordpress\/ -->\n<title>Residencias - Peticiones Familiares - Abogada de Inmigraci\u00f3n - Experta en Visa T - Abogada Julia<\/title>\n<meta name=\"robots\" content=\"index, follow, max-snippet:-1, max-image-preview:large, max-video-preview:-1\" \/>\n<link rel=\"canonical\" href=\"https:\/\/abogadajulia.com\/es\/servicios\/residencias-peticiones-familiares\/\" \/>\n<meta property=\"og:locale\" content=\"es_ES\" \/>\n<meta property=\"og:type\" content=\"article\" \/>\n<meta property=\"og:title\" content=\"Residencias - Peticiones Familiares - Abogada de Inmigraci\u00f3n - Experta en Visa T - Abogada Julia\" \/>\n<meta property=\"og:description\" content=\"Nuestros Servicios Residencias &#8211; Peticiones Familiares En Abogada Julia &#8211; GF Immigration Law, ayudamos a las familias a reunirse y construir un futuro juntos a trav\u00e9s de las Peticiones Familiares. Si es ciudadano\/a o residente permanente de los EE.UU., puede solicitar la residencia para sus seres queridos. Nuestro equipo est\u00e1 aqu\u00ed para guiarle en cada [&hellip;]\" \/>\n<meta property=\"og:url\" content=\"https:\/\/abogadajulia.com\/es\/servicios\/residencias-peticiones-familiares\/\" \/>\n<meta property=\"og:site_name\" content=\"Abogada de Inmigraci\u00f3n - Experta en Visa T - Abogada Julia\" \/>\n<meta property=\"article:publisher\" content=\"https:\/\/www.facebook.com\/abogadadeinmigracionjulia\/\" \/>\n<meta property=\"article:modified_time\" content=\"2025-09-04T14:46:54+00:00\" \/>\n<meta name=\"twitter:card\" content=\"summary_large_image\" \/>\n<meta name=\"twitter:label1\" content=\"Est. reading time\" \/>\n\t<meta name=\"twitter:data1\" content=\"3 minutes\" \/>\n<script type=\"application\/ld+json\" class=\"yoast-schema-graph\">{\"@context\":\"https:\/\/schema.org\",\"@graph\":[{\"@type\":\"WebPage\",\"@id\":\"https:\/\/abogadajulia.com\/servicios\/residencias-peticiones-familiares\/\",\"url\":\"https:\/\/abogadajulia.com\/servicios\/residencias-peticiones-familiares\/\",\"name\":\"Residencias - Peticiones Familiares - Abogada de Inmigraci\u00f3n - Experta en Visa T - Abogada Julia\",\"isPartOf\":{\"@id\":\"https:\/\/abogadajulia.com\/#website\"},\"primaryImageOfPage\":{\"@id\":\"https:\/\/abogadajulia.com\/servicios\/residencias-peticiones-familiares\/#primaryimage\"},\"image\":{\"@id\":\"https:\/\/abogadajulia.com\/servicios\/residencias-peticiones-familiares\/#primaryimage\"},\"thumbnailUrl\":\"https:\/\/abogadajulia.com\/wp-content\/uploads\/2024\/10\/Website_images_Servicios_Family-Petitions-1024x576.avif\",\"datePublished\":\"2024-08-23T15:01:32+00:00\",\"dateModified\":\"2025-09-04T14:46:54+00:00\",\"breadcrumb\":{\"@id\":\"https:\/\/abogadajulia.com\/servicios\/residencias-peticiones-familiares\/#breadcrumb\"},\"inLanguage\":\"es\",\"potentialAction\":[{\"@type\":\"ReadAction\",\"target\":[\"https:\/\/abogadajulia.com\/servicios\/residencias-peticiones-familiares\/\"]}]},{\"@type\":\"ImageObject\",\"inLanguage\":\"es\",\"@id\":\"https:\/\/abogadajulia.com\/servicios\/residencias-peticiones-familiares\/#primaryimage\",\"url\":\"https:\/\/abogadajulia.com\/wp-content\/uploads\/2024\/10\/Website_images_Servicios_Family-Petitions-1024x576.avif\",\"contentUrl\":\"https:\/\/abogadajulia.com\/wp-content\/uploads\/2024\/10\/Website_images_Servicios_Family-Petitions-1024x576.avif\"},{\"@type\":\"BreadcrumbList\",\"@id\":\"https:\/\/abogadajulia.com\/servicios\/residencias-peticiones-familiares\/#breadcrumb\",\"itemListElement\":[{\"@type\":\"ListItem\",\"position\":1,\"name\":\"Home\",\"item\":\"https:\/\/abogadajulia.com\/\"},{\"@type\":\"ListItem\",\"position\":2,\"name\":\"Servicios de la Abogada Julia\",\"item\":\"https:\/\/abogadajulia.com\/servicios\/\"},{\"@type\":\"ListItem\",\"position\":3,\"name\":\"Residencias &#8211; Peticiones Familiares\"}]},{\"@type\":\"WebSite\",\"@id\":\"https:\/\/abogadajulia.com\/#website\",\"url\":\"https:\/\/abogadajulia.com\/\",\"name\":\"Abogada de Inmigraci\u00f3n - Experta en Visa T - Abogada Julia\",\"description\":\"Abogada de Inmigraci\u00f3n - Experta en Visa T\",\"publisher\":{\"@id\":\"https:\/\/abogadajulia.com\/#organization\"},\"potentialAction\":[{\"@type\":\"SearchAction\",\"target\":{\"@type\":\"EntryPoint\",\"urlTemplate\":\"https:\/\/abogadajulia.com\/?s={search_term_string}\"},\"query-input\":{\"@type\":\"PropertyValueSpecification\",\"valueRequired\":true,\"valueName\":\"search_term_string\"}}],\"inLanguage\":\"es\"},{\"@type\":\"Organization\",\"@id\":\"https:\/\/abogadajulia.com\/#organization\",\"name\":\"Abogada de Inmigraci\u00f3n - Experta en Visa T - Abogada Julia\",\"url\":\"https:\/\/abogadajulia.com\/\",\"logo\":{\"@type\":\"ImageObject\",\"inLanguage\":\"es\",\"@id\":\"https:\/\/abogadajulia.com\/#\/schema\/logo\/image\/\",\"url\":\"https:\/\/abogadajulia.com\/wp-content\/uploads\/2025\/09\/AJ-GFI_Color_Logo-scaled.png\",\"contentUrl\":\"https:\/\/abogadajulia.com\/wp-content\/uploads\/2025\/09\/AJ-GFI_Color_Logo-scaled.png\",\"width\":2560,\"height\":510,\"caption\":\"Abogada de Inmigraci\u00f3n - Experta en Visa T - Abogada Julia\"},\"image\":{\"@id\":\"https:\/\/abogadajulia.com\/#\/schema\/logo\/image\/\"},\"sameAs\":[\"https:\/\/www.facebook.com\/abogadadeinmigracionjulia\/\",\"https:\/\/www.instagram.com\/abogadadeinmigracionjulia\/\",\"https:\/\/www.tiktok.com\/@abogadajulia\",\"https:\/\/www.youtube.com\/channel\/UCgnxaArpnMIRx_2yhI2EYFA\"]}]}<\/script>\n<!-- \/ Yoast SEO plugin. -->","yoast_head_json":{"title":"Residencias - Peticiones Familiares - Abogada de Inmigraci\u00f3n - Experta en Visa T - Abogada Julia","robots":{"index":"index","follow":"follow","max-snippet":"max-snippet:-1","max-image-preview":"max-image-preview:large","max-video-preview":"max-video-preview:-1"},"canonical":"https:\/\/abogadajulia.com\/es\/servicios\/residencias-peticiones-familiares\/","og_locale":"es_ES","og_type":"article","og_title":"Residencias - Peticiones Familiares - Abogada de Inmigraci\u00f3n - Experta en Visa T - Abogada Julia","og_description":"Nuestros Servicios Residencias &#8211; Peticiones Familiares En Abogada Julia &#8211; GF Immigration Law, ayudamos a las familias a reunirse y construir un futuro juntos a trav\u00e9s de las Peticiones Familiares. Si es ciudadano\/a o residente permanente de los EE.UU., puede solicitar la residencia para sus seres queridos. Nuestro equipo est\u00e1 aqu\u00ed para guiarle en cada [&hellip;]","og_url":"https:\/\/abogadajulia.com\/es\/servicios\/residencias-peticiones-familiares\/","og_site_name":"Abogada de Inmigraci\u00f3n - Experta en Visa T - Abogada Julia","article_publisher":"https:\/\/www.facebook.com\/abogadadeinmigracionjulia\/","article_modified_time":"2025-09-04T14:46:54+00:00","twitter_card":"summary_large_image","twitter_misc":{"Est. reading time":"3 minutes"},"schema":{"@context":"https:\/\/schema.org","@graph":[{"@type":"WebPage","@id":"https:\/\/abogadajulia.com\/servicios\/residencias-peticiones-familiares\/","url":"https:\/\/abogadajulia.com\/servicios\/residencias-peticiones-familiares\/","name":"Residencias - Peticiones Familiares - Abogada de Inmigraci\u00f3n - Experta en Visa T - Abogada Julia","isPartOf":{"@id":"https:\/\/abogadajulia.com\/#website"},"primaryImageOfPage":{"@id":"https:\/\/abogadajulia.com\/servicios\/residencias-peticiones-familiares\/#primaryimage"},"image":{"@id":"https:\/\/abogadajulia.com\/servicios\/residencias-peticiones-familiares\/#primaryimage"},"thumbnailUrl":"https:\/\/abogadajulia.com\/wp-content\/uploads\/2024\/10\/Website_images_Servicios_Family-Petitions-1024x576.avif","datePublished":"2024-08-23T15:01:32+00:00","dateModified":"2025-09-04T14:46:54+00:00","breadcrumb":{"@id":"https:\/\/abogadajulia.com\/servicios\/residencias-peticiones-familiares\/#breadcrumb"},"inLanguage":"es","potentialAction":[{"@type":"ReadAction","target":["https:\/\/abogadajulia.com\/servicios\/residencias-peticiones-familiares\/"]}]},{"@type":"ImageObject","inLanguage":"es","@id":"https:\/\/abogadajulia.com\/servicios\/residencias-peticiones-familiares\/#primaryimage","url":"https:\/\/abogadajulia.com\/wp-content\/uploads\/2024\/10\/Website_images_Servicios_Family-Petitions-1024x576.avif","contentUrl":"https:\/\/abogadajulia.com\/wp-content\/uploads\/2024\/10\/Website_images_Servicios_Family-Petitions-1024x576.avif"},{"@type":"BreadcrumbList","@id":"https:\/\/abogadajulia.com\/servicios\/residencias-peticiones-familiares\/#breadcrumb","itemListElement":[{"@type":"ListItem","position":1,"name":"Home","item":"https:\/\/abogadajulia.com\/"},{"@type":"ListItem","position":2,"name":"Servicios de la Abogada Julia","item":"https:\/\/abogadajulia.com\/servicios\/"},{"@type":"ListItem","position":3,"name":"Residencias &#8211; Peticiones Familiares"}]},{"@type":"WebSite","@id":"https:\/\/abogadajulia.com\/#website","url":"https:\/\/abogadajulia.com\/","name":"Abogada de Inmigraci\u00f3n - Experta en Visa T - Abogada Julia","description":"Abogada de Inmigraci\u00f3n - Experta en Visa T","publisher":{"@id":"https:\/\/abogadajulia.com\/#organization"},"potentialAction":[{"@type":"SearchAction","target":{"@type":"EntryPoint","urlTemplate":"https:\/\/abogadajulia.com\/?s={search_term_string}"},"query-input":{"@type":"PropertyValueSpecification","valueRequired":true,"valueName":"search_term_string"}}],"inLanguage":"es"},{"@type":"Organization","@id":"https:\/\/abogadajulia.com\/#organization","name":"Abogada de Inmigraci\u00f3n - Experta en Visa T - Abogada Julia","url":"https:\/\/abogadajulia.com\/","logo":{"@type":"ImageObject","inLanguage":"es","@id":"https:\/\/abogadajulia.com\/#\/schema\/logo\/image\/","url":"https:\/\/abogadajulia.com\/wp-content\/uploads\/2025\/09\/AJ-GFI_Color_Logo-scaled.png","contentUrl":"https:\/\/abogadajulia.com\/wp-content\/uploads\/2025\/09\/AJ-GFI_Color_Logo-scaled.png","width":2560,"height":510,"caption":"Abogada de Inmigraci\u00f3n - Experta en Visa T - Abogada Julia"},"image":{"@id":"https:\/\/abogadajulia.com\/#\/schema\/logo\/image\/"},"sameAs":["https:\/\/www.facebook.com\/abogadadeinmigracionjulia\/","https:\/\/www.instagram.com\/abogadadeinmigracionjulia\/","https:\/\/www.tiktok.com\/@abogadajulia","https:\/\/www.youtube.com\/channel\/UCgnxaArpnMIRx_2yhI2EYFA"]}]}},"featured_image_src":null,"featured_image_src_square":null,"_links":{"self":[{"href":"https:\/\/abogadajulia.com\/es\/wp-json\/wp\/v2\/pages\/1154","targetHints":{"allow":["GET"]}}],"collection":[{"href":"https:\/\/abogadajulia.com\/es\/wp-json\/wp\/v2\/pages"}],"about":[{"href":"https:\/\/abogadajulia.com\/es\/wp-json\/wp\/v2\/types\/page"}],"author":[{"embeddable":true,"href":"https:\/\/abogadajulia.com\/es\/wp-json\/wp\/v2\/users\/1"}],"replies":[{"embeddable":true,"href":"https:\/\/abogadajulia.com\/es\/wp-json\/wp\/v2\/comments?post=1154"}],"version-history":[{"count":19,"href":"https:\/\/abogadajulia.com\/es\/wp-json\/wp\/v2\/pages\/1154\/revisions"}],"predecessor-version":[{"id":2702,"href":"https:\/\/abogadajulia.com\/es\/wp-json\/wp\/v2\/pages\/1154\/revisions\/2702"}],"up":[{"embeddable":true,"href":"https:\/\/abogadajulia.com\/es\/wp-json\/wp\/v2\/pages\/46"}],"wp:attachment":[{"href":"https:\/\/abogadajulia.com\/es\/wp-json\/wp\/v2\/media?parent=1154"}],"curies":[{"name":"wp","href":"https:\/\/api.w.org\/{rel}","templated":true}]}}