{"id":1150,"date":"2024-08-23T15:00:30","date_gmt":"2024-08-23T15:00:30","guid":{"rendered":"https:\/\/abogadajulia.com\/?page_id=1150"},"modified":"2026-01-13T21:03:55","modified_gmt":"2026-01-13T21:03:55","slug":"vawa","status":"publish","type":"page","link":"https:\/\/abogadajulia.com\/es\/servicios\/vawa\/","title":{"rendered":"VAWA"},"content":{"rendered":"\n<div class=\"wp-block-group alignwide has-base-background-color has-background has-global-padding is-layout-constrained wp-container-core-group-is-layout-06621e2f wp-block-group-is-layout-constrained\" style=\"margin-top:0;margin-bottom:0;padding-top:var(--wp--preset--spacing--50);padding-right:var(--wp--preset--spacing--50);padding-bottom:var(--wp--preset--spacing--30);padding-left:var(--wp--preset--spacing--50)\">\n<div class=\"wp-block-columns alignwide is-layout-flex wp-container-core-columns-is-layout-2c8f09fd wp-block-columns-is-layout-flex\">\n<div class=\"wp-block-column is-vertically-aligned-top is-layout-flow wp-block-column-is-layout-flow\" style=\"flex-basis:65%\">\n<div class=\"wp-block-group is-vertical is-content-justification-left is-layout-flex wp-container-core-group-is-layout-994fc1a2 wp-block-group-is-layout-flex\" style=\"min-height:100%\">\n<div class=\"wp-block-group has-global-padding is-layout-constrained wp-container-core-group-is-layout-c2c74634 wp-block-group-is-layout-constrained\" style=\"border-top-style:none;border-top-width:0px;border-right-style:none;border-right-width:0px;border-bottom-style:none;border-bottom-width:0px;border-left-color:var(--wp--preset--color--custom-aj-logo-red);border-left-width:4px;padding-top:8px;padding-right:var(--wp--preset--spacing--10);padding-bottom:8px;padding-left:var(--wp--preset--spacing--10)\">\n<h1 class=\"wp-block-heading has-custom-aj-logo-blue-color has-text-color has-link-color has-medium-font-size wp-elements-cb19a7659c95cdd2313dfe79e7197f63\">Nuestros Servicios<\/h1>\n<\/div>\n\n\n\n<h2 class=\"wp-block-heading has-x-large-font-size\">VAWA<\/h2>\n\n\n\n<p>En&nbsp;<strong>Abogada Julia &#8211; GF Immigration Law<\/strong>, abrimos oportunidades para un futuro mejor. Si ha sufrido violencia dom\u00e9stica o abuso por parte de su pareja ciudadano estadounidense o residente permanente, o por sus hijos mayores de 21 a\u00f1os,&nbsp; podr\u00eda calificar para&nbsp;<strong>VAWA<\/strong>.&nbsp;<\/p>\n\n\n\n<p>Con&nbsp;<strong>VAWA<\/strong>, es posible obtener un&nbsp;<strong>permiso de trabajo<\/strong>&nbsp;mientras su caso est\u00e1 pendiente. Estamos comprometidos a ayudarle en cada paso del camino, luchando por sus derechos y para alcanzar la seguridad y estabilidad que merece.<\/p>\n\n\n\n<div class=\"wp-block-buttons is-vertical is-nowrap is-layout-flex wp-container-core-buttons-is-layout-4d991a19 wp-block-buttons-is-layout-flex\" style=\"margin-top:var(--wp--preset--spacing--20);margin-bottom:var(--wp--preset--spacing--20)\">\n<div class=\"wp-block-button\"><a class=\"wp-block-button__link has-custom-aj-logo-red-background-color has-background wp-element-button\" href=\"tel:+18779260808\">Ll\u00e1menos para revisar tu caso GRATIS<\/a><\/div>\n<\/div>\n<\/div>\n<\/div>\n\n\n\n<div class=\"wp-block-column is-vertically-aligned-center is-layout-flow wp-block-column-is-layout-flow\" style=\"flex-basis:45%\">\n<div class=\"wp-block-group has-global-padding is-content-justification-left is-layout-constrained wp-container-core-group-is-layout-c4d06299 wp-block-group-is-layout-constrained\"><\/p>\n\n\n\n<figure class=\"wp-block-embed is-type-video is-provider-youtube wp-block-embed-youtube wp-embed-aspect-16-9 wp-has-aspect-ratio\"><div class=\"wp-block-embed__wrapper\">\n<iframe loading=\"lazy\" title=\"P\u00edldoras de Inmigraci\u00f3n: Todo sobre VAWA quien califica y c\u00f3mo puede ayudarte a arreglar tus papeles\" width=\"500\" height=\"281\" src=\"https:\/\/www.youtube.com\/embed\/YwAv2x7YrwY?feature=oembed\" frameborder=\"0\" allow=\"accelerometer; autoplay; clipboard-write; encrypted-media; gyroscope; picture-in-picture; web-share\" referrerpolicy=\"strict-origin-when-cross-origin\" allowfullscreen><\/iframe>\n<\/div><\/figure>\n\n\n<p>\n<\/div>\n\n\n\n<div class=\"wp-block-group has-global-padding is-content-justification-left is-layout-constrained wp-container-core-group-is-layout-c4d06299 wp-block-group-is-layout-constrained\">\n<\/div>\n\n\n\n<div class=\"wp-block-group has-global-padding is-content-justification-left is-layout-constrained wp-container-core-group-is-layout-c4d06299 wp-block-group-is-layout-constrained\">\n<\/div>\n<\/div>\n<\/div>\n<\/div>\n\n\n\n<div class=\"wp-block-group alignwide has-base-background-color has-background is-layout-flow wp-block-group-is-layout-flow\" style=\"margin-top:0;margin-bottom:0;padding-top:var(--wp--preset--spacing--30);padding-right:var(--wp--preset--spacing--50);padding-bottom:var(--wp--preset--spacing--50);padding-left:var(--wp--preset--spacing--50)\">\n<div class=\"wp-block-group has-global-padding is-layout-constrained wp-container-core-group-is-layout-530ec779 wp-block-group-is-layout-constrained\">\n<h3 class=\"wp-block-heading has-custom-aj-logo-red-color has-text-color has-link-color wp-elements-51af074586b73aa496bf5fdced248f22\"><strong>\u00bfQu\u00e9 es la VAWA y c\u00f3mo puedo saber si califico?<\/strong><\/h3>\n\n\n\n<p>La VAWA es una auto-petici\u00f3n que ofrece protecci\u00f3n contra inmigraci\u00f3n, confidencialidad y la oportunidad de arreglar su estatus migratorio de manera independiente para quienes han sufrido problemas familiares, como control, maltrato o amenazas. No se necesitan pruebas f\u00edsicas como reportes de polic\u00eda para calificar.<\/p>\n\n\n\n<div style=\"color:#ddd\" class=\"wp-block-genesis-blocks-gb-spacer gb-block-spacer gb-divider-solid gb-divider-size-1\"><hr style=\"height:30px\"\/><\/div>\n\n\n\n<h4 class=\"wp-block-heading has-custom-aj-logo-red-color has-text-color has-link-color wp-elements-75d226c8bf81256995528ddc39414726\"><strong>\u00bfQui\u00e9nes son elegibles?<\/strong><\/h4>\n\n\n\n<ul class=\"wp-block-list\">\n<li>Personas casadas con ciudadanos americanos o residentes legales.<\/li>\n\n\n\n<li>Personas divorciadas de un ciudadano americano o residente legal hace no m\u00e1s de 2 a\u00f1os.<\/li>\n\n\n\n<li>Personas viuda\/os de un ciudadano americano que falleci\u00f3 hace no m\u00e1s de 2 a\u00f1os.<\/li>\n\n\n\n<li>Padres de hijos ciudadanos americanos mayores de 21 a\u00f1os.<\/li>\n\n\n\n<li>Hijos menores de 21 a\u00f1os de un ciudadano americano.<\/li>\n<\/ul>\n\n\n\n<p>Tanto hombres como mujeres pueden calificar. La petici\u00f3n es confidencial y no involucra a ning\u00fan familiar. No es necesario divorciarse de su pareja con papeles para calificar y tampoco es necesario tener un reporte de polic\u00eda ya que su declaraci\u00f3n de lo sucedido es la prueba m\u00e1s importante.<\/p>\n\n\n\n<p>Hay situaciones que se presentan dentro del hogar que para la familia son cosas dentro de lo normal, sin embargo la ley las puede ver como \u201cproblemas\u201d que pueden calificar para un caso VAWA. Muchas personas no se dan cuenta de que alguna situaciones familiares pueden calificar para este tipo de caso. &nbsp;Los problemas familiares pueden incluir, por ejemplo, control financiero y personal, desprecio, amenazas, intimidaci\u00f3n, control sexual, gritos, insultos, celos excesivos y abuso f\u00edsico.&nbsp;<\/p>\n\n\n\n<p>Los problemas familiares con hijos tambi\u00e9n pueden presentarse como desprecio, rebeld\u00eda, uso de sustancias como alcohol o drogas, manipulaci\u00f3n, burlas hacia usted por no hablar ingl\u00e9s, su falta de educaci\u00f3n o sus conocimientos generales. Este maltrato puede extenderse a ser forzado a hacer cosas no deseadas, sentirse amenazado o intimidado.<\/p>\n\n\n\n<p>Algunos ejemplos de situaciones que podr\u00edan calificar:<\/p>\n\n\n\n<ul class=\"wp-block-list\">\n<li>No tener acceso a su propio dinero.<\/li>\n\n\n\n<li>Pareja que verifica constantemente su ubicaci\u00f3n.<\/li>\n\n\n\n<li>Pareja que comparte y controla sus redes sociales.<\/li>\n\n\n\n<li>Retenci\u00f3n del pasaporte o amenazas relacionadas con la inmigraci\u00f3n.<\/li>\n\n\n\n<li>Control sexual en la relaci\u00f3n \u00edntima.<\/li>\n\n\n\n<li>Gritos, insultos o celos excesivos donde siempre revisan sus redes sociales o le a\u00edslan de sus amigos y familiares.<\/li>\n\n\n\n<li>Hijos rebeldes<\/li>\n<\/ul>\n\n\n\n<p>Sin embargo, cada din\u00e1mica familiar es diferente, y estos son solo algunos ejemplos. Existen muchas otras situaciones y din\u00e1micas familiares que pueden calificar para este tipo de casos.<\/p>\n\n\n\n<p>La presentaci\u00f3n de una petici\u00f3n VAWA permite arreglar su estatus de forma independiente. No redefine sus relaciones por ejemplo, de hecho no necesita divorciarse) y no requiere haber sufrido violencia f\u00edsica ni tener un reporte de polic\u00eda. Incluso personas con antecedentes de inmigraci\u00f3n complejos, como entradas m\u00faltiples o deportaciones previas, podr\u00edan calificar.&nbsp;<\/p>\n\n\n\n<p>Algunos casos de VAWA pueden ser presentados junto con una solicitud de residencia, o como un caso de VAWA independiente que te puede dar un permiso de trabajo. Estos son s\u00f3lo algunos de los ejemplos y se\u00f1ales de alarma. Si cree que alguno de los puntos anteriores puede aplicarse a su situaci\u00f3n, podemos ayudarlo a evaluar su caso.<\/p>\n\n\n\n<div style=\"color:#ddd\" class=\"wp-block-genesis-blocks-gb-spacer gb-block-spacer gb-divider-solid gb-divider-size-1\"><hr style=\"height:30px\"\/><\/div>\n\n\n\n<h4 class=\"wp-block-heading has-custom-aj-logo-red-color has-text-color has-link-color wp-elements-657f392db077330572f0c03d96cd73a1\">\u00bfPueden los hombres calificar para un caso de VAWA?<\/h4>\n\n\n\n<p>S\u00ed, los hombres tambi\u00e9n pueden calificar para un caso de VAWA ya que el maltrato no distingue g\u00e9nero. Si es hombre y ha vivido en una situaci\u00f3n donde se siente por ejemplo controlado, amenazado o maltratado por su pareja, ciudadano estadounidense o residente legal, o por sus hijos mayores de 21 a\u00f1os, ciudadanos americanos, podr\u00eda ser elegible para un caso de VAWA.&nbsp;<\/p>\n<\/div>\n<\/div>\n\n\n\n<div class=\"wp-block-group alignfull has-global-padding is-layout-constrained wp-container-core-group-is-layout-d89aad35 wp-block-group-is-layout-constrained\" style=\"margin-top:0;margin-bottom:0;padding-top:var(--wp--preset--spacing--50);padding-right:var(--wp--preset--spacing--50);padding-bottom:var(--wp--preset--spacing--50);padding-left:var(--wp--preset--spacing--50)\">\n<div class=\"wp-block-columns alignwide is-layout-flex wp-container-core-columns-is-layout-2c8f09fd wp-block-columns-is-layout-flex\">\n<div class=\"wp-block-column is-vertically-aligned-top is-layout-flow wp-block-column-is-layout-flow\" style=\"flex-basis:75%\">\n<figure class=\"wp-block-image size-full is-style-rounded is-style-rounded--1\"><img loading=\"lazy\" decoding=\"async\" width=\"1280\" height=\"1920\" src=\"https:\/\/abogadajulia.com\/wp-content\/uploads\/2024\/09\/Servicesfooter.avif\" alt=\"\" class=\"wp-image-1624\" style=\"aspect-ratio:4\/3;object-fit:cover\" srcset=\"https:\/\/abogadajulia.com\/wp-content\/uploads\/2024\/09\/Servicesfooter.avif 1280w, https:\/\/abogadajulia.com\/wp-content\/uploads\/2024\/09\/Servicesfooter-200x300.avif 200w, https:\/\/abogadajulia.com\/wp-content\/uploads\/2024\/09\/Servicesfooter-683x1024.avif 683w, https:\/\/abogadajulia.com\/wp-content\/uploads\/2024\/09\/Servicesfooter-768x1152.avif 768w, https:\/\/abogadajulia.com\/wp-content\/uploads\/2024\/09\/Servicesfooter-1024x1536.avif 1024w, https:\/\/abogadajulia.com\/wp-content\/uploads\/2024\/09\/Servicesfooter-8x12.avif 8w\" sizes=\"auto, (max-width: 1280px) 100vw, 1280px\" \/><\/figure>\n<\/div>\n\n\n\n<div class=\"wp-block-column is-vertically-aligned-center is-layout-flow wp-block-column-is-layout-flow\" style=\"flex-basis:60%\">\n<h2 class=\"wp-block-heading has-text-align-left has-custom-aj-logo-black-color has-text-color has-link-color has-large-font-size wp-elements-25f699f61672a56e31a3d165b5092dd3\"><strong>\u00bfListo para dar el primer paso hacia un futuro mejor en Estados Unidos?<\/strong><\/h2>\n\n\n\n<p class=\"has-text-align-left has-custom-aj-logo-black-color has-text-color has-link-color wp-elements-25bef0046d4050805f823b64dbeac466\">Ll\u00e1menos hoy para una revisi\u00f3n GRATIS. En <strong>Abogada Julia &#8211; GF Immigration Law<\/strong>, su futuro empieza con una llamada.<\/p>\n\n\n\n<div class=\"wp-block-buttons is-content-justification-left is-layout-flex wp-container-core-buttons-is-layout-fc4fd283 wp-block-buttons-is-layout-flex\">\n<div class=\"wp-block-button\"><a class=\"wp-block-button__link has-custom-aj-logo-red-background-color has-background has-medium-font-size has-custom-font-size wp-element-button\" href=\"tel:+18779260808\">LL\u00e1MENOS<\/a><\/div>\n<\/div>\n<\/div>\n<\/div>\n<\/div>\n","protected":false},"excerpt":{"rendered":"<p>Nuestros Servicios VAWA En&nbsp;Abogada Julia &#8211; GF Immigration Law, abrimos oportunidades para un futuro mejor. Si ha sufrido violencia dom\u00e9stica o abuso por parte de su pareja ciudadano estadounidense o residente permanente, o por sus hijos mayores de 21 a\u00f1os,&nbsp; podr\u00eda calificar para&nbsp;VAWA.&nbsp; Con&nbsp;VAWA, es posible obtener un&nbsp;permiso de trabajo&nbsp;mientras su caso est\u00e1 pendiente. Estamos [&hellip;]<\/p>\n","protected":false},"author":1,"featured_media":0,"parent":46,"menu_order":0,"comment_status":"closed","ping_status":"closed","template":"","meta":{"footnotes":""},"class_list":["post-1150","page","type-page","status-publish","hentry"],"yoast_head":"<!-- This site is optimized with the Yoast SEO plugin v27.0 - https:\/\/yoast.com\/product\/yoast-seo-wordpress\/ -->\n<title>VAWA - Abogada de Inmigraci\u00f3n - Experta en Visa T - Abogada Julia<\/title>\n<meta name=\"robots\" content=\"index, follow, max-snippet:-1, max-image-preview:large, max-video-preview:-1\" \/>\n<link rel=\"canonical\" href=\"https:\/\/abogadajulia.com\/es\/servicios\/vawa\/\" \/>\n<meta property=\"og:locale\" content=\"es_ES\" \/>\n<meta property=\"og:type\" content=\"article\" \/>\n<meta property=\"og:title\" content=\"VAWA - Abogada de Inmigraci\u00f3n - Experta en Visa T - Abogada Julia\" \/>\n<meta property=\"og:description\" content=\"Nuestros Servicios VAWA En&nbsp;Abogada Julia &#8211; GF Immigration Law, abrimos oportunidades para un futuro mejor. Si ha sufrido violencia dom\u00e9stica o abuso por parte de su pareja ciudadano estadounidense o residente permanente, o por sus hijos mayores de 21 a\u00f1os,&nbsp; podr\u00eda calificar para&nbsp;VAWA.&nbsp; Con&nbsp;VAWA, es posible obtener un&nbsp;permiso de trabajo&nbsp;mientras su caso est\u00e1 pendiente. Estamos [&hellip;]\" \/>\n<meta property=\"og:url\" content=\"https:\/\/abogadajulia.com\/es\/servicios\/vawa\/\" \/>\n<meta property=\"og:site_name\" content=\"Abogada de Inmigraci\u00f3n - Experta en Visa T - Abogada Julia\" \/>\n<meta property=\"article:publisher\" content=\"https:\/\/www.facebook.com\/abogadadeinmigracionjulia\/\" \/>\n<meta property=\"article:modified_time\" content=\"2026-01-13T21:03:55+00:00\" \/>\n<meta name=\"twitter:card\" content=\"summary_large_image\" \/>\n<meta name=\"twitter:label1\" content=\"Est. reading time\" \/>\n\t<meta name=\"twitter:data1\" content=\"4 minutes\" \/>\n<script type=\"application\/ld+json\" class=\"yoast-schema-graph\">{\"@context\":\"https:\/\/schema.org\",\"@graph\":[{\"@type\":\"WebPage\",\"@id\":\"https:\/\/abogadajulia.com\/servicios\/vawa\/\",\"url\":\"https:\/\/abogadajulia.com\/servicios\/vawa\/\",\"name\":\"VAWA - Abogada de Inmigraci\u00f3n - Experta en Visa T - Abogada Julia\",\"isPartOf\":{\"@id\":\"https:\/\/abogadajulia.com\/#website\"},\"primaryImageOfPage\":{\"@id\":\"https:\/\/abogadajulia.com\/servicios\/vawa\/#primaryimage\"},\"image\":{\"@id\":\"https:\/\/abogadajulia.com\/servicios\/vawa\/#primaryimage\"},\"thumbnailUrl\":\"https:\/\/abogadajulia.com\/wp-content\/uploads\/2024\/10\/VAWA_AJ_Logo_website-1024x576.avif\",\"datePublished\":\"2024-08-23T15:00:30+00:00\",\"dateModified\":\"2026-01-13T21:03:55+00:00\",\"breadcrumb\":{\"@id\":\"https:\/\/abogadajulia.com\/servicios\/vawa\/#breadcrumb\"},\"inLanguage\":\"es\",\"potentialAction\":[{\"@type\":\"ReadAction\",\"target\":[\"https:\/\/abogadajulia.com\/servicios\/vawa\/\"]}]},{\"@type\":\"ImageObject\",\"inLanguage\":\"es\",\"@id\":\"https:\/\/abogadajulia.com\/servicios\/vawa\/#primaryimage\",\"url\":\"https:\/\/abogadajulia.com\/wp-content\/uploads\/2024\/10\/VAWA_AJ_Logo_website-1024x576.avif\",\"contentUrl\":\"https:\/\/abogadajulia.com\/wp-content\/uploads\/2024\/10\/VAWA_AJ_Logo_website-1024x576.avif\"},{\"@type\":\"BreadcrumbList\",\"@id\":\"https:\/\/abogadajulia.com\/servicios\/vawa\/#breadcrumb\",\"itemListElement\":[{\"@type\":\"ListItem\",\"position\":1,\"name\":\"Home\",\"item\":\"https:\/\/abogadajulia.com\/\"},{\"@type\":\"ListItem\",\"position\":2,\"name\":\"Servicios de la Abogada Julia\",\"item\":\"https:\/\/abogadajulia.com\/servicios\/\"},{\"@type\":\"ListItem\",\"position\":3,\"name\":\"VAWA\"}]},{\"@type\":\"WebSite\",\"@id\":\"https:\/\/abogadajulia.com\/#website\",\"url\":\"https:\/\/abogadajulia.com\/\",\"name\":\"Abogada de Inmigraci\u00f3n - Experta en Visa T - Abogada Julia\",\"description\":\"Abogada de Inmigraci\u00f3n - Experta en Visa T\",\"publisher\":{\"@id\":\"https:\/\/abogadajulia.com\/#organization\"},\"potentialAction\":[{\"@type\":\"SearchAction\",\"target\":{\"@type\":\"EntryPoint\",\"urlTemplate\":\"https:\/\/abogadajulia.com\/?s={search_term_string}\"},\"query-input\":{\"@type\":\"PropertyValueSpecification\",\"valueRequired\":true,\"valueName\":\"search_term_string\"}}],\"inLanguage\":\"es\"},{\"@type\":\"Organization\",\"@id\":\"https:\/\/abogadajulia.com\/#organization\",\"name\":\"Abogada de Inmigraci\u00f3n - Experta en Visa T - Abogada Julia\",\"url\":\"https:\/\/abogadajulia.com\/\",\"logo\":{\"@type\":\"ImageObject\",\"inLanguage\":\"es\",\"@id\":\"https:\/\/abogadajulia.com\/#\/schema\/logo\/image\/\",\"url\":\"https:\/\/abogadajulia.com\/wp-content\/uploads\/2025\/09\/AJ-GFI_Color_Logo-scaled.png\",\"contentUrl\":\"https:\/\/abogadajulia.com\/wp-content\/uploads\/2025\/09\/AJ-GFI_Color_Logo-scaled.png\",\"width\":2560,\"height\":510,\"caption\":\"Abogada de Inmigraci\u00f3n - Experta en Visa T - Abogada Julia\"},\"image\":{\"@id\":\"https:\/\/abogadajulia.com\/#\/schema\/logo\/image\/\"},\"sameAs\":[\"https:\/\/www.facebook.com\/abogadadeinmigracionjulia\/\",\"https:\/\/www.instagram.com\/abogadadeinmigracionjulia\/\",\"https:\/\/www.tiktok.com\/@abogadajulia\",\"https:\/\/www.youtube.com\/channel\/UCgnxaArpnMIRx_2yhI2EYFA\"]}]}<\/script>\n<!-- \/ Yoast SEO plugin. -->","yoast_head_json":{"title":"VAWA - Abogada de Inmigraci\u00f3n - Experta en Visa T - Abogada Julia","robots":{"index":"index","follow":"follow","max-snippet":"max-snippet:-1","max-image-preview":"max-image-preview:large","max-video-preview":"max-video-preview:-1"},"canonical":"https:\/\/abogadajulia.com\/es\/servicios\/vawa\/","og_locale":"es_ES","og_type":"article","og_title":"VAWA - Abogada de Inmigraci\u00f3n - Experta en Visa T - Abogada Julia","og_description":"Nuestros Servicios VAWA En&nbsp;Abogada Julia &#8211; GF Immigration Law, abrimos oportunidades para un futuro mejor. Si ha sufrido violencia dom\u00e9stica o abuso por parte de su pareja ciudadano estadounidense o residente permanente, o por sus hijos mayores de 21 a\u00f1os,&nbsp; podr\u00eda calificar para&nbsp;VAWA.&nbsp; Con&nbsp;VAWA, es posible obtener un&nbsp;permiso de trabajo&nbsp;mientras su caso est\u00e1 pendiente. Estamos [&hellip;]","og_url":"https:\/\/abogadajulia.com\/es\/servicios\/vawa\/","og_site_name":"Abogada de Inmigraci\u00f3n - Experta en Visa T - Abogada Julia","article_publisher":"https:\/\/www.facebook.com\/abogadadeinmigracionjulia\/","article_modified_time":"2026-01-13T21:03:55+00:00","twitter_card":"summary_large_image","twitter_misc":{"Est. reading time":"4 minutes"},"schema":{"@context":"https:\/\/schema.org","@graph":[{"@type":"WebPage","@id":"https:\/\/abogadajulia.com\/servicios\/vawa\/","url":"https:\/\/abogadajulia.com\/servicios\/vawa\/","name":"VAWA - Abogada de Inmigraci\u00f3n - Experta en Visa T - Abogada Julia","isPartOf":{"@id":"https:\/\/abogadajulia.com\/#website"},"primaryImageOfPage":{"@id":"https:\/\/abogadajulia.com\/servicios\/vawa\/#primaryimage"},"image":{"@id":"https:\/\/abogadajulia.com\/servicios\/vawa\/#primaryimage"},"thumbnailUrl":"https:\/\/abogadajulia.com\/wp-content\/uploads\/2024\/10\/VAWA_AJ_Logo_website-1024x576.avif","datePublished":"2024-08-23T15:00:30+00:00","dateModified":"2026-01-13T21:03:55+00:00","breadcrumb":{"@id":"https:\/\/abogadajulia.com\/servicios\/vawa\/#breadcrumb"},"inLanguage":"es","potentialAction":[{"@type":"ReadAction","target":["https:\/\/abogadajulia.com\/servicios\/vawa\/"]}]},{"@type":"ImageObject","inLanguage":"es","@id":"https:\/\/abogadajulia.com\/servicios\/vawa\/#primaryimage","url":"https:\/\/abogadajulia.com\/wp-content\/uploads\/2024\/10\/VAWA_AJ_Logo_website-1024x576.avif","contentUrl":"https:\/\/abogadajulia.com\/wp-content\/uploads\/2024\/10\/VAWA_AJ_Logo_website-1024x576.avif"},{"@type":"BreadcrumbList","@id":"https:\/\/abogadajulia.com\/servicios\/vawa\/#breadcrumb","itemListElement":[{"@type":"ListItem","position":1,"name":"Home","item":"https:\/\/abogadajulia.com\/"},{"@type":"ListItem","position":2,"name":"Servicios de la Abogada Julia","item":"https:\/\/abogadajulia.com\/servicios\/"},{"@type":"ListItem","position":3,"name":"VAWA"}]},{"@type":"WebSite","@id":"https:\/\/abogadajulia.com\/#website","url":"https:\/\/abogadajulia.com\/","name":"Abogada de Inmigraci\u00f3n - Experta en Visa T - Abogada Julia","description":"Abogada de Inmigraci\u00f3n - Experta en Visa T","publisher":{"@id":"https:\/\/abogadajulia.com\/#organization"},"potentialAction":[{"@type":"SearchAction","target":{"@type":"EntryPoint","urlTemplate":"https:\/\/abogadajulia.com\/?s={search_term_string}"},"query-input":{"@type":"PropertyValueSpecification","valueRequired":true,"valueName":"search_term_string"}}],"inLanguage":"es"},{"@type":"Organization","@id":"https:\/\/abogadajulia.com\/#organization","name":"Abogada de Inmigraci\u00f3n - Experta en Visa T - Abogada Julia","url":"https:\/\/abogadajulia.com\/","logo":{"@type":"ImageObject","inLanguage":"es","@id":"https:\/\/abogadajulia.com\/#\/schema\/logo\/image\/","url":"https:\/\/abogadajulia.com\/wp-content\/uploads\/2025\/09\/AJ-GFI_Color_Logo-scaled.png","contentUrl":"https:\/\/abogadajulia.com\/wp-content\/uploads\/2025\/09\/AJ-GFI_Color_Logo-scaled.png","width":2560,"height":510,"caption":"Abogada de Inmigraci\u00f3n - Experta en Visa T - Abogada Julia"},"image":{"@id":"https:\/\/abogadajulia.com\/#\/schema\/logo\/image\/"},"sameAs":["https:\/\/www.facebook.com\/abogadadeinmigracionjulia\/","https:\/\/www.instagram.com\/abogadadeinmigracionjulia\/","https:\/\/www.tiktok.com\/@abogadajulia","https:\/\/www.youtube.com\/channel\/UCgnxaArpnMIRx_2yhI2EYFA"]}]}},"featured_image_src":null,"featured_image_src_square":null,"_links":{"self":[{"href":"https:\/\/abogadajulia.com\/es\/wp-json\/wp\/v2\/pages\/1150","targetHints":{"allow":["GET"]}}],"collection":[{"href":"https:\/\/abogadajulia.com\/es\/wp-json\/wp\/v2\/pages"}],"about":[{"href":"https:\/\/abogadajulia.com\/es\/wp-json\/wp\/v2\/types\/page"}],"author":[{"embeddable":true,"href":"https:\/\/abogadajulia.com\/es\/wp-json\/wp\/v2\/users\/1"}],"replies":[{"embeddable":true,"href":"https:\/\/abogadajulia.com\/es\/wp-json\/wp\/v2\/comments?post=1150"}],"version-history":[{"count":28,"href":"https:\/\/abogadajulia.com\/es\/wp-json\/wp\/v2\/pages\/1150\/revisions"}],"predecessor-version":[{"id":3099,"href":"https:\/\/abogadajulia.com\/es\/wp-json\/wp\/v2\/pages\/1150\/revisions\/3099"}],"up":[{"embeddable":true,"href":"https:\/\/abogadajulia.com\/es\/wp-json\/wp\/v2\/pages\/46"}],"wp:attachment":[{"href":"https:\/\/abogadajulia.com\/es\/wp-json\/wp\/v2\/media?parent=1150"}],"curies":[{"name":"wp","href":"https:\/\/api.w.org\/{rel}","templated":true}]}}