{"id":535,"date":"2024-07-26T01:10:24","date_gmt":"2024-07-26T01:10:24","guid":{"rendered":"https:\/\/abogadajulia.com\/?page_id=535"},"modified":"2026-01-13T21:01:14","modified_gmt":"2026-01-13T21:01:14","slug":"visa-t","status":"publish","type":"page","link":"https:\/\/abogadajulia.com\/en\/servicios\/visa-t\/","title":{"rendered":"T Visa"},"content":{"rendered":"<div class=\"wp-block-group alignwide has-base-background-color has-background has-global-padding is-layout-constrained wp-container-core-group-is-layout-b3e45b7c wp-block-group-is-layout-constrained\" style=\"margin-top:0;margin-bottom:0;padding-top:var(--wp--preset--spacing--50);padding-right:var(--wp--preset--spacing--50);padding-bottom:var(--wp--preset--spacing--30);padding-left:var(--wp--preset--spacing--50)\">\n<div class=\"wp-block-columns alignwide is-layout-flex wp-container-core-columns-is-layout-2c8f09fd wp-block-columns-is-layout-flex\">\n<div class=\"wp-block-column is-vertically-aligned-top is-layout-flow wp-block-column-is-layout-flow\" style=\"flex-basis:55%\">\n<div class=\"wp-block-group is-vertical is-content-justification-left is-layout-flex wp-container-core-group-is-layout-994fc1a2 wp-block-group-is-layout-flex\" style=\"min-height:100%\">\n<div class=\"wp-block-group has-global-padding is-layout-constrained wp-container-core-group-is-layout-c2c74634 wp-block-group-is-layout-constrained\" style=\"border-top-style:none;border-top-width:0px;border-right-style:none;border-right-width:0px;border-bottom-style:none;border-bottom-width:0px;border-left-color:var(--wp--preset--color--custom-aj-logo-red);border-left-width:4px;padding-top:8px;padding-right:var(--wp--preset--spacing--10);padding-bottom:8px;padding-left:var(--wp--preset--spacing--10)\">\n<h1 class=\"wp-block-heading has-custom-aj-logo-blue-color has-text-color has-link-color has-medium-font-size wp-elements-cb19a7659c95cdd2313dfe79e7197f63\">Our Services<\/h1>\n<\/div>\n\n\n\n<h2 class=\"wp-block-heading has-x-large-font-size\">T Visa<\/h2>\n\n\n\n<p class=\"wp-container-content-0733e5d0\">At <strong>Abogada Julia &#8211; GF Immigration Law<\/strong>, we are experts in <strong>T Visa<\/strong> and have helped over 8,000 people obtain legal protection in the U.S. If you have experienced exploitation by an employer, those who assisted you in crossing the border, or domestic violence, you may qualify for a T Visa.&nbsp;<\/p>\n\n\n\n<p>With the recent changes to the<strong>&nbsp;T Visa<\/strong>&nbsp;as of August 28, 2024, it is now possible to obtain a bona fide&nbsp;<strong>work permit<\/strong>&nbsp;while your case is pending. My team and I are here to guide you every step of the way and fight for your rights.<\/p>\n\n\n\n<div class=\"wp-block-buttons has-custom-font-size has-small-font-size is-vertical is-content-justification-left is-nowrap is-layout-flex wp-container-core-buttons-is-layout-df5595a0 wp-block-buttons-is-layout-flex\" style=\"margin-top:var(--wp--preset--spacing--20);margin-bottom:var(--wp--preset--spacing--20)\">\n<div class=\"wp-block-button\"><a class=\"wp-block-button__link has-custom-aj-logo-red-background-color has-background wp-element-button\" href=\"tel:+18779260808\">Call us for a FREE case revision<\/a><\/div>\n<\/div>\n<\/div>\n<\/div>\n\n\n\n<div class=\"wp-block-column is-vertically-aligned-center is-layout-flow wp-block-column-is-layout-flow\" style=\"flex-basis:45%\">\n<div class=\"wp-block-group has-global-padding is-content-justification-left is-layout-constrained wp-container-core-group-is-layout-c4d06299 wp-block-group-is-layout-constrained\">\n<\/div>\n\n\n\n<div class=\"wp-block-group has-global-padding is-content-justification-left is-layout-constrained wp-container-core-group-is-layout-c4d06299 wp-block-group-is-layout-constrained\"><\/p>\n\n\n\n\n\n<figure class=\"wp-block-embed is-type-video is-provider-youtube wp-block-embed-youtube wp-embed-aspect-16-9 wp-has-aspect-ratio\"><div class=\"wp-block-embed__wrapper\">\n<iframe loading=\"lazy\" title=\"P\u00edldoras de Inmigracion: Descubre c\u00f3mo la Visa T podr\u00eda ayudarte a arreglar tus papeles si calificas\" width=\"500\" height=\"281\" src=\"https:\/\/www.youtube.com\/embed\/WsWSbJ4BmpQ?feature=oembed\" frameborder=\"0\" allow=\"accelerometer; autoplay; clipboard-write; encrypted-media; gyroscope; picture-in-picture; web-share\" referrerpolicy=\"strict-origin-when-cross-origin\" allowfullscreen><\/iframe>\n<\/div><\/figure>\n\n\n<p>\n<\/div>\n\n\n\n<div class=\"wp-block-group has-global-padding is-content-justification-left is-layout-constrained wp-container-core-group-is-layout-c4d06299 wp-block-group-is-layout-constrained\">\n<\/div>\n<\/div>\n<\/div>\n<\/div>\n\n\n\n<div class=\"wp-block-group alignwide has-base-background-color has-background is-layout-flow wp-block-group-is-layout-flow\" style=\"margin-top:0;margin-bottom:0;padding-top:var(--wp--preset--spacing--30);padding-right:var(--wp--preset--spacing--50);padding-bottom:var(--wp--preset--spacing--50);padding-left:var(--wp--preset--spacing--50)\">\n<div class=\"wp-block-group has-global-padding is-layout-constrained wp-container-core-group-is-layout-530ec779 wp-block-group-is-layout-constrained\">\n<h3 class=\"wp-block-heading has-custom-aj-logo-red-color has-text-color has-link-color wp-elements-5335b86d9d0117ed8713df73dc22b821\">What is the T Visa?<\/h3>\n\n\n\n<p>Unfortunately, human exploitation remains very common today. Many people are exploited at work, when crossing the border, or suffer from domestic violence and sexual exploitation. Often, victims do not realize the extent of this abuse or that they have been affected, as those who exploit them work hard to \"normalize\" these situations, preventing their victims from recognizing that they have rights.<\/p>\n\n\n\n<p>Our mission is to guide our clients through the process of telling their stories and applying for the T Visa. To qualify, a person does not need to be currently in an exploitative situation, as this visa provides immigration relief even to those who have been victims in the past. In our firm, we help both those who have suffered exploitation and those in emergency situations.&nbsp;<\/p>\n\n\n\n<p>The T Visa is a non-immigrant visa that provides immigration protection for those who have been exploited and their immediate family members, allowing them to legalize their immigration status and stay and work temporarily in the United States. Additionally, the T Visa can also create a pathway to obtain permanent residency (a \"Green Card\").<\/p>\n\n\n\n<div style=\"color:#ddd\" class=\"wp-block-genesis-blocks-gb-spacer gb-block-spacer gb-divider-solid gb-divider-size-1\"><hr style=\"height:30px\"\/><\/div>\n\n\n\n<h4 class=\"wp-block-heading has-custom-aj-logo-red-color has-text-color has-link-color wp-elements-43243598e51aec9c8d976a8cd89b7a42\">Indicators of Exploitation:<\/h4>\n\n\n\n<p>This is NOT a complete list; these are just some of the factors that indicate exploitation:<\/p>\n\n\n\n<ul class=\"wp-block-list\">\n<li>Not being paid properly (unpaid or underpaid), having your hours cut, or not being paid overtime because you don\u2019t have papers.<\/li>\n\n\n\n<li>Living with your employer.<\/li>\n\n\n\n<li>Your employer has told you that you have a \"debt\" to them and that you have to pay it off through your work.<\/li>\n\n\n\n<li>Poor living\/working conditions.<\/li>\n\n\n\n<li>Your employer has threatened to call the police or immigration if you leave or file a complaint.<\/li>\n\n\n\n<li>Your employer forced you to keep working and promised to pay you later, but never did.<\/li>\n\n\n\n<li>Living in overcrowded conditions with many people in a small space.<\/li>\n\n\n\n<li>You made arrangements with someone to cross the border, planning to be brought to the United States, but instead of being set free upon arrival, you were forced to stay in a house. You were made to do domestic work, like cleaning, laundry, or cooking for others.<\/li>\n\n\n\n<li>You were told that you owed much more money than you were originally told and that to pay off this debt, you had to work for them.<\/li>\n\n\n\n<li>During the journey, once in the U.S., those who helped you cross forced you to carry bags, suitcases, or watch over other people.<\/li>\n\n\n\n<li>You received unwanted attention from those who helped you cross; they limited your access to food and water, and you had to \"earn\" them.<\/li>\n\n\n\n<li>You were not allowed to speak to anyone alone.<\/li>\n\n\n\n<li>Physical abuse.<\/li>\n\n\n\n<li>Feeling like a servant in a current or past relationship.<\/li>\n\n\n\n<li>Having suffered domestic violence.<\/li>\n\n\n\n<li>Your employer or a partner took away your identification documents.<\/li>\n\n\n\n<li>Feeling submissive or afraid.<\/li>\n\n\n\n<li>Feeling exploited, forced, or coerced.<\/li>\n\n\n\n<li>Feeling forced into having sexual relations or prostitution.<\/li>\n<\/ul>\n\n\n\n<p>These are just a few examples and warning signs. If you believe any of the above may apply to your situation, we can help you evaluate your case.<\/p>\n\n\n\n<p>We understand that some situations are very personal and difficult, but we assure you that everything you share with us is completely confidential. Our legal team is made up of attorneys and professionals specializing in these types of cases.<\/p>\n\n\n\n<div style=\"color:#ddd\" class=\"wp-block-genesis-blocks-gb-spacer gb-block-spacer gb-divider-solid gb-divider-size-1\"><hr style=\"height:30px\"\/><\/div>\n\n\n\n<h4 class=\"wp-block-heading has-custom-aj-logo-red-color has-text-color has-link-color wp-elements-a22ccb815b49f76905c997ef88386f92\">Benefits of the T Visa*<\/h4>\n\n\n\n<p><\/p>\n\n\n\n<ul class=\"wp-block-list\">\n<li class=\"translation-block\">Receive a <strong>temporary work permit<\/strong> while your case is pending. This is possible through the <strong>Bona Fide Determination<\/strong> process.<\/li>\n\n\n\n<li>Receive your final work permit once the T Visa is approved.*<\/li>\n\n\n\n<li>After 1 to 3 years, you can apply for permanent residency (a \"Green Card\").<\/li>\n\n\n\n<li>Even if you entered the U.S. \"illegally,\" you may still be eligible for residency.<\/li>\n\n\n\n<li>If you have been deported in the past, you may still qualify to obtain residency.<\/li>\n\n\n\n<li>Even if you entered multiple times, you may still be eligible for residency after the T Visa is approved.<\/li>\n\n\n\n<li>You may qualify to apply for residency even if you have criminal convictions.<\/li>\n\n\n\n<li>There is a possibility of obtaining travel authorization (Advance Parole) once your T Visa is approved, allowing you to leave and return to the U.S. legally.<\/li>\n\n\n\n<li>You may be able to obtain non-immigrant status for your family members as derivatives of the T Visa.<\/li>\n<\/ul>\n\n\n\n<p>Additionally, there are other public benefits you may receive:<\/p>\n\n\n\n<ul class=\"wp-block-list\">\n<li>Housing assistance<\/li>\n\n\n\n<li>Food assistance<\/li>\n\n\n\n<li>Income assistance<\/li>\n\n\n\n<li>Employment assistance<\/li>\n\n\n\n<li>English classes<\/li>\n\n\n\n<li>Healthcare assistance<\/li>\n\n\n\n<li>Mental health services<\/li>\n\n\n\n<li>Foster care<\/li>\n<\/ul>\n\n\n\n<p>Normalmente, los casos de visa T pueden ser dif\u00edciles de ganar, pero en <strong>Abogada Julia &#8211; GF Immigration Law<\/strong>, estamos consagrados a los resultados y nos comprometemos a luchar por todos nuestros clientes asegur\u00e1ndonos de que sus voces sean escuchadas y sus derechos sean protegidos.<\/p>\n\n\n\n<p class=\"has-small-font-size\"><em>*On April 29, 2024, USCIS announced a final rule modifying the regulations for T Visa nonimmigrant status applications. This rule will take effect on August 28, 2024. This list includes the changes.<\/em><\/p>\n<\/div>\n<\/div>\n\n\n\n<div class=\"wp-block-group alignfull has-global-padding is-layout-constrained wp-container-core-group-is-layout-d89aad35 wp-block-group-is-layout-constrained\" style=\"margin-top:0;margin-bottom:0;padding-top:var(--wp--preset--spacing--50);padding-right:var(--wp--preset--spacing--50);padding-bottom:var(--wp--preset--spacing--50);padding-left:var(--wp--preset--spacing--50)\">\n<div class=\"wp-block-columns alignwide is-layout-flex wp-container-core-columns-is-layout-2c8f09fd wp-block-columns-is-layout-flex\">\n<div class=\"wp-block-column is-vertically-aligned-top is-layout-flow wp-block-column-is-layout-flow\" style=\"flex-basis:75%\">\n<figure class=\"wp-block-image size-full is-style-rounded is-style-rounded--1\"><img loading=\"lazy\" decoding=\"async\" width=\"1280\" height=\"1920\" src=\"https:\/\/abogadajulia.com\/wp-content\/uploads\/2024\/09\/Servicesfooter.avif\" alt=\"\" class=\"wp-image-1624\" style=\"aspect-ratio:4\/3;object-fit:cover\" srcset=\"https:\/\/abogadajulia.com\/wp-content\/uploads\/2024\/09\/Servicesfooter.avif 1280w, https:\/\/abogadajulia.com\/wp-content\/uploads\/2024\/09\/Servicesfooter-200x300.avif 200w, https:\/\/abogadajulia.com\/wp-content\/uploads\/2024\/09\/Servicesfooter-683x1024.avif 683w, https:\/\/abogadajulia.com\/wp-content\/uploads\/2024\/09\/Servicesfooter-768x1152.avif 768w, https:\/\/abogadajulia.com\/wp-content\/uploads\/2024\/09\/Servicesfooter-1024x1536.avif 1024w, https:\/\/abogadajulia.com\/wp-content\/uploads\/2024\/09\/Servicesfooter-8x12.avif 8w\" sizes=\"auto, (max-width: 1280px) 100vw, 1280px\" \/><\/figure>\n<\/div>\n\n\n\n<div class=\"wp-block-column is-vertically-aligned-center is-layout-flow wp-block-column-is-layout-flow\" style=\"flex-basis:60%\">\n<h2 class=\"wp-block-heading has-text-align-left has-custom-aj-logo-black-color has-text-color has-link-color has-large-font-size wp-elements-25f699f61672a56e31a3d165b5092dd3\"><strong>Ready to take the first step towards a better future in the United States?<\/strong><\/h2>\n\n\n\n<p class=\"has-text-align-left has-custom-aj-logo-black-color has-text-color has-link-color wp-elements-f385c7cb4c4b10a21d4e61adc6c3b700\">Ll\u00e1menos hoy para una revisi\u00f3n GRATIS. En <strong>Abogada Julia &#8211; GF Immigration Law,<\/strong> su futuro empieza con una llamada.<\/p>\n\n\n\n<div class=\"wp-block-buttons is-content-justification-left is-layout-flex wp-container-core-buttons-is-layout-fc4fd283 wp-block-buttons-is-layout-flex\">\n<div class=\"wp-block-button\"><a class=\"wp-block-button__link has-custom-aj-logo-red-background-color has-background has-medium-font-size has-custom-font-size wp-element-button\" href=\"tel:+18779260808\">CALL US<\/a><\/div>\n<\/div>\n<\/div>\n<\/div>\n<\/div>","protected":false},"excerpt":{"rendered":"<p>Nuestros Servicios Visa T En Abogada Julia &#8211; GF Immigration Law, somos expertos en casos de Visa T y hemos ayudado a m\u00e1s de 8,000 personas a obtener protecci\u00f3n legal en los EE.UU. Si ha sufrido explotaci\u00f3n ya sea por un patr\u00f3n, o por quienes lo ayudaron a cruzar, o violencia dom\u00e9stica, podr\u00eda calificar para [&hellip;]<\/p>\n","protected":false},"author":1,"featured_media":0,"parent":46,"menu_order":0,"comment_status":"closed","ping_status":"closed","template":"","meta":{"footnotes":""},"class_list":["post-535","page","type-page","status-publish","hentry"],"yoast_head":"<!-- This site is optimized with the Yoast SEO plugin v27.0 - https:\/\/yoast.com\/product\/yoast-seo-wordpress\/ -->\n<title>Visa T - Abogada de Inmigraci\u00f3n - Experta en Visa T - Abogada Julia<\/title>\n<meta name=\"robots\" content=\"index, follow, max-snippet:-1, max-image-preview:large, max-video-preview:-1\" \/>\n<link rel=\"canonical\" href=\"https:\/\/abogadajulia.com\/en\/servicios\/visa-t\/\" \/>\n<meta property=\"og:locale\" content=\"en_US\" \/>\n<meta property=\"og:type\" content=\"article\" \/>\n<meta property=\"og:title\" content=\"Visa T - Abogada de Inmigraci\u00f3n - Experta en Visa T - Abogada Julia\" \/>\n<meta property=\"og:description\" content=\"Nuestros Servicios Visa T En Abogada Julia &#8211; GF Immigration Law, somos expertos en casos de Visa T y hemos ayudado a m\u00e1s de 8,000 personas a obtener protecci\u00f3n legal en los EE.UU. Si ha sufrido explotaci\u00f3n ya sea por un patr\u00f3n, o por quienes lo ayudaron a cruzar, o violencia dom\u00e9stica, podr\u00eda calificar para [&hellip;]\" \/>\n<meta property=\"og:url\" content=\"https:\/\/abogadajulia.com\/en\/servicios\/visa-t\/\" \/>\n<meta property=\"og:site_name\" content=\"Abogada de Inmigraci\u00f3n - Experta en Visa T - Abogada Julia\" \/>\n<meta property=\"article:publisher\" content=\"https:\/\/www.facebook.com\/abogadadeinmigracionjulia\/\" \/>\n<meta property=\"article:modified_time\" content=\"2026-01-13T21:01:14+00:00\" \/>\n<meta name=\"twitter:card\" content=\"summary_large_image\" \/>\n<meta name=\"twitter:label1\" content=\"Est. reading time\" \/>\n\t<meta name=\"twitter:data1\" content=\"5 minutes\" \/>\n<script type=\"application\/ld+json\" class=\"yoast-schema-graph\">{\"@context\":\"https:\/\/schema.org\",\"@graph\":[{\"@type\":\"WebPage\",\"@id\":\"https:\/\/abogadajulia.com\/servicios\/visa-t\/\",\"url\":\"https:\/\/abogadajulia.com\/servicios\/visa-t\/\",\"name\":\"Visa T - Abogada de Inmigraci\u00f3n - Experta en Visa T - Abogada Julia\",\"isPartOf\":{\"@id\":\"https:\/\/abogadajulia.com\/#website\"},\"primaryImageOfPage\":{\"@id\":\"https:\/\/abogadajulia.com\/servicios\/visa-t\/#primaryimage\"},\"image\":{\"@id\":\"https:\/\/abogadajulia.com\/servicios\/visa-t\/#primaryimage\"},\"thumbnailUrl\":\"https:\/\/abogadajulia.com\/wp-content\/uploads\/2024\/10\/Website_images_Servicios_tvisa-1024x576.avif\",\"datePublished\":\"2024-07-26T01:10:24+00:00\",\"dateModified\":\"2026-01-13T21:01:14+00:00\",\"breadcrumb\":{\"@id\":\"https:\/\/abogadajulia.com\/servicios\/visa-t\/#breadcrumb\"},\"inLanguage\":\"en-US\",\"potentialAction\":[{\"@type\":\"ReadAction\",\"target\":[\"https:\/\/abogadajulia.com\/servicios\/visa-t\/\"]}]},{\"@type\":\"ImageObject\",\"inLanguage\":\"en-US\",\"@id\":\"https:\/\/abogadajulia.com\/servicios\/visa-t\/#primaryimage\",\"url\":\"https:\/\/abogadajulia.com\/wp-content\/uploads\/2024\/10\/Website_images_Servicios_tvisa-1024x576.avif\",\"contentUrl\":\"https:\/\/abogadajulia.com\/wp-content\/uploads\/2024\/10\/Website_images_Servicios_tvisa-1024x576.avif\"},{\"@type\":\"BreadcrumbList\",\"@id\":\"https:\/\/abogadajulia.com\/servicios\/visa-t\/#breadcrumb\",\"itemListElement\":[{\"@type\":\"ListItem\",\"position\":1,\"name\":\"Home\",\"item\":\"https:\/\/abogadajulia.com\/\"},{\"@type\":\"ListItem\",\"position\":2,\"name\":\"Servicios de la Abogada Julia\",\"item\":\"https:\/\/abogadajulia.com\/servicios\/\"},{\"@type\":\"ListItem\",\"position\":3,\"name\":\"Visa T\"}]},{\"@type\":\"WebSite\",\"@id\":\"https:\/\/abogadajulia.com\/#website\",\"url\":\"https:\/\/abogadajulia.com\/\",\"name\":\"Abogada de Inmigraci\u00f3n - Experta en Visa T - Abogada Julia\",\"description\":\"Abogada de Inmigraci\u00f3n - Experta en Visa T\",\"publisher\":{\"@id\":\"https:\/\/abogadajulia.com\/#organization\"},\"potentialAction\":[{\"@type\":\"SearchAction\",\"target\":{\"@type\":\"EntryPoint\",\"urlTemplate\":\"https:\/\/abogadajulia.com\/?s={search_term_string}\"},\"query-input\":{\"@type\":\"PropertyValueSpecification\",\"valueRequired\":true,\"valueName\":\"search_term_string\"}}],\"inLanguage\":\"en-US\"},{\"@type\":\"Organization\",\"@id\":\"https:\/\/abogadajulia.com\/#organization\",\"name\":\"Abogada de Inmigraci\u00f3n - Experta en Visa T - Abogada Julia\",\"url\":\"https:\/\/abogadajulia.com\/\",\"logo\":{\"@type\":\"ImageObject\",\"inLanguage\":\"en-US\",\"@id\":\"https:\/\/abogadajulia.com\/#\/schema\/logo\/image\/\",\"url\":\"https:\/\/abogadajulia.com\/wp-content\/uploads\/2025\/09\/AJ-GFI_Color_Logo-scaled.png\",\"contentUrl\":\"https:\/\/abogadajulia.com\/wp-content\/uploads\/2025\/09\/AJ-GFI_Color_Logo-scaled.png\",\"width\":2560,\"height\":510,\"caption\":\"Abogada de Inmigraci\u00f3n - Experta en Visa T - Abogada Julia\"},\"image\":{\"@id\":\"https:\/\/abogadajulia.com\/#\/schema\/logo\/image\/\"},\"sameAs\":[\"https:\/\/www.facebook.com\/abogadadeinmigracionjulia\/\",\"https:\/\/www.instagram.com\/abogadadeinmigracionjulia\/\",\"https:\/\/www.tiktok.com\/@abogadajulia\",\"https:\/\/www.youtube.com\/channel\/UCgnxaArpnMIRx_2yhI2EYFA\"]}]}<\/script>\n<!-- \/ Yoast SEO plugin. -->","yoast_head_json":{"title":"Visa T - Abogada de Inmigraci\u00f3n - Experta en Visa T - Abogada Julia","robots":{"index":"index","follow":"follow","max-snippet":"max-snippet:-1","max-image-preview":"max-image-preview:large","max-video-preview":"max-video-preview:-1"},"canonical":"https:\/\/abogadajulia.com\/en\/servicios\/visa-t\/","og_locale":"en_US","og_type":"article","og_title":"Visa T - Abogada de Inmigraci\u00f3n - Experta en Visa T - Abogada Julia","og_description":"Nuestros Servicios Visa T En Abogada Julia &#8211; GF Immigration Law, somos expertos en casos de Visa T y hemos ayudado a m\u00e1s de 8,000 personas a obtener protecci\u00f3n legal en los EE.UU. Si ha sufrido explotaci\u00f3n ya sea por un patr\u00f3n, o por quienes lo ayudaron a cruzar, o violencia dom\u00e9stica, podr\u00eda calificar para [&hellip;]","og_url":"https:\/\/abogadajulia.com\/en\/servicios\/visa-t\/","og_site_name":"Abogada de Inmigraci\u00f3n - Experta en Visa T - Abogada Julia","article_publisher":"https:\/\/www.facebook.com\/abogadadeinmigracionjulia\/","article_modified_time":"2026-01-13T21:01:14+00:00","twitter_card":"summary_large_image","twitter_misc":{"Est. reading time":"5 minutes"},"schema":{"@context":"https:\/\/schema.org","@graph":[{"@type":"WebPage","@id":"https:\/\/abogadajulia.com\/servicios\/visa-t\/","url":"https:\/\/abogadajulia.com\/servicios\/visa-t\/","name":"Visa T - Abogada de Inmigraci\u00f3n - Experta en Visa T - Abogada Julia","isPartOf":{"@id":"https:\/\/abogadajulia.com\/#website"},"primaryImageOfPage":{"@id":"https:\/\/abogadajulia.com\/servicios\/visa-t\/#primaryimage"},"image":{"@id":"https:\/\/abogadajulia.com\/servicios\/visa-t\/#primaryimage"},"thumbnailUrl":"https:\/\/abogadajulia.com\/wp-content\/uploads\/2024\/10\/Website_images_Servicios_tvisa-1024x576.avif","datePublished":"2024-07-26T01:10:24+00:00","dateModified":"2026-01-13T21:01:14+00:00","breadcrumb":{"@id":"https:\/\/abogadajulia.com\/servicios\/visa-t\/#breadcrumb"},"inLanguage":"en-US","potentialAction":[{"@type":"ReadAction","target":["https:\/\/abogadajulia.com\/servicios\/visa-t\/"]}]},{"@type":"ImageObject","inLanguage":"en-US","@id":"https:\/\/abogadajulia.com\/servicios\/visa-t\/#primaryimage","url":"https:\/\/abogadajulia.com\/wp-content\/uploads\/2024\/10\/Website_images_Servicios_tvisa-1024x576.avif","contentUrl":"https:\/\/abogadajulia.com\/wp-content\/uploads\/2024\/10\/Website_images_Servicios_tvisa-1024x576.avif"},{"@type":"BreadcrumbList","@id":"https:\/\/abogadajulia.com\/servicios\/visa-t\/#breadcrumb","itemListElement":[{"@type":"ListItem","position":1,"name":"Home","item":"https:\/\/abogadajulia.com\/"},{"@type":"ListItem","position":2,"name":"Servicios de la Abogada Julia","item":"https:\/\/abogadajulia.com\/servicios\/"},{"@type":"ListItem","position":3,"name":"Visa T"}]},{"@type":"WebSite","@id":"https:\/\/abogadajulia.com\/#website","url":"https:\/\/abogadajulia.com\/","name":"Abogada de Inmigraci\u00f3n - Experta en Visa T - Abogada Julia","description":"Abogada de Inmigraci\u00f3n - Experta en Visa T","publisher":{"@id":"https:\/\/abogadajulia.com\/#organization"},"potentialAction":[{"@type":"SearchAction","target":{"@type":"EntryPoint","urlTemplate":"https:\/\/abogadajulia.com\/?s={search_term_string}"},"query-input":{"@type":"PropertyValueSpecification","valueRequired":true,"valueName":"search_term_string"}}],"inLanguage":"en-US"},{"@type":"Organization","@id":"https:\/\/abogadajulia.com\/#organization","name":"Abogada de Inmigraci\u00f3n - Experta en Visa T - Abogada Julia","url":"https:\/\/abogadajulia.com\/","logo":{"@type":"ImageObject","inLanguage":"en-US","@id":"https:\/\/abogadajulia.com\/#\/schema\/logo\/image\/","url":"https:\/\/abogadajulia.com\/wp-content\/uploads\/2025\/09\/AJ-GFI_Color_Logo-scaled.png","contentUrl":"https:\/\/abogadajulia.com\/wp-content\/uploads\/2025\/09\/AJ-GFI_Color_Logo-scaled.png","width":2560,"height":510,"caption":"Abogada de Inmigraci\u00f3n - Experta en Visa T - Abogada Julia"},"image":{"@id":"https:\/\/abogadajulia.com\/#\/schema\/logo\/image\/"},"sameAs":["https:\/\/www.facebook.com\/abogadadeinmigracionjulia\/","https:\/\/www.instagram.com\/abogadadeinmigracionjulia\/","https:\/\/www.tiktok.com\/@abogadajulia","https:\/\/www.youtube.com\/channel\/UCgnxaArpnMIRx_2yhI2EYFA"]}]}},"featured_image_src":null,"featured_image_src_square":null,"_links":{"self":[{"href":"https:\/\/abogadajulia.com\/en\/wp-json\/wp\/v2\/pages\/535","targetHints":{"allow":["GET"]}}],"collection":[{"href":"https:\/\/abogadajulia.com\/en\/wp-json\/wp\/v2\/pages"}],"about":[{"href":"https:\/\/abogadajulia.com\/en\/wp-json\/wp\/v2\/types\/page"}],"author":[{"embeddable":true,"href":"https:\/\/abogadajulia.com\/en\/wp-json\/wp\/v2\/users\/1"}],"replies":[{"embeddable":true,"href":"https:\/\/abogadajulia.com\/en\/wp-json\/wp\/v2\/comments?post=535"}],"version-history":[{"count":77,"href":"https:\/\/abogadajulia.com\/en\/wp-json\/wp\/v2\/pages\/535\/revisions"}],"predecessor-version":[{"id":3098,"href":"https:\/\/abogadajulia.com\/en\/wp-json\/wp\/v2\/pages\/535\/revisions\/3098"}],"up":[{"embeddable":true,"href":"https:\/\/abogadajulia.com\/en\/wp-json\/wp\/v2\/pages\/46"}],"wp:attachment":[{"href":"https:\/\/abogadajulia.com\/en\/wp-json\/wp\/v2\/media?parent=535"}],"curies":[{"name":"wp","href":"https:\/\/api.w.org\/{rel}","templated":true}]}}