{"id":1641,"date":"2024-09-25T14:42:11","date_gmt":"2024-09-25T14:42:11","guid":{"rendered":"https:\/\/abogadajulia.com\/?page_id=1641"},"modified":"2026-01-13T21:08:10","modified_gmt":"2026-01-13T21:08:10","slug":"nuestro-proceso","status":"publish","type":"page","link":"https:\/\/abogadajulia.com\/en\/servicios\/nuestro-proceso\/","title":{"rendered":"Our Process"},"content":{"rendered":"<div class=\"wp-block-group alignfull has-base-background-color has-background has-global-padding is-layout-constrained wp-container-core-group-is-layout-eaaee9c9 wp-block-group-is-layout-constrained\" id=\"our-process\" style=\"margin-top:0;margin-bottom:0;padding-top:var(--wp--preset--spacing--40);padding-right:var(--wp--preset--spacing--50);padding-bottom:var(--wp--preset--spacing--40);padding-left:var(--wp--preset--spacing--50)\">\n<div class=\"wp-block-group alignwide has-global-padding is-layout-constrained wp-container-core-group-is-layout-c2c74634 wp-block-group-is-layout-constrained\" style=\"border-top-style:none;border-top-width:0px;border-right-style:none;border-right-width:0px;border-bottom-style:none;border-bottom-width:0px;border-left-color:var(--wp--preset--color--custom-aj-logo-red);border-left-width:4px;padding-top:8px;padding-right:var(--wp--preset--spacing--10);padding-bottom:8px;padding-left:var(--wp--preset--spacing--10)\">\n<h3 class=\"wp-block-heading alignwide has-custom-aj-logo-blue-color has-text-color has-link-color has-large-font-size wp-elements-68dd32f207c80d88582a74c3378ead27\" style=\"font-style:normal;font-weight:500\"><strong>Free Revision<\/strong><\/h3>\n<\/div>\n\n\n\n<p>We want to help you! That\u2019s why we offer a&nbsp;<strong>FREE<\/strong>&nbsp;revision of your case before scheduling the consultation. Click the following video to learn more.<\/p>\n\n\n\n<div class=\"wp-block-group has-global-padding is-layout-constrained wp-block-group-is-layout-constrained\">\n<figure class=\"wp-block-embed is-type-video is-provider-youtube wp-block-embed-youtube wp-embed-aspect-16-9 wp-has-aspect-ratio\"><div class=\"wp-block-embed__wrapper\">\n<iframe loading=\"lazy\" title=\"ABOGADA JULIA | REVISION GRATIS\" width=\"500\" height=\"281\" src=\"https:\/\/www.youtube.com\/embed\/_JrPZrYk5jE?feature=oembed\" frameborder=\"0\" allow=\"accelerometer; autoplay; clipboard-write; encrypted-media; gyroscope; picture-in-picture; web-share\" referrerpolicy=\"strict-origin-when-cross-origin\" allowfullscreen><\/iframe>\n<\/div><\/figure>\n<\/div>\n<\/div>\n\n\n\n<div class=\"wp-block-group alignfull has-base-background-color has-background has-global-padding is-layout-constrained wp-container-core-group-is-layout-eaaee9c9 wp-block-group-is-layout-constrained\" id=\"our-process\" style=\"margin-top:0;margin-bottom:0;padding-top:var(--wp--preset--spacing--40);padding-right:var(--wp--preset--spacing--50);padding-bottom:var(--wp--preset--spacing--40);padding-left:var(--wp--preset--spacing--50)\">\n<div class=\"wp-block-group alignwide has-global-padding is-layout-constrained wp-container-core-group-is-layout-c2c74634 wp-block-group-is-layout-constrained\" style=\"border-top-style:none;border-top-width:0px;border-right-style:none;border-right-width:0px;border-bottom-style:none;border-bottom-width:0px;border-left-color:var(--wp--preset--color--custom-aj-logo-red);border-left-width:4px;padding-top:8px;padding-right:var(--wp--preset--spacing--10);padding-bottom:8px;padding-left:var(--wp--preset--spacing--10)\">\n<h3 class=\"wp-block-heading alignwide has-custom-aj-logo-blue-color has-text-color has-link-color has-large-font-size wp-elements-55e117d67bdad7d482f2bfbc2bb42bc7\" style=\"font-style:normal;font-weight:500\"><strong>Our Process<\/strong><\/h3>\n<\/div>\n\n\n\n<h3 class=\"wp-block-heading\">Process of a Case<\/h3>\n\n\n\n<p>Desde el momento en que recibimos un caso, seguimos un proceso cuidadosamente dise\u00f1ado para asegurar que cada cliente reciba la atenci\u00f3n que merece. Comenzamos con una entrevista detallada para comprender su historia y situaci\u00f3n migratoria. A partir de ah\u00ed, nuestro equipo de abogados desarrolla una estrategia legal personalizada y explica cada paso del plan con claridad.<\/p>\n\n\n\n<p>Trabajamos con el mayor compromiso, tratando cada caso como \u00fanico y garantizando que cada detalle sea manejado con cuidado y dedicaci\u00f3n. Hemos creado un sistema que refleja nuestra misi\u00f3n y valores en cada etapa del proceso, asegurando no solo la mejor calidad legal, sino tambi\u00e9n que cada cliente sienta que su caso es nuestra prioridad absoluta.<\/p>\n\n\n\n<p>At<strong> Abogada Julia &#8211; GF Immigration Law<\/strong>, combinanos experiencia, empat\u00eda y colaboraci\u00f3n, y ese esfuerzo conjunto es lo que nos distingue y nos permite transformar vidas todos los d\u00edas.<\/p>\n\n\n\n<div class=\"wp-block-group has-global-padding is-content-justification-left is-layout-constrained wp-container-core-group-is-layout-12dd3699 wp-block-group-is-layout-constrained\">\n<\/div>\n\n\n\n<div class=\"wp-block-group has-global-padding is-content-justification-left is-layout-constrained wp-container-core-group-is-layout-12dd3699 wp-block-group-is-layout-constrained\"><\/p>\n\n\n\n<figure class=\"wp-block-embed is-type-video is-provider-youtube wp-block-embed-youtube wp-embed-aspect-16-9 wp-has-aspect-ratio\"><div class=\"wp-block-embed__wrapper\">\n<iframe loading=\"lazy\" title=\"ABOGADA JULIA | CONTACT US\" width=\"500\" height=\"281\" src=\"https:\/\/www.youtube.com\/embed\/FOSd21dP7kc?feature=oembed\" frameborder=\"0\" allow=\"accelerometer; autoplay; clipboard-write; encrypted-media; gyroscope; picture-in-picture; web-share\" referrerpolicy=\"strict-origin-when-cross-origin\" allowfullscreen><\/iframe>\n<\/div><\/figure>\n\n\n<p>\n<\/div>\n\n\n\n<div class=\"wp-block-group has-global-padding is-content-justification-left is-layout-constrained wp-container-core-group-is-layout-12dd3699 wp-block-group-is-layout-constrained\">\n<\/div>\n<\/div>\n\n\n\n<div class=\"wp-block-group alignfull has-global-padding is-layout-constrained wp-container-core-group-is-layout-d89aad35 wp-block-group-is-layout-constrained\" style=\"margin-top:0;margin-bottom:0;padding-top:var(--wp--preset--spacing--50);padding-right:var(--wp--preset--spacing--50);padding-bottom:var(--wp--preset--spacing--50);padding-left:var(--wp--preset--spacing--50)\">\n<div class=\"wp-block-columns alignwide is-layout-flex wp-container-core-columns-is-layout-2c8f09fd wp-block-columns-is-layout-flex\">\n<div class=\"wp-block-column is-vertically-aligned-top is-layout-flow wp-block-column-is-layout-flow\" style=\"flex-basis:75%\">\n<figure class=\"wp-block-image size-full is-style-rounded is-style-rounded--1\"><img loading=\"lazy\" decoding=\"async\" width=\"1280\" height=\"1920\" src=\"https:\/\/abogadajulia.com\/wp-content\/uploads\/2024\/09\/Servicesfooter.avif\" alt=\"\" class=\"wp-image-1624\" style=\"aspect-ratio:4\/3;object-fit:cover\" srcset=\"https:\/\/abogadajulia.com\/wp-content\/uploads\/2024\/09\/Servicesfooter.avif 1280w, https:\/\/abogadajulia.com\/wp-content\/uploads\/2024\/09\/Servicesfooter-200x300.avif 200w, https:\/\/abogadajulia.com\/wp-content\/uploads\/2024\/09\/Servicesfooter-683x1024.avif 683w, https:\/\/abogadajulia.com\/wp-content\/uploads\/2024\/09\/Servicesfooter-768x1152.avif 768w, https:\/\/abogadajulia.com\/wp-content\/uploads\/2024\/09\/Servicesfooter-1024x1536.avif 1024w, https:\/\/abogadajulia.com\/wp-content\/uploads\/2024\/09\/Servicesfooter-8x12.avif 8w\" sizes=\"auto, (max-width: 1280px) 100vw, 1280px\" \/><\/figure>\n<\/div>\n\n\n\n<div class=\"wp-block-column is-vertically-aligned-center is-layout-flow wp-block-column-is-layout-flow\" style=\"flex-basis:60%\">\n<h2 class=\"wp-block-heading has-text-align-left has-custom-aj-logo-black-color has-text-color has-link-color has-large-font-size wp-elements-25f699f61672a56e31a3d165b5092dd3\"><strong>Ready to take the first step towards a better future in the United States?<\/strong><\/h2>\n\n\n\n<p class=\"has-text-align-left has-custom-aj-logo-black-color has-text-color has-link-color wp-elements-25bef0046d4050805f823b64dbeac466\">Ll\u00e1menos hoy para una revisi\u00f3n GRATIS. En <strong>Abogada Julia &#8211; GF Immigration Law<\/strong>, su futuro empieza con una llamada.<\/p>\n\n\n\n<div class=\"wp-block-buttons is-content-justification-left is-layout-flex wp-container-core-buttons-is-layout-fc4fd283 wp-block-buttons-is-layout-flex\">\n<div class=\"wp-block-button\"><a class=\"wp-block-button__link has-custom-aj-logo-red-background-color has-background has-medium-font-size has-custom-font-size wp-element-button\" href=\"tel:+18779260808\">CALL US<\/a><\/div>\n<\/div>\n<\/div>\n<\/div>\n<\/div>","protected":false},"excerpt":{"rendered":"<p>Revisi\u00f3n gratis \u00a1Queremos ayudarle! Por eso, le ofrecemos una revisi\u00f3n&nbsp;GRATIS&nbsp;antes de agendar la consulta. Conozca m\u00e1s en el siguiente video: Nuestro Proceso Proceso del Caso Desde el momento en que recibimos un caso, seguimos un proceso cuidadosamente dise\u00f1ado para asegurar que cada cliente reciba la atenci\u00f3n que merece. Comenzamos con una entrevista detallada para comprender [&hellip;]<\/p>\n","protected":false},"author":2,"featured_media":0,"parent":46,"menu_order":0,"comment_status":"closed","ping_status":"closed","template":"","meta":{"footnotes":""},"class_list":["post-1641","page","type-page","status-publish","hentry"],"yoast_head":"<!-- This site is optimized with the Yoast SEO plugin v27.0 - https:\/\/yoast.com\/product\/yoast-seo-wordpress\/ -->\n<title>Nuestro Proceso - Abogada de Inmigraci\u00f3n - Experta en Visa T - Abogada Julia<\/title>\n<meta name=\"robots\" content=\"index, follow, max-snippet:-1, max-image-preview:large, max-video-preview:-1\" \/>\n<link rel=\"canonical\" href=\"https:\/\/abogadajulia.com\/en\/servicios\/nuestro-proceso\/\" \/>\n<meta property=\"og:locale\" content=\"en_US\" \/>\n<meta property=\"og:type\" content=\"article\" \/>\n<meta property=\"og:title\" content=\"Nuestro Proceso - Abogada de Inmigraci\u00f3n - Experta en Visa T - Abogada Julia\" \/>\n<meta property=\"og:description\" content=\"Revisi\u00f3n gratis \u00a1Queremos ayudarle! Por eso, le ofrecemos una revisi\u00f3n&nbsp;GRATIS&nbsp;antes de agendar la consulta. Conozca m\u00e1s en el siguiente video: Nuestro Proceso Proceso del Caso Desde el momento en que recibimos un caso, seguimos un proceso cuidadosamente dise\u00f1ado para asegurar que cada cliente reciba la atenci\u00f3n que merece. Comenzamos con una entrevista detallada para comprender [&hellip;]\" \/>\n<meta property=\"og:url\" content=\"https:\/\/abogadajulia.com\/en\/servicios\/nuestro-proceso\/\" \/>\n<meta property=\"og:site_name\" content=\"Abogada de Inmigraci\u00f3n - Experta en Visa T - Abogada Julia\" \/>\n<meta property=\"article:publisher\" content=\"https:\/\/www.facebook.com\/abogadadeinmigracionjulia\/\" \/>\n<meta property=\"article:modified_time\" content=\"2026-01-13T21:08:10+00:00\" \/>\n<meta name=\"twitter:card\" content=\"summary_large_image\" \/>\n<meta name=\"twitter:label1\" content=\"Est. reading time\" \/>\n\t<meta name=\"twitter:data1\" content=\"2 minutes\" \/>\n<script type=\"application\/ld+json\" class=\"yoast-schema-graph\">{\"@context\":\"https:\/\/schema.org\",\"@graph\":[{\"@type\":\"WebPage\",\"@id\":\"https:\/\/abogadajulia.com\/servicios\/nuestro-proceso\/\",\"url\":\"https:\/\/abogadajulia.com\/servicios\/nuestro-proceso\/\",\"name\":\"Nuestro Proceso - Abogada de Inmigraci\u00f3n - Experta en Visa T - Abogada Julia\",\"isPartOf\":{\"@id\":\"https:\/\/abogadajulia.com\/#website\"},\"primaryImageOfPage\":{\"@id\":\"https:\/\/abogadajulia.com\/servicios\/nuestro-proceso\/#primaryimage\"},\"image\":{\"@id\":\"https:\/\/abogadajulia.com\/servicios\/nuestro-proceso\/#primaryimage\"},\"thumbnailUrl\":\"https:\/\/abogadajulia.com\/wp-content\/uploads\/2024\/09\/Servicesfooter.avif\",\"datePublished\":\"2024-09-25T14:42:11+00:00\",\"dateModified\":\"2026-01-13T21:08:10+00:00\",\"breadcrumb\":{\"@id\":\"https:\/\/abogadajulia.com\/servicios\/nuestro-proceso\/#breadcrumb\"},\"inLanguage\":\"en-US\",\"potentialAction\":[{\"@type\":\"ReadAction\",\"target\":[\"https:\/\/abogadajulia.com\/servicios\/nuestro-proceso\/\"]}]},{\"@type\":\"ImageObject\",\"inLanguage\":\"en-US\",\"@id\":\"https:\/\/abogadajulia.com\/servicios\/nuestro-proceso\/#primaryimage\",\"url\":\"https:\/\/abogadajulia.com\/wp-content\/uploads\/2024\/09\/Servicesfooter.avif\",\"contentUrl\":\"https:\/\/abogadajulia.com\/wp-content\/uploads\/2024\/09\/Servicesfooter.avif\"},{\"@type\":\"BreadcrumbList\",\"@id\":\"https:\/\/abogadajulia.com\/servicios\/nuestro-proceso\/#breadcrumb\",\"itemListElement\":[{\"@type\":\"ListItem\",\"position\":1,\"name\":\"Home\",\"item\":\"https:\/\/abogadajulia.com\/\"},{\"@type\":\"ListItem\",\"position\":2,\"name\":\"Servicios de la Abogada Julia\",\"item\":\"https:\/\/abogadajulia.com\/servicios\/\"},{\"@type\":\"ListItem\",\"position\":3,\"name\":\"Nuestro Proceso\"}]},{\"@type\":\"WebSite\",\"@id\":\"https:\/\/abogadajulia.com\/#website\",\"url\":\"https:\/\/abogadajulia.com\/\",\"name\":\"Abogada de Inmigraci\u00f3n - Experta en Visa T - Abogada Julia\",\"description\":\"Abogada de Inmigraci\u00f3n - Experta en Visa T\",\"publisher\":{\"@id\":\"https:\/\/abogadajulia.com\/#organization\"},\"potentialAction\":[{\"@type\":\"SearchAction\",\"target\":{\"@type\":\"EntryPoint\",\"urlTemplate\":\"https:\/\/abogadajulia.com\/?s={search_term_string}\"},\"query-input\":{\"@type\":\"PropertyValueSpecification\",\"valueRequired\":true,\"valueName\":\"search_term_string\"}}],\"inLanguage\":\"en-US\"},{\"@type\":\"Organization\",\"@id\":\"https:\/\/abogadajulia.com\/#organization\",\"name\":\"Abogada de Inmigraci\u00f3n - Experta en Visa T - Abogada Julia\",\"url\":\"https:\/\/abogadajulia.com\/\",\"logo\":{\"@type\":\"ImageObject\",\"inLanguage\":\"en-US\",\"@id\":\"https:\/\/abogadajulia.com\/#\/schema\/logo\/image\/\",\"url\":\"https:\/\/abogadajulia.com\/wp-content\/uploads\/2025\/09\/AJ-GFI_Color_Logo-scaled.png\",\"contentUrl\":\"https:\/\/abogadajulia.com\/wp-content\/uploads\/2025\/09\/AJ-GFI_Color_Logo-scaled.png\",\"width\":2560,\"height\":510,\"caption\":\"Abogada de Inmigraci\u00f3n - Experta en Visa T - Abogada Julia\"},\"image\":{\"@id\":\"https:\/\/abogadajulia.com\/#\/schema\/logo\/image\/\"},\"sameAs\":[\"https:\/\/www.facebook.com\/abogadadeinmigracionjulia\/\",\"https:\/\/www.instagram.com\/abogadadeinmigracionjulia\/\",\"https:\/\/www.tiktok.com\/@abogadajulia\",\"https:\/\/www.youtube.com\/channel\/UCgnxaArpnMIRx_2yhI2EYFA\"]}]}<\/script>\n<!-- \/ Yoast SEO plugin. -->","yoast_head_json":{"title":"Nuestro Proceso - Abogada de Inmigraci\u00f3n - Experta en Visa T - Abogada Julia","robots":{"index":"index","follow":"follow","max-snippet":"max-snippet:-1","max-image-preview":"max-image-preview:large","max-video-preview":"max-video-preview:-1"},"canonical":"https:\/\/abogadajulia.com\/en\/servicios\/nuestro-proceso\/","og_locale":"en_US","og_type":"article","og_title":"Nuestro Proceso - Abogada de Inmigraci\u00f3n - Experta en Visa T - Abogada Julia","og_description":"Revisi\u00f3n gratis \u00a1Queremos ayudarle! Por eso, le ofrecemos una revisi\u00f3n&nbsp;GRATIS&nbsp;antes de agendar la consulta. Conozca m\u00e1s en el siguiente video: Nuestro Proceso Proceso del Caso Desde el momento en que recibimos un caso, seguimos un proceso cuidadosamente dise\u00f1ado para asegurar que cada cliente reciba la atenci\u00f3n que merece. Comenzamos con una entrevista detallada para comprender [&hellip;]","og_url":"https:\/\/abogadajulia.com\/en\/servicios\/nuestro-proceso\/","og_site_name":"Abogada de Inmigraci\u00f3n - Experta en Visa T - Abogada Julia","article_publisher":"https:\/\/www.facebook.com\/abogadadeinmigracionjulia\/","article_modified_time":"2026-01-13T21:08:10+00:00","twitter_card":"summary_large_image","twitter_misc":{"Est. reading time":"2 minutes"},"schema":{"@context":"https:\/\/schema.org","@graph":[{"@type":"WebPage","@id":"https:\/\/abogadajulia.com\/servicios\/nuestro-proceso\/","url":"https:\/\/abogadajulia.com\/servicios\/nuestro-proceso\/","name":"Nuestro Proceso - Abogada de Inmigraci\u00f3n - Experta en Visa T - Abogada Julia","isPartOf":{"@id":"https:\/\/abogadajulia.com\/#website"},"primaryImageOfPage":{"@id":"https:\/\/abogadajulia.com\/servicios\/nuestro-proceso\/#primaryimage"},"image":{"@id":"https:\/\/abogadajulia.com\/servicios\/nuestro-proceso\/#primaryimage"},"thumbnailUrl":"https:\/\/abogadajulia.com\/wp-content\/uploads\/2024\/09\/Servicesfooter.avif","datePublished":"2024-09-25T14:42:11+00:00","dateModified":"2026-01-13T21:08:10+00:00","breadcrumb":{"@id":"https:\/\/abogadajulia.com\/servicios\/nuestro-proceso\/#breadcrumb"},"inLanguage":"en-US","potentialAction":[{"@type":"ReadAction","target":["https:\/\/abogadajulia.com\/servicios\/nuestro-proceso\/"]}]},{"@type":"ImageObject","inLanguage":"en-US","@id":"https:\/\/abogadajulia.com\/servicios\/nuestro-proceso\/#primaryimage","url":"https:\/\/abogadajulia.com\/wp-content\/uploads\/2024\/09\/Servicesfooter.avif","contentUrl":"https:\/\/abogadajulia.com\/wp-content\/uploads\/2024\/09\/Servicesfooter.avif"},{"@type":"BreadcrumbList","@id":"https:\/\/abogadajulia.com\/servicios\/nuestro-proceso\/#breadcrumb","itemListElement":[{"@type":"ListItem","position":1,"name":"Home","item":"https:\/\/abogadajulia.com\/"},{"@type":"ListItem","position":2,"name":"Servicios de la Abogada Julia","item":"https:\/\/abogadajulia.com\/servicios\/"},{"@type":"ListItem","position":3,"name":"Nuestro Proceso"}]},{"@type":"WebSite","@id":"https:\/\/abogadajulia.com\/#website","url":"https:\/\/abogadajulia.com\/","name":"Abogada de Inmigraci\u00f3n - Experta en Visa T - Abogada Julia","description":"Abogada de Inmigraci\u00f3n - Experta en Visa T","publisher":{"@id":"https:\/\/abogadajulia.com\/#organization"},"potentialAction":[{"@type":"SearchAction","target":{"@type":"EntryPoint","urlTemplate":"https:\/\/abogadajulia.com\/?s={search_term_string}"},"query-input":{"@type":"PropertyValueSpecification","valueRequired":true,"valueName":"search_term_string"}}],"inLanguage":"en-US"},{"@type":"Organization","@id":"https:\/\/abogadajulia.com\/#organization","name":"Abogada de Inmigraci\u00f3n - Experta en Visa T - Abogada Julia","url":"https:\/\/abogadajulia.com\/","logo":{"@type":"ImageObject","inLanguage":"en-US","@id":"https:\/\/abogadajulia.com\/#\/schema\/logo\/image\/","url":"https:\/\/abogadajulia.com\/wp-content\/uploads\/2025\/09\/AJ-GFI_Color_Logo-scaled.png","contentUrl":"https:\/\/abogadajulia.com\/wp-content\/uploads\/2025\/09\/AJ-GFI_Color_Logo-scaled.png","width":2560,"height":510,"caption":"Abogada de Inmigraci\u00f3n - Experta en Visa T - Abogada Julia"},"image":{"@id":"https:\/\/abogadajulia.com\/#\/schema\/logo\/image\/"},"sameAs":["https:\/\/www.facebook.com\/abogadadeinmigracionjulia\/","https:\/\/www.instagram.com\/abogadadeinmigracionjulia\/","https:\/\/www.tiktok.com\/@abogadajulia","https:\/\/www.youtube.com\/channel\/UCgnxaArpnMIRx_2yhI2EYFA"]}]}},"featured_image_src":null,"featured_image_src_square":null,"_links":{"self":[{"href":"https:\/\/abogadajulia.com\/en\/wp-json\/wp\/v2\/pages\/1641","targetHints":{"allow":["GET"]}}],"collection":[{"href":"https:\/\/abogadajulia.com\/en\/wp-json\/wp\/v2\/pages"}],"about":[{"href":"https:\/\/abogadajulia.com\/en\/wp-json\/wp\/v2\/types\/page"}],"author":[{"embeddable":true,"href":"https:\/\/abogadajulia.com\/en\/wp-json\/wp\/v2\/users\/2"}],"replies":[{"embeddable":true,"href":"https:\/\/abogadajulia.com\/en\/wp-json\/wp\/v2\/comments?post=1641"}],"version-history":[{"count":15,"href":"https:\/\/abogadajulia.com\/en\/wp-json\/wp\/v2\/pages\/1641\/revisions"}],"predecessor-version":[{"id":3101,"href":"https:\/\/abogadajulia.com\/en\/wp-json\/wp\/v2\/pages\/1641\/revisions\/3101"}],"up":[{"embeddable":true,"href":"https:\/\/abogadajulia.com\/en\/wp-json\/wp\/v2\/pages\/46"}],"wp:attachment":[{"href":"https:\/\/abogadajulia.com\/en\/wp-json\/wp\/v2\/media?parent=1641"}],"curies":[{"name":"wp","href":"https:\/\/api.w.org\/{rel}","templated":true}]}}