{"id":1152,"date":"2024-08-23T15:01:03","date_gmt":"2024-08-23T15:01:03","guid":{"rendered":"https:\/\/abogadajulia.com\/?page_id=1152"},"modified":"2026-01-13T21:04:51","modified_gmt":"2026-01-13T21:04:51","slug":"visa-u","status":"publish","type":"page","link":"https:\/\/abogadajulia.com\/en\/servicios\/visa-u\/","title":{"rendered":"U Visa"},"content":{"rendered":"<div class=\"wp-block-group alignwide has-base-background-color has-background has-global-padding is-layout-constrained wp-container-core-group-is-layout-b3e45b7c wp-block-group-is-layout-constrained\" style=\"margin-top:0;margin-bottom:0;padding-top:var(--wp--preset--spacing--50);padding-right:var(--wp--preset--spacing--50);padding-bottom:var(--wp--preset--spacing--30);padding-left:var(--wp--preset--spacing--50)\">\n<div class=\"wp-block-columns alignwide is-layout-flex wp-container-core-columns-is-layout-2c8f09fd wp-block-columns-is-layout-flex\">\n<div class=\"wp-block-column is-vertically-aligned-top is-layout-flow wp-block-column-is-layout-flow\" style=\"flex-basis:65%\">\n<div class=\"wp-block-group is-vertical is-content-justification-left is-layout-flex wp-container-core-group-is-layout-dd225191 wp-block-group-is-layout-flex\" style=\"min-height:100%\">\n<div class=\"wp-block-group has-global-padding is-layout-constrained wp-container-core-group-is-layout-c2c74634 wp-block-group-is-layout-constrained\" style=\"border-top-style:none;border-top-width:0px;border-right-style:none;border-right-width:0px;border-bottom-style:none;border-bottom-width:0px;border-left-color:var(--wp--preset--color--custom-aj-logo-red);border-left-width:4px;padding-top:8px;padding-right:var(--wp--preset--spacing--10);padding-bottom:8px;padding-left:var(--wp--preset--spacing--10)\">\n<h1 class=\"wp-block-heading has-custom-aj-logo-blue-color has-text-color has-link-color has-medium-font-size wp-elements-cb19a7659c95cdd2313dfe79e7197f63\">Our Services<\/h1>\n<\/div>\n\n\n\n<h2 class=\"wp-block-heading has-xx-large-font-size\">U Visa<\/h2>\n\n\n\n<p>At <strong>Abogada Julia &#8211; GF Immigration Law<\/strong>, creemos en ofrecerle la protecci\u00f3n que necesita para avanzar hacia un futuro m\u00e1s seguro. Si ha sido v\u00edctima de un delito y ha cooperado con las autoridades, podr\u00eda calificar para la <strong>U Visa<\/strong>. Nuestro compromiso es ayudarle en cada paso del proceso, luchando por su seguridad y sus derechos.<\/p>\n\n\n\n<div class=\"wp-block-buttons alignwide is-vertical is-nowrap is-layout-flex wp-container-core-buttons-is-layout-c305976a wp-block-buttons-is-layout-flex\" style=\"margin-top:var(--wp--preset--spacing--20);margin-bottom:var(--wp--preset--spacing--20)\">\n<div class=\"wp-block-button\"><a class=\"wp-block-button__link has-custom-aj-logo-red-background-color has-background wp-element-button\" href=\"tel:+18779260808\">Call us for a FREE case revision<\/a><\/div>\n<\/div>\n<\/div>\n<\/div>\n\n\n\n<div class=\"wp-block-column is-vertically-aligned-center is-layout-flow wp-block-column-is-layout-flow\" style=\"flex-basis:45%\">\n<div class=\"wp-block-group has-global-padding is-content-justification-left is-layout-constrained wp-container-core-group-is-layout-c4d06299 wp-block-group-is-layout-constrained\">\n<\/div>\n\n\n\n<div class=\"wp-block-group has-global-padding is-content-justification-left is-layout-constrained wp-container-core-group-is-layout-c4d06299 wp-block-group-is-layout-constrained\"><\/p>\n\n\n\n<figure class=\"wp-block-embed is-type-video is-provider-youtube wp-block-embed-youtube wp-embed-aspect-16-9 wp-has-aspect-ratio\"><div class=\"wp-block-embed__wrapper\">\n<iframe loading=\"lazy\" title=\"P\u00edldoras de Inmigracion: La Visa U, C\u00f3mo Calificar y Beneficiarse para Arreglar sus papeles en EE.UU\" width=\"500\" height=\"281\" src=\"https:\/\/www.youtube.com\/embed\/OGvLAz5KTSk?feature=oembed\" frameborder=\"0\" allow=\"accelerometer; autoplay; clipboard-write; encrypted-media; gyroscope; picture-in-picture; web-share\" referrerpolicy=\"strict-origin-when-cross-origin\" allowfullscreen><\/iframe>\n<\/div><\/figure>\n\n\n\n\n<p>\n<\/div>\n\n\n\n<div class=\"wp-block-group has-global-padding is-content-justification-left is-layout-constrained wp-container-core-group-is-layout-c4d06299 wp-block-group-is-layout-constrained\">\n<\/div>\n<\/div>\n<\/div>\n<\/div>\n\n\n\n<div class=\"wp-block-group alignwide has-base-background-color has-background is-layout-flow wp-block-group-is-layout-flow\" style=\"margin-top:0;margin-bottom:0;padding-top:var(--wp--preset--spacing--30);padding-right:var(--wp--preset--spacing--50);padding-bottom:var(--wp--preset--spacing--50);padding-left:var(--wp--preset--spacing--50)\">\n<div class=\"wp-block-group has-global-padding is-layout-constrained wp-container-core-group-is-layout-530ec779 wp-block-group-is-layout-constrained\">\n<h3 class=\"wp-block-heading has-custom-aj-logo-red-color has-text-color has-link-color wp-elements-2ce0a26ffa4a4b7bb7c1a62c038b49ce\">What is the U Visa?<\/h3>\n\n\n\n<p>The U Visa is available to individuals who have been victims of certain crimes in the United States and have cooperated with authorities in the investigation or prosecution of the crime. This visa offers a pathway to protection for those who have suffered harm and are seeking an opportunity to establish legal status in the country.<\/p>\n\n\n\n<div style=\"color:#ddd\" class=\"wp-block-genesis-blocks-gb-spacer gb-block-spacer gb-divider-solid gb-divider-size-1\"><hr style=\"height:30px\"\/><\/div>\n\n\n\n<h4 class=\"wp-block-heading has-custom-aj-logo-red-color has-text-color has-link-color wp-elements-c03da0becf5f39f8b6e989cd27fb5e62\">Who qualifies?<\/h4>\n\n\n\n<p>If you have been a victim of domestic violence, assault, kidnapping, or any other violent crime and have cooperated with the police, you may be eligible for the U Visa.<\/p>\n\n\n\n<div style=\"color:#ddd\" class=\"wp-block-genesis-blocks-gb-spacer gb-block-spacer gb-divider-solid gb-divider-size-1\"><hr style=\"height:30px\"\/><\/div>\n\n\n\n<h4 class=\"wp-block-heading has-custom-aj-logo-red-color has-text-color has-link-color wp-elements-7571e49f42c7a4d7b82f0a4e023f6f86\">Key Benefits:<\/h4>\n\n\n\n<ul class=\"wp-block-list\">\n<li>Temporary work permit during the process.<\/li>\n\n\n\n<li>Posibilidad de obtener la residencia permanente despues de  tres a\u00f1os.<\/li>\n<\/ul>\n<\/div>\n<\/div>\n\n\n\n<div class=\"wp-block-group alignfull has-global-padding is-layout-constrained wp-container-core-group-is-layout-d89aad35 wp-block-group-is-layout-constrained\" style=\"margin-top:0;margin-bottom:0;padding-top:var(--wp--preset--spacing--50);padding-right:var(--wp--preset--spacing--50);padding-bottom:var(--wp--preset--spacing--50);padding-left:var(--wp--preset--spacing--50)\">\n<div class=\"wp-block-columns alignwide is-layout-flex wp-container-core-columns-is-layout-2c8f09fd wp-block-columns-is-layout-flex\">\n<div class=\"wp-block-column is-vertically-aligned-top is-layout-flow wp-block-column-is-layout-flow\" style=\"flex-basis:75%\">\n<figure class=\"wp-block-image size-full is-style-rounded is-style-rounded--1\"><img loading=\"lazy\" decoding=\"async\" width=\"1280\" height=\"1920\" src=\"https:\/\/abogadajulia.com\/wp-content\/uploads\/2024\/09\/Servicesfooter.avif\" alt=\"\" class=\"wp-image-1624\" style=\"aspect-ratio:4\/3;object-fit:cover\" srcset=\"https:\/\/abogadajulia.com\/wp-content\/uploads\/2024\/09\/Servicesfooter.avif 1280w, https:\/\/abogadajulia.com\/wp-content\/uploads\/2024\/09\/Servicesfooter-200x300.avif 200w, https:\/\/abogadajulia.com\/wp-content\/uploads\/2024\/09\/Servicesfooter-683x1024.avif 683w, https:\/\/abogadajulia.com\/wp-content\/uploads\/2024\/09\/Servicesfooter-768x1152.avif 768w, https:\/\/abogadajulia.com\/wp-content\/uploads\/2024\/09\/Servicesfooter-1024x1536.avif 1024w, https:\/\/abogadajulia.com\/wp-content\/uploads\/2024\/09\/Servicesfooter-8x12.avif 8w\" sizes=\"auto, (max-width: 1280px) 100vw, 1280px\" \/><\/figure>\n<\/div>\n\n\n\n<div class=\"wp-block-column is-vertically-aligned-center is-layout-flow wp-block-column-is-layout-flow\" style=\"flex-basis:60%\">\n<h2 class=\"wp-block-heading has-text-align-left has-custom-aj-logo-black-color has-text-color has-link-color has-large-font-size wp-elements-25f699f61672a56e31a3d165b5092dd3\"><strong>Ready to take the first step towards a better future in the United States?<\/strong><\/h2>\n\n\n\n<p class=\"has-text-align-left has-custom-aj-logo-black-color has-text-color has-link-color wp-elements-25bef0046d4050805f823b64dbeac466\">Ll\u00e1menos hoy para una revisi\u00f3n GRATIS. En <strong>Abogada Julia &#8211; GF Immigration Law<\/strong>, su futuro empieza con una llamada.<\/p>\n\n\n\n<div class=\"wp-block-buttons is-content-justification-left is-layout-flex wp-container-core-buttons-is-layout-fc4fd283 wp-block-buttons-is-layout-flex\">\n<div class=\"wp-block-button\"><a class=\"wp-block-button__link has-custom-aj-logo-red-background-color has-background has-medium-font-size has-custom-font-size wp-element-button\" href=\"tel:+18779260808\">CALL US<\/a><\/div>\n<\/div>\n<\/div>\n<\/div>\n<\/div>","protected":false},"excerpt":{"rendered":"<p>Nuestros Servicios Visa U En Abogada Julia &#8211; GF Immigration Law, creemos en ofrecerle la protecci\u00f3n que necesita para avanzar hacia un futuro m\u00e1s seguro. Si ha sido v\u00edctima de un delito y ha cooperado con las autoridades, podr\u00eda calificar para la Visa U. Nuestro compromiso es ayudarle en cada paso del proceso, luchando por [&hellip;]<\/p>\n","protected":false},"author":1,"featured_media":0,"parent":46,"menu_order":0,"comment_status":"closed","ping_status":"closed","template":"","meta":{"footnotes":""},"class_list":["post-1152","page","type-page","status-publish","hentry"],"yoast_head":"<!-- This site is optimized with the Yoast SEO plugin v27.0 - https:\/\/yoast.com\/product\/yoast-seo-wordpress\/ -->\n<title>Visa U - Abogada de Inmigraci\u00f3n - Experta en Visa T - Abogada Julia<\/title>\n<meta name=\"robots\" content=\"index, follow, max-snippet:-1, max-image-preview:large, max-video-preview:-1\" \/>\n<link rel=\"canonical\" href=\"https:\/\/abogadajulia.com\/en\/servicios\/visa-u\/\" \/>\n<meta property=\"og:locale\" content=\"en_US\" \/>\n<meta property=\"og:type\" content=\"article\" \/>\n<meta property=\"og:title\" content=\"Visa U - Abogada de Inmigraci\u00f3n - Experta en Visa T - Abogada Julia\" \/>\n<meta property=\"og:description\" content=\"Nuestros Servicios Visa U En Abogada Julia &#8211; GF Immigration Law, creemos en ofrecerle la protecci\u00f3n que necesita para avanzar hacia un futuro m\u00e1s seguro. Si ha sido v\u00edctima de un delito y ha cooperado con las autoridades, podr\u00eda calificar para la Visa U. Nuestro compromiso es ayudarle en cada paso del proceso, luchando por [&hellip;]\" \/>\n<meta property=\"og:url\" content=\"https:\/\/abogadajulia.com\/en\/servicios\/visa-u\/\" \/>\n<meta property=\"og:site_name\" content=\"Abogada de Inmigraci\u00f3n - Experta en Visa T - Abogada Julia\" \/>\n<meta property=\"article:publisher\" content=\"https:\/\/www.facebook.com\/abogadadeinmigracionjulia\/\" \/>\n<meta property=\"article:modified_time\" content=\"2026-01-13T21:04:51+00:00\" \/>\n<meta name=\"twitter:card\" content=\"summary_large_image\" \/>\n<meta name=\"twitter:label1\" content=\"Est. reading time\" \/>\n\t<meta name=\"twitter:data1\" content=\"2 minutes\" \/>\n<script type=\"application\/ld+json\" class=\"yoast-schema-graph\">{\"@context\":\"https:\/\/schema.org\",\"@graph\":[{\"@type\":\"WebPage\",\"@id\":\"https:\/\/abogadajulia.com\/servicios\/visa-u\/\",\"url\":\"https:\/\/abogadajulia.com\/servicios\/visa-u\/\",\"name\":\"Visa U - Abogada de Inmigraci\u00f3n - Experta en Visa T - Abogada Julia\",\"isPartOf\":{\"@id\":\"https:\/\/abogadajulia.com\/#website\"},\"primaryImageOfPage\":{\"@id\":\"https:\/\/abogadajulia.com\/servicios\/visa-u\/#primaryimage\"},\"image\":{\"@id\":\"https:\/\/abogadajulia.com\/servicios\/visa-u\/#primaryimage\"},\"thumbnailUrl\":\"https:\/\/abogadajulia.com\/wp-content\/uploads\/2024\/10\/Website_images_Servicios_UVISA-1024x576.avif\",\"datePublished\":\"2024-08-23T15:01:03+00:00\",\"dateModified\":\"2026-01-13T21:04:51+00:00\",\"breadcrumb\":{\"@id\":\"https:\/\/abogadajulia.com\/servicios\/visa-u\/#breadcrumb\"},\"inLanguage\":\"en-US\",\"potentialAction\":[{\"@type\":\"ReadAction\",\"target\":[\"https:\/\/abogadajulia.com\/servicios\/visa-u\/\"]}]},{\"@type\":\"ImageObject\",\"inLanguage\":\"en-US\",\"@id\":\"https:\/\/abogadajulia.com\/servicios\/visa-u\/#primaryimage\",\"url\":\"https:\/\/abogadajulia.com\/wp-content\/uploads\/2024\/10\/Website_images_Servicios_UVISA-1024x576.avif\",\"contentUrl\":\"https:\/\/abogadajulia.com\/wp-content\/uploads\/2024\/10\/Website_images_Servicios_UVISA-1024x576.avif\"},{\"@type\":\"BreadcrumbList\",\"@id\":\"https:\/\/abogadajulia.com\/servicios\/visa-u\/#breadcrumb\",\"itemListElement\":[{\"@type\":\"ListItem\",\"position\":1,\"name\":\"Home\",\"item\":\"https:\/\/abogadajulia.com\/\"},{\"@type\":\"ListItem\",\"position\":2,\"name\":\"Servicios de la Abogada Julia\",\"item\":\"https:\/\/abogadajulia.com\/servicios\/\"},{\"@type\":\"ListItem\",\"position\":3,\"name\":\"Visa U\"}]},{\"@type\":\"WebSite\",\"@id\":\"https:\/\/abogadajulia.com\/#website\",\"url\":\"https:\/\/abogadajulia.com\/\",\"name\":\"Abogada de Inmigraci\u00f3n - Experta en Visa T - Abogada Julia\",\"description\":\"Abogada de Inmigraci\u00f3n - Experta en Visa T\",\"publisher\":{\"@id\":\"https:\/\/abogadajulia.com\/#organization\"},\"potentialAction\":[{\"@type\":\"SearchAction\",\"target\":{\"@type\":\"EntryPoint\",\"urlTemplate\":\"https:\/\/abogadajulia.com\/?s={search_term_string}\"},\"query-input\":{\"@type\":\"PropertyValueSpecification\",\"valueRequired\":true,\"valueName\":\"search_term_string\"}}],\"inLanguage\":\"en-US\"},{\"@type\":\"Organization\",\"@id\":\"https:\/\/abogadajulia.com\/#organization\",\"name\":\"Abogada de Inmigraci\u00f3n - Experta en Visa T - Abogada Julia\",\"url\":\"https:\/\/abogadajulia.com\/\",\"logo\":{\"@type\":\"ImageObject\",\"inLanguage\":\"en-US\",\"@id\":\"https:\/\/abogadajulia.com\/#\/schema\/logo\/image\/\",\"url\":\"https:\/\/abogadajulia.com\/wp-content\/uploads\/2025\/09\/AJ-GFI_Color_Logo-scaled.png\",\"contentUrl\":\"https:\/\/abogadajulia.com\/wp-content\/uploads\/2025\/09\/AJ-GFI_Color_Logo-scaled.png\",\"width\":2560,\"height\":510,\"caption\":\"Abogada de Inmigraci\u00f3n - Experta en Visa T - Abogada Julia\"},\"image\":{\"@id\":\"https:\/\/abogadajulia.com\/#\/schema\/logo\/image\/\"},\"sameAs\":[\"https:\/\/www.facebook.com\/abogadadeinmigracionjulia\/\",\"https:\/\/www.instagram.com\/abogadadeinmigracionjulia\/\",\"https:\/\/www.tiktok.com\/@abogadajulia\",\"https:\/\/www.youtube.com\/channel\/UCgnxaArpnMIRx_2yhI2EYFA\"]}]}<\/script>\n<!-- \/ Yoast SEO plugin. -->","yoast_head_json":{"title":"Visa U - Abogada de Inmigraci\u00f3n - Experta en Visa T - Abogada Julia","robots":{"index":"index","follow":"follow","max-snippet":"max-snippet:-1","max-image-preview":"max-image-preview:large","max-video-preview":"max-video-preview:-1"},"canonical":"https:\/\/abogadajulia.com\/en\/servicios\/visa-u\/","og_locale":"en_US","og_type":"article","og_title":"Visa U - Abogada de Inmigraci\u00f3n - Experta en Visa T - Abogada Julia","og_description":"Nuestros Servicios Visa U En Abogada Julia &#8211; GF Immigration Law, creemos en ofrecerle la protecci\u00f3n que necesita para avanzar hacia un futuro m\u00e1s seguro. Si ha sido v\u00edctima de un delito y ha cooperado con las autoridades, podr\u00eda calificar para la Visa U. Nuestro compromiso es ayudarle en cada paso del proceso, luchando por [&hellip;]","og_url":"https:\/\/abogadajulia.com\/en\/servicios\/visa-u\/","og_site_name":"Abogada de Inmigraci\u00f3n - Experta en Visa T - Abogada Julia","article_publisher":"https:\/\/www.facebook.com\/abogadadeinmigracionjulia\/","article_modified_time":"2026-01-13T21:04:51+00:00","twitter_card":"summary_large_image","twitter_misc":{"Est. reading time":"2 minutes"},"schema":{"@context":"https:\/\/schema.org","@graph":[{"@type":"WebPage","@id":"https:\/\/abogadajulia.com\/servicios\/visa-u\/","url":"https:\/\/abogadajulia.com\/servicios\/visa-u\/","name":"Visa U - Abogada de Inmigraci\u00f3n - Experta en Visa T - Abogada Julia","isPartOf":{"@id":"https:\/\/abogadajulia.com\/#website"},"primaryImageOfPage":{"@id":"https:\/\/abogadajulia.com\/servicios\/visa-u\/#primaryimage"},"image":{"@id":"https:\/\/abogadajulia.com\/servicios\/visa-u\/#primaryimage"},"thumbnailUrl":"https:\/\/abogadajulia.com\/wp-content\/uploads\/2024\/10\/Website_images_Servicios_UVISA-1024x576.avif","datePublished":"2024-08-23T15:01:03+00:00","dateModified":"2026-01-13T21:04:51+00:00","breadcrumb":{"@id":"https:\/\/abogadajulia.com\/servicios\/visa-u\/#breadcrumb"},"inLanguage":"en-US","potentialAction":[{"@type":"ReadAction","target":["https:\/\/abogadajulia.com\/servicios\/visa-u\/"]}]},{"@type":"ImageObject","inLanguage":"en-US","@id":"https:\/\/abogadajulia.com\/servicios\/visa-u\/#primaryimage","url":"https:\/\/abogadajulia.com\/wp-content\/uploads\/2024\/10\/Website_images_Servicios_UVISA-1024x576.avif","contentUrl":"https:\/\/abogadajulia.com\/wp-content\/uploads\/2024\/10\/Website_images_Servicios_UVISA-1024x576.avif"},{"@type":"BreadcrumbList","@id":"https:\/\/abogadajulia.com\/servicios\/visa-u\/#breadcrumb","itemListElement":[{"@type":"ListItem","position":1,"name":"Home","item":"https:\/\/abogadajulia.com\/"},{"@type":"ListItem","position":2,"name":"Servicios de la Abogada Julia","item":"https:\/\/abogadajulia.com\/servicios\/"},{"@type":"ListItem","position":3,"name":"Visa U"}]},{"@type":"WebSite","@id":"https:\/\/abogadajulia.com\/#website","url":"https:\/\/abogadajulia.com\/","name":"Abogada de Inmigraci\u00f3n - Experta en Visa T - Abogada Julia","description":"Abogada de Inmigraci\u00f3n - Experta en Visa T","publisher":{"@id":"https:\/\/abogadajulia.com\/#organization"},"potentialAction":[{"@type":"SearchAction","target":{"@type":"EntryPoint","urlTemplate":"https:\/\/abogadajulia.com\/?s={search_term_string}"},"query-input":{"@type":"PropertyValueSpecification","valueRequired":true,"valueName":"search_term_string"}}],"inLanguage":"en-US"},{"@type":"Organization","@id":"https:\/\/abogadajulia.com\/#organization","name":"Abogada de Inmigraci\u00f3n - Experta en Visa T - Abogada Julia","url":"https:\/\/abogadajulia.com\/","logo":{"@type":"ImageObject","inLanguage":"en-US","@id":"https:\/\/abogadajulia.com\/#\/schema\/logo\/image\/","url":"https:\/\/abogadajulia.com\/wp-content\/uploads\/2025\/09\/AJ-GFI_Color_Logo-scaled.png","contentUrl":"https:\/\/abogadajulia.com\/wp-content\/uploads\/2025\/09\/AJ-GFI_Color_Logo-scaled.png","width":2560,"height":510,"caption":"Abogada de Inmigraci\u00f3n - Experta en Visa T - Abogada Julia"},"image":{"@id":"https:\/\/abogadajulia.com\/#\/schema\/logo\/image\/"},"sameAs":["https:\/\/www.facebook.com\/abogadadeinmigracionjulia\/","https:\/\/www.instagram.com\/abogadadeinmigracionjulia\/","https:\/\/www.tiktok.com\/@abogadajulia","https:\/\/www.youtube.com\/channel\/UCgnxaArpnMIRx_2yhI2EYFA"]}]}},"featured_image_src":null,"featured_image_src_square":null,"_links":{"self":[{"href":"https:\/\/abogadajulia.com\/en\/wp-json\/wp\/v2\/pages\/1152","targetHints":{"allow":["GET"]}}],"collection":[{"href":"https:\/\/abogadajulia.com\/en\/wp-json\/wp\/v2\/pages"}],"about":[{"href":"https:\/\/abogadajulia.com\/en\/wp-json\/wp\/v2\/types\/page"}],"author":[{"embeddable":true,"href":"https:\/\/abogadajulia.com\/en\/wp-json\/wp\/v2\/users\/1"}],"replies":[{"embeddable":true,"href":"https:\/\/abogadajulia.com\/en\/wp-json\/wp\/v2\/comments?post=1152"}],"version-history":[{"count":19,"href":"https:\/\/abogadajulia.com\/en\/wp-json\/wp\/v2\/pages\/1152\/revisions"}],"predecessor-version":[{"id":3100,"href":"https:\/\/abogadajulia.com\/en\/wp-json\/wp\/v2\/pages\/1152\/revisions\/3100"}],"up":[{"embeddable":true,"href":"https:\/\/abogadajulia.com\/en\/wp-json\/wp\/v2\/pages\/46"}],"wp:attachment":[{"href":"https:\/\/abogadajulia.com\/en\/wp-json\/wp\/v2\/media?parent=1152"}],"curies":[{"name":"wp","href":"https:\/\/api.w.org\/{rel}","templated":true}]}}