{"id":1150,"date":"2024-08-23T15:00:30","date_gmt":"2024-08-23T15:00:30","guid":{"rendered":"https:\/\/abogadajulia.com\/?page_id=1150"},"modified":"2026-01-13T21:03:55","modified_gmt":"2026-01-13T21:03:55","slug":"vawa","status":"publish","type":"page","link":"https:\/\/abogadajulia.com\/en\/servicios\/vawa\/","title":{"rendered":"VAWA case"},"content":{"rendered":"<div class=\"wp-block-group alignwide has-base-background-color has-background has-global-padding is-layout-constrained wp-container-core-group-is-layout-06621e2f wp-block-group-is-layout-constrained\" style=\"margin-top:0;margin-bottom:0;padding-top:var(--wp--preset--spacing--50);padding-right:var(--wp--preset--spacing--50);padding-bottom:var(--wp--preset--spacing--30);padding-left:var(--wp--preset--spacing--50)\">\n<div class=\"wp-block-columns alignwide is-layout-flex wp-container-core-columns-is-layout-2c8f09fd wp-block-columns-is-layout-flex\">\n<div class=\"wp-block-column is-vertically-aligned-top is-layout-flow wp-block-column-is-layout-flow\" style=\"flex-basis:65%\">\n<div class=\"wp-block-group is-vertical is-content-justification-left is-layout-flex wp-container-core-group-is-layout-994fc1a2 wp-block-group-is-layout-flex\" style=\"min-height:100%\">\n<div class=\"wp-block-group has-global-padding is-layout-constrained wp-container-core-group-is-layout-c2c74634 wp-block-group-is-layout-constrained\" style=\"border-top-style:none;border-top-width:0px;border-right-style:none;border-right-width:0px;border-bottom-style:none;border-bottom-width:0px;border-left-color:var(--wp--preset--color--custom-aj-logo-red);border-left-width:4px;padding-top:8px;padding-right:var(--wp--preset--spacing--10);padding-bottom:8px;padding-left:var(--wp--preset--spacing--10)\">\n<h1 class=\"wp-block-heading has-custom-aj-logo-blue-color has-text-color has-link-color has-medium-font-size wp-elements-cb19a7659c95cdd2313dfe79e7197f63\">Our Services<\/h1>\n<\/div>\n\n\n\n<h2 class=\"wp-block-heading has-x-large-font-size\">VAWA case<\/h2>\n\n\n\n<p>At&nbsp;<strong>Abogada Julia &#8211; GF Immigration Law<\/strong>, we open doors to a brighter future. If you have suffered domestic violence or abuse by your U.S. citizen or permanent resident spouse, or by your children, U.S. citizens or residents, over the age of 21, you may qualify for&nbsp;<strong>VAWA case<\/strong>.&nbsp;<\/p>\n\n\n\n<p>With&nbsp;<strong>VAWA case<\/strong>, it is possible to obtain a&nbsp;<strong>work permit<\/strong>&nbsp;while your case is pending. We are committed to supporting you at every step of the journey, fighting for your rights and helping you achieve the safety and stability you deserve.<\/p>\n\n\n\n<div class=\"wp-block-buttons is-vertical is-nowrap is-layout-flex wp-container-core-buttons-is-layout-4d991a19 wp-block-buttons-is-layout-flex\" style=\"margin-top:var(--wp--preset--spacing--20);margin-bottom:var(--wp--preset--spacing--20)\">\n<div class=\"wp-block-button\"><a class=\"wp-block-button__link has-custom-aj-logo-red-background-color has-background wp-element-button\" href=\"tel:+18779260808\">Call us for a FREE case revision<\/a><\/div>\n<\/div>\n<\/div>\n<\/div>\n\n\n\n<div class=\"wp-block-column is-vertically-aligned-center is-layout-flow wp-block-column-is-layout-flow\" style=\"flex-basis:45%\">\n<div class=\"wp-block-group has-global-padding is-content-justification-left is-layout-constrained wp-container-core-group-is-layout-c4d06299 wp-block-group-is-layout-constrained\">\n<\/div>\n\n\n\n<div class=\"wp-block-group has-global-padding is-content-justification-left is-layout-constrained wp-container-core-group-is-layout-c4d06299 wp-block-group-is-layout-constrained\"><\/p>\n\n\n\n\n\n<figure class=\"wp-block-embed is-type-video is-provider-youtube wp-block-embed-youtube wp-embed-aspect-16-9 wp-has-aspect-ratio\"><div class=\"wp-block-embed__wrapper\">\n<iframe loading=\"lazy\" title=\"P\u00edldoras de Inmigraci\u00f3n: Todo sobre VAWA quien califica y c\u00f3mo puede ayudarte a arreglar tus papeles\" width=\"500\" height=\"281\" src=\"https:\/\/www.youtube.com\/embed\/YwAv2x7YrwY?feature=oembed\" frameborder=\"0\" allow=\"accelerometer; autoplay; clipboard-write; encrypted-media; gyroscope; picture-in-picture; web-share\" referrerpolicy=\"strict-origin-when-cross-origin\" allowfullscreen><\/iframe>\n<\/div><\/figure>\n\n\n<p>\n<\/div>\n\n\n\n<div class=\"wp-block-group has-global-padding is-content-justification-left is-layout-constrained wp-container-core-group-is-layout-c4d06299 wp-block-group-is-layout-constrained\">\n<\/div>\n<\/div>\n<\/div>\n<\/div>\n\n\n\n<div class=\"wp-block-group alignwide has-base-background-color has-background is-layout-flow wp-block-group-is-layout-flow\" style=\"margin-top:0;margin-bottom:0;padding-top:var(--wp--preset--spacing--30);padding-right:var(--wp--preset--spacing--50);padding-bottom:var(--wp--preset--spacing--50);padding-left:var(--wp--preset--spacing--50)\">\n<div class=\"wp-block-group has-global-padding is-layout-constrained wp-container-core-group-is-layout-530ec779 wp-block-group-is-layout-constrained\">\n<h3 class=\"wp-block-heading has-custom-aj-logo-red-color has-text-color has-link-color wp-elements-51af074586b73aa496bf5fdced248f22\"><strong>What is VAWA and how do I know if I qualify?<\/strong><\/h3>\n\n\n\n<p>VAWA is a self-petition that provides protection from immigration, confidentiality, and the opportunity to adjust your immigration status independently for those who have experienced family issues such as control, abuse, or threats. Physical evidence, like police reports, is not required to qualify.<\/p>\n\n\n\n<div style=\"color:#ddd\" class=\"wp-block-genesis-blocks-gb-spacer gb-block-spacer gb-divider-solid gb-divider-size-1\"><hr style=\"height:30px\"\/><\/div>\n\n\n\n<h4 class=\"wp-block-heading has-custom-aj-logo-red-color has-text-color has-link-color wp-elements-75d226c8bf81256995528ddc39414726\"><strong>Who is eligible?<\/strong><\/h4>\n\n\n\n<ul class=\"wp-block-list\">\n<li>People married to U.S. citizens or legal residents.<\/li>\n\n\n\n<li>People divorced from a U.S. citizen or legal resident within the last 2 years.<\/li>\n\n\n\n<li>Widows or widowers of a U.S. citizen who passed away less than 2 years ago.<\/li>\n\n\n\n<li>Parents of U.S. citizen children who are over 21 years old.<\/li>\n\n\n\n<li>Children under 21 years old of a U.S. citizen.<\/li>\n<\/ul>\n\n\n\n<p>Both men and women can qualify. The petition is confidential and does not involve any family members. It is not necessary to divorce your spouse to qualify, and a police report is not required, as your statement of what happened is the most important evidence.<\/p>\n\n\n\n<p>There are situations that occur within the home that may seem normal to the family, but the law may view them as \"issues\" that could qualify for a VAWA case. Many people are unaware that certain family situations may qualify for this type of case. Family issues can include, for example, financial and personal control, contempt, threats, intimidation, sexual control, yelling, insults, excessive jealousy, and physical abuse.&nbsp;<\/p>\n\n\n\n<p>Family issues with children can also manifest as disrespect, rebellion, substance use (like alcohol or drugs), manipulation, or mocking you for not speaking English, your lack of education, or general knowledge. This mistreatment may extend to being forced to do unwanted things, feeling threatened or intimidated.<\/p>\n\n\n\n<p>Some examples of situations that could qualify:<\/p>\n\n\n\n<ul class=\"wp-block-list\">\n<li>Not having access to your own money.<\/li>\n\n\n\n<li>A partner constantly checking your location.<\/li>\n\n\n\n<li>A partner sharing and controlling your social media.<\/li>\n\n\n\n<li>Withholding your passport or making immigration-related threats.<\/li>\n\n\n\n<li>Sexual control in the intimate relationship.<\/li>\n\n\n\n<li>Yelling, insults, or excessive jealousy where they constantly monitor your social media or isolate you from friends and family.<\/li>\n\n\n\n<li>Rebellious children.<\/li>\n<\/ul>\n\n\n\n<p>However, every family dynamic is different, and these are just a few examples. There are many other family situations and dynamics that could qualify for this type of case.<\/p>\n\n\n\n<p>Filing a VAWA petition allows you to adjust your status independently. It does not redefine your relationships (for example, you do not need to get divorced), and it does not require you to have suffered physical violence or to have a police report.&nbsp;<\/p>\n\n\n\n<p>Algunos casos de VAWA pueden ser presentados junto con una solicitud de residencia, o como un caso de VAWA independiente que te puede dar un permiso de trabajo. Estos son s\u00f3lo algunos de los ejemplos y se\u00f1ales de alarma. Si cree que alguno de los puntos anteriores puede aplicarse a su situaci\u00f3n, podemos ayudarlo a evaluar su caso.<\/p>\n\n\n\n<div style=\"color:#ddd\" class=\"wp-block-genesis-blocks-gb-spacer gb-block-spacer gb-divider-solid gb-divider-size-1\"><hr style=\"height:30px\"\/><\/div>\n\n\n\n<h4 class=\"wp-block-heading has-custom-aj-logo-red-color has-text-color has-link-color wp-elements-657f392db077330572f0c03d96cd73a1\">Can men qualify for a VAWA case?<\/h4>\n\n\n\n<p>Yes, men can also qualify for a VAWA case as abuse does not distinguish between genders. If you are a man and have lived in a situation where you feel, for example, controlled, threatened, or mistreated by your U.S. citizen or legal resident spouse, or by your U.S. citizen children over the age of 21, you may be eligible for a VAWA case.&nbsp;<\/p>\n<\/div>\n<\/div>\n\n\n\n<div class=\"wp-block-group alignfull has-global-padding is-layout-constrained wp-container-core-group-is-layout-d89aad35 wp-block-group-is-layout-constrained\" style=\"margin-top:0;margin-bottom:0;padding-top:var(--wp--preset--spacing--50);padding-right:var(--wp--preset--spacing--50);padding-bottom:var(--wp--preset--spacing--50);padding-left:var(--wp--preset--spacing--50)\">\n<div class=\"wp-block-columns alignwide is-layout-flex wp-container-core-columns-is-layout-2c8f09fd wp-block-columns-is-layout-flex\">\n<div class=\"wp-block-column is-vertically-aligned-top is-layout-flow wp-block-column-is-layout-flow\" style=\"flex-basis:75%\">\n<figure class=\"wp-block-image size-full is-style-rounded is-style-rounded--1\"><img loading=\"lazy\" decoding=\"async\" width=\"1280\" height=\"1920\" src=\"https:\/\/abogadajulia.com\/wp-content\/uploads\/2024\/09\/Servicesfooter.avif\" alt=\"\" class=\"wp-image-1624\" style=\"aspect-ratio:4\/3;object-fit:cover\" srcset=\"https:\/\/abogadajulia.com\/wp-content\/uploads\/2024\/09\/Servicesfooter.avif 1280w, https:\/\/abogadajulia.com\/wp-content\/uploads\/2024\/09\/Servicesfooter-200x300.avif 200w, https:\/\/abogadajulia.com\/wp-content\/uploads\/2024\/09\/Servicesfooter-683x1024.avif 683w, https:\/\/abogadajulia.com\/wp-content\/uploads\/2024\/09\/Servicesfooter-768x1152.avif 768w, https:\/\/abogadajulia.com\/wp-content\/uploads\/2024\/09\/Servicesfooter-1024x1536.avif 1024w, https:\/\/abogadajulia.com\/wp-content\/uploads\/2024\/09\/Servicesfooter-8x12.avif 8w\" sizes=\"auto, (max-width: 1280px) 100vw, 1280px\" \/><\/figure>\n<\/div>\n\n\n\n<div class=\"wp-block-column is-vertically-aligned-center is-layout-flow wp-block-column-is-layout-flow\" style=\"flex-basis:60%\">\n<h2 class=\"wp-block-heading has-text-align-left has-custom-aj-logo-black-color has-text-color has-link-color has-large-font-size wp-elements-25f699f61672a56e31a3d165b5092dd3\"><strong>Ready to take the first step towards a better future in the United States?<\/strong><\/h2>\n\n\n\n<p class=\"has-text-align-left has-custom-aj-logo-black-color has-text-color has-link-color wp-elements-25bef0046d4050805f823b64dbeac466\">Ll\u00e1menos hoy para una revisi\u00f3n GRATIS. En <strong>Abogada Julia &#8211; GF Immigration Law<\/strong>, su futuro empieza con una llamada.<\/p>\n\n\n\n<div class=\"wp-block-buttons is-content-justification-left is-layout-flex wp-container-core-buttons-is-layout-fc4fd283 wp-block-buttons-is-layout-flex\">\n<div class=\"wp-block-button\"><a class=\"wp-block-button__link has-custom-aj-logo-red-background-color has-background has-medium-font-size has-custom-font-size wp-element-button\" href=\"tel:+18779260808\">CALL US<\/a><\/div>\n<\/div>\n<\/div>\n<\/div>\n<\/div>","protected":false},"excerpt":{"rendered":"<p>Nuestros Servicios VAWA En&nbsp;Abogada Julia &#8211; GF Immigration Law, abrimos oportunidades para un futuro mejor. Si ha sufrido violencia dom\u00e9stica o abuso por parte de su pareja ciudadano estadounidense o residente permanente, o por sus hijos mayores de 21 a\u00f1os,&nbsp; podr\u00eda calificar para&nbsp;VAWA.&nbsp; Con&nbsp;VAWA, es posible obtener un&nbsp;permiso de trabajo&nbsp;mientras su caso est\u00e1 pendiente. Estamos [&hellip;]<\/p>\n","protected":false},"author":1,"featured_media":0,"parent":46,"menu_order":0,"comment_status":"closed","ping_status":"closed","template":"","meta":{"footnotes":""},"class_list":["post-1150","page","type-page","status-publish","hentry"],"yoast_head":"<!-- This site is optimized with the Yoast SEO plugin v27.0 - https:\/\/yoast.com\/product\/yoast-seo-wordpress\/ -->\n<title>VAWA - Abogada de Inmigraci\u00f3n - Experta en Visa T - Abogada Julia<\/title>\n<meta name=\"robots\" content=\"index, follow, max-snippet:-1, max-image-preview:large, max-video-preview:-1\" \/>\n<link rel=\"canonical\" href=\"https:\/\/abogadajulia.com\/en\/servicios\/vawa\/\" \/>\n<meta property=\"og:locale\" content=\"en_US\" \/>\n<meta property=\"og:type\" content=\"article\" \/>\n<meta property=\"og:title\" content=\"VAWA - Abogada de Inmigraci\u00f3n - Experta en Visa T - Abogada Julia\" \/>\n<meta property=\"og:description\" content=\"Nuestros Servicios VAWA En&nbsp;Abogada Julia &#8211; GF Immigration Law, abrimos oportunidades para un futuro mejor. Si ha sufrido violencia dom\u00e9stica o abuso por parte de su pareja ciudadano estadounidense o residente permanente, o por sus hijos mayores de 21 a\u00f1os,&nbsp; podr\u00eda calificar para&nbsp;VAWA.&nbsp; Con&nbsp;VAWA, es posible obtener un&nbsp;permiso de trabajo&nbsp;mientras su caso est\u00e1 pendiente. Estamos [&hellip;]\" \/>\n<meta property=\"og:url\" content=\"https:\/\/abogadajulia.com\/en\/servicios\/vawa\/\" \/>\n<meta property=\"og:site_name\" content=\"Abogada de Inmigraci\u00f3n - Experta en Visa T - Abogada Julia\" \/>\n<meta property=\"article:publisher\" content=\"https:\/\/www.facebook.com\/abogadadeinmigracionjulia\/\" \/>\n<meta property=\"article:modified_time\" content=\"2026-01-13T21:03:55+00:00\" \/>\n<meta name=\"twitter:card\" content=\"summary_large_image\" \/>\n<meta name=\"twitter:label1\" content=\"Est. reading time\" \/>\n\t<meta name=\"twitter:data1\" content=\"4 minutes\" \/>\n<script type=\"application\/ld+json\" class=\"yoast-schema-graph\">{\"@context\":\"https:\/\/schema.org\",\"@graph\":[{\"@type\":\"WebPage\",\"@id\":\"https:\/\/abogadajulia.com\/servicios\/vawa\/\",\"url\":\"https:\/\/abogadajulia.com\/servicios\/vawa\/\",\"name\":\"VAWA - Abogada de Inmigraci\u00f3n - Experta en Visa T - Abogada Julia\",\"isPartOf\":{\"@id\":\"https:\/\/abogadajulia.com\/#website\"},\"primaryImageOfPage\":{\"@id\":\"https:\/\/abogadajulia.com\/servicios\/vawa\/#primaryimage\"},\"image\":{\"@id\":\"https:\/\/abogadajulia.com\/servicios\/vawa\/#primaryimage\"},\"thumbnailUrl\":\"https:\/\/abogadajulia.com\/wp-content\/uploads\/2024\/10\/VAWA_AJ_Logo_website-1024x576.avif\",\"datePublished\":\"2024-08-23T15:00:30+00:00\",\"dateModified\":\"2026-01-13T21:03:55+00:00\",\"breadcrumb\":{\"@id\":\"https:\/\/abogadajulia.com\/servicios\/vawa\/#breadcrumb\"},\"inLanguage\":\"en-US\",\"potentialAction\":[{\"@type\":\"ReadAction\",\"target\":[\"https:\/\/abogadajulia.com\/servicios\/vawa\/\"]}]},{\"@type\":\"ImageObject\",\"inLanguage\":\"en-US\",\"@id\":\"https:\/\/abogadajulia.com\/servicios\/vawa\/#primaryimage\",\"url\":\"https:\/\/abogadajulia.com\/wp-content\/uploads\/2024\/10\/VAWA_AJ_Logo_website-1024x576.avif\",\"contentUrl\":\"https:\/\/abogadajulia.com\/wp-content\/uploads\/2024\/10\/VAWA_AJ_Logo_website-1024x576.avif\"},{\"@type\":\"BreadcrumbList\",\"@id\":\"https:\/\/abogadajulia.com\/servicios\/vawa\/#breadcrumb\",\"itemListElement\":[{\"@type\":\"ListItem\",\"position\":1,\"name\":\"Home\",\"item\":\"https:\/\/abogadajulia.com\/\"},{\"@type\":\"ListItem\",\"position\":2,\"name\":\"Servicios de la Abogada Julia\",\"item\":\"https:\/\/abogadajulia.com\/servicios\/\"},{\"@type\":\"ListItem\",\"position\":3,\"name\":\"VAWA\"}]},{\"@type\":\"WebSite\",\"@id\":\"https:\/\/abogadajulia.com\/#website\",\"url\":\"https:\/\/abogadajulia.com\/\",\"name\":\"Abogada de Inmigraci\u00f3n - Experta en Visa T - Abogada Julia\",\"description\":\"Abogada de Inmigraci\u00f3n - Experta en Visa T\",\"publisher\":{\"@id\":\"https:\/\/abogadajulia.com\/#organization\"},\"potentialAction\":[{\"@type\":\"SearchAction\",\"target\":{\"@type\":\"EntryPoint\",\"urlTemplate\":\"https:\/\/abogadajulia.com\/?s={search_term_string}\"},\"query-input\":{\"@type\":\"PropertyValueSpecification\",\"valueRequired\":true,\"valueName\":\"search_term_string\"}}],\"inLanguage\":\"en-US\"},{\"@type\":\"Organization\",\"@id\":\"https:\/\/abogadajulia.com\/#organization\",\"name\":\"Abogada de Inmigraci\u00f3n - Experta en Visa T - Abogada Julia\",\"url\":\"https:\/\/abogadajulia.com\/\",\"logo\":{\"@type\":\"ImageObject\",\"inLanguage\":\"en-US\",\"@id\":\"https:\/\/abogadajulia.com\/#\/schema\/logo\/image\/\",\"url\":\"https:\/\/abogadajulia.com\/wp-content\/uploads\/2025\/09\/AJ-GFI_Color_Logo-scaled.png\",\"contentUrl\":\"https:\/\/abogadajulia.com\/wp-content\/uploads\/2025\/09\/AJ-GFI_Color_Logo-scaled.png\",\"width\":2560,\"height\":510,\"caption\":\"Abogada de Inmigraci\u00f3n - Experta en Visa T - Abogada Julia\"},\"image\":{\"@id\":\"https:\/\/abogadajulia.com\/#\/schema\/logo\/image\/\"},\"sameAs\":[\"https:\/\/www.facebook.com\/abogadadeinmigracionjulia\/\",\"https:\/\/www.instagram.com\/abogadadeinmigracionjulia\/\",\"https:\/\/www.tiktok.com\/@abogadajulia\",\"https:\/\/www.youtube.com\/channel\/UCgnxaArpnMIRx_2yhI2EYFA\"]}]}<\/script>\n<!-- \/ Yoast SEO plugin. -->","yoast_head_json":{"title":"VAWA - Abogada de Inmigraci\u00f3n - Experta en Visa T - Abogada Julia","robots":{"index":"index","follow":"follow","max-snippet":"max-snippet:-1","max-image-preview":"max-image-preview:large","max-video-preview":"max-video-preview:-1"},"canonical":"https:\/\/abogadajulia.com\/en\/servicios\/vawa\/","og_locale":"en_US","og_type":"article","og_title":"VAWA - Abogada de Inmigraci\u00f3n - Experta en Visa T - Abogada Julia","og_description":"Nuestros Servicios VAWA En&nbsp;Abogada Julia &#8211; GF Immigration Law, abrimos oportunidades para un futuro mejor. Si ha sufrido violencia dom\u00e9stica o abuso por parte de su pareja ciudadano estadounidense o residente permanente, o por sus hijos mayores de 21 a\u00f1os,&nbsp; podr\u00eda calificar para&nbsp;VAWA.&nbsp; Con&nbsp;VAWA, es posible obtener un&nbsp;permiso de trabajo&nbsp;mientras su caso est\u00e1 pendiente. Estamos [&hellip;]","og_url":"https:\/\/abogadajulia.com\/en\/servicios\/vawa\/","og_site_name":"Abogada de Inmigraci\u00f3n - Experta en Visa T - Abogada Julia","article_publisher":"https:\/\/www.facebook.com\/abogadadeinmigracionjulia\/","article_modified_time":"2026-01-13T21:03:55+00:00","twitter_card":"summary_large_image","twitter_misc":{"Est. reading time":"4 minutes"},"schema":{"@context":"https:\/\/schema.org","@graph":[{"@type":"WebPage","@id":"https:\/\/abogadajulia.com\/servicios\/vawa\/","url":"https:\/\/abogadajulia.com\/servicios\/vawa\/","name":"VAWA - Abogada de Inmigraci\u00f3n - Experta en Visa T - Abogada Julia","isPartOf":{"@id":"https:\/\/abogadajulia.com\/#website"},"primaryImageOfPage":{"@id":"https:\/\/abogadajulia.com\/servicios\/vawa\/#primaryimage"},"image":{"@id":"https:\/\/abogadajulia.com\/servicios\/vawa\/#primaryimage"},"thumbnailUrl":"https:\/\/abogadajulia.com\/wp-content\/uploads\/2024\/10\/VAWA_AJ_Logo_website-1024x576.avif","datePublished":"2024-08-23T15:00:30+00:00","dateModified":"2026-01-13T21:03:55+00:00","breadcrumb":{"@id":"https:\/\/abogadajulia.com\/servicios\/vawa\/#breadcrumb"},"inLanguage":"en-US","potentialAction":[{"@type":"ReadAction","target":["https:\/\/abogadajulia.com\/servicios\/vawa\/"]}]},{"@type":"ImageObject","inLanguage":"en-US","@id":"https:\/\/abogadajulia.com\/servicios\/vawa\/#primaryimage","url":"https:\/\/abogadajulia.com\/wp-content\/uploads\/2024\/10\/VAWA_AJ_Logo_website-1024x576.avif","contentUrl":"https:\/\/abogadajulia.com\/wp-content\/uploads\/2024\/10\/VAWA_AJ_Logo_website-1024x576.avif"},{"@type":"BreadcrumbList","@id":"https:\/\/abogadajulia.com\/servicios\/vawa\/#breadcrumb","itemListElement":[{"@type":"ListItem","position":1,"name":"Home","item":"https:\/\/abogadajulia.com\/"},{"@type":"ListItem","position":2,"name":"Servicios de la Abogada Julia","item":"https:\/\/abogadajulia.com\/servicios\/"},{"@type":"ListItem","position":3,"name":"VAWA"}]},{"@type":"WebSite","@id":"https:\/\/abogadajulia.com\/#website","url":"https:\/\/abogadajulia.com\/","name":"Abogada de Inmigraci\u00f3n - Experta en Visa T - Abogada Julia","description":"Abogada de Inmigraci\u00f3n - Experta en Visa T","publisher":{"@id":"https:\/\/abogadajulia.com\/#organization"},"potentialAction":[{"@type":"SearchAction","target":{"@type":"EntryPoint","urlTemplate":"https:\/\/abogadajulia.com\/?s={search_term_string}"},"query-input":{"@type":"PropertyValueSpecification","valueRequired":true,"valueName":"search_term_string"}}],"inLanguage":"en-US"},{"@type":"Organization","@id":"https:\/\/abogadajulia.com\/#organization","name":"Abogada de Inmigraci\u00f3n - Experta en Visa T - Abogada Julia","url":"https:\/\/abogadajulia.com\/","logo":{"@type":"ImageObject","inLanguage":"en-US","@id":"https:\/\/abogadajulia.com\/#\/schema\/logo\/image\/","url":"https:\/\/abogadajulia.com\/wp-content\/uploads\/2025\/09\/AJ-GFI_Color_Logo-scaled.png","contentUrl":"https:\/\/abogadajulia.com\/wp-content\/uploads\/2025\/09\/AJ-GFI_Color_Logo-scaled.png","width":2560,"height":510,"caption":"Abogada de Inmigraci\u00f3n - Experta en Visa T - Abogada Julia"},"image":{"@id":"https:\/\/abogadajulia.com\/#\/schema\/logo\/image\/"},"sameAs":["https:\/\/www.facebook.com\/abogadadeinmigracionjulia\/","https:\/\/www.instagram.com\/abogadadeinmigracionjulia\/","https:\/\/www.tiktok.com\/@abogadajulia","https:\/\/www.youtube.com\/channel\/UCgnxaArpnMIRx_2yhI2EYFA"]}]}},"featured_image_src":null,"featured_image_src_square":null,"_links":{"self":[{"href":"https:\/\/abogadajulia.com\/en\/wp-json\/wp\/v2\/pages\/1150","targetHints":{"allow":["GET"]}}],"collection":[{"href":"https:\/\/abogadajulia.com\/en\/wp-json\/wp\/v2\/pages"}],"about":[{"href":"https:\/\/abogadajulia.com\/en\/wp-json\/wp\/v2\/types\/page"}],"author":[{"embeddable":true,"href":"https:\/\/abogadajulia.com\/en\/wp-json\/wp\/v2\/users\/1"}],"replies":[{"embeddable":true,"href":"https:\/\/abogadajulia.com\/en\/wp-json\/wp\/v2\/comments?post=1150"}],"version-history":[{"count":28,"href":"https:\/\/abogadajulia.com\/en\/wp-json\/wp\/v2\/pages\/1150\/revisions"}],"predecessor-version":[{"id":3099,"href":"https:\/\/abogadajulia.com\/en\/wp-json\/wp\/v2\/pages\/1150\/revisions\/3099"}],"up":[{"embeddable":true,"href":"https:\/\/abogadajulia.com\/en\/wp-json\/wp\/v2\/pages\/46"}],"wp:attachment":[{"href":"https:\/\/abogadajulia.com\/en\/wp-json\/wp\/v2\/media?parent=1150"}],"curies":[{"name":"wp","href":"https:\/\/api.w.org\/{rel}","templated":true}]}}